{"id":753876,"date":"2025-08-28T05:55:10","date_gmt":"2025-08-28T02:55:10","guid":{"rendered":"https:\/\/roveyayinevi.com.tr\/index.php\/urun\/kel-sarkici\/"},"modified":"2026-04-16T03:07:21","modified_gmt":"2026-04-16T00:07:21","slug":"kel-sarkici","status":"publish","type":"product","link":"https:\/\/roveyayinevi.com.tr\/index.php\/urun\/kel-sarkici\/","title":{"rendered":"Kel \u015eark\u0131c\u0131"},"content":{"rendered":"<p>\u201cHayat insana pencereden bakt\u0131r\u0131r.\u201d Uzun bir evlilikten sonra birbirlerine s\u00f6yleyecek kof laflardan ba\u015fka bir \u015feyleri kalmayan Bay ve Bayan Smith\u2019lere, Bay ve Bayan Martin\u2019ler bir ak\u015fam misafirli\u011fe gelir. Martin \u00e7iftinin ili\u015fkisizlikleri \u00f6yle bir noktaya gelmi\u015ftir ki ger\u00e7ekten evli olduklar\u0131na ve bir \u00e7ocuklar\u0131 oldu\u011funa ikna olmalar\u0131 i\u00e7in uzunca bir diyalo\u011fa girmeleri gerekir\u2026     Modern tiyatronun en b\u00fcy\u00fck yenilik\u00e7ilerinden Ionesco \u201ckar\u015f\u0131oyun\u201d olarak niteledi\u011fi ilk oyunu Kel \u015eark\u0131c\u0131\u2019yla dilin trajedisini ortaya koyuyor ve abs\u00fcrd tiyatronun perdesini aral\u0131yor.   Kel \u015eark\u0131c\u0131 1950\u2019deki ilk temsillerinde neredeyse b\u00fct\u00fcn ele\u015ftirmenler taraf\u0131ndan alaya al\u0131nsa da Breton ya da Queneau gibi isimlerin g\u00f6nl\u00fcn\u00fc kazan\u0131r; \u00e7ok ge\u00e7meden modern klasikler aras\u0131nda yerini alm\u0131\u015f ve 1952\u2019den itibaren ayn\u0131 salonda \u2013Le Th\u00e9\u00e2tre de la Huchette\u2013 aral\u0131ks\u0131z oynanma rekorunu k\u0131rarak \u2013yakla\u015f\u0131k 20.000 temsil, iki milyonun \u00fczerinde seyirci\u2013 Fransa\u2019da en \u00e7ok sahnelenen oyunlardan biri olmu\u015ftur. <\/p>\n","protected":false},"excerpt":{"rendered":"<p>\u201cHayat insana pencereden bakt\u0131r\u0131r.\u201d Uzun bir evlilikten sonra birbirlerine s\u00f6yleyecek kof laflardan ba\u015fka bir \u015feyleri kalmayan Bay ve Bayan Smith\u2019lere, Bay ve Bayan Martin\u2019ler bir ak\u015fam<span class=\"excerpt-hellip\"> [\u2026]<\/span><\/p>\n","protected":false},"featured_media":0,"template":"","meta":{"_monsterinsights_skip_tracking":false,"_monsterinsights_sitenote_active":false,"_monsterinsights_sitenote_note":"","_monsterinsights_sitenote_category":0},"product_brand":[],"product_cat":[12291,15566],"product_tag":[],"class_list":{"0":"post-753876","1":"product","2":"type-product","3":"status-publish","5":"product_cat-edebiyat","6":"product_cat-oyun","7":"pa_cilt-ciltsiz","8":"pa_tur-kitap","9":"pa_yayinevi-yapi-kredi-yayinlari-kultur","10":"pa_yazar-eugene-ionesco","12":"first","13":"instock","14":"sale","15":"shipping-taxable","16":"purchasable","17":"product-type-simple"},"_links":{"self":[{"href":"https:\/\/roveyayinevi.com.tr\/index.php\/wp-json\/wp\/v2\/product\/753876","targetHints":{"allow":["GET"]}}],"collection":[{"href":"https:\/\/roveyayinevi.com.tr\/index.php\/wp-json\/wp\/v2\/product"}],"about":[{"href":"https:\/\/roveyayinevi.com.tr\/index.php\/wp-json\/wp\/v2\/types\/product"}],"wp:attachment":[{"href":"https:\/\/roveyayinevi.com.tr\/index.php\/wp-json\/wp\/v2\/media?parent=753876"}],"wp:term":[{"taxonomy":"product_brand","embeddable":true,"href":"https:\/\/roveyayinevi.com.tr\/index.php\/wp-json\/wp\/v2\/product_brand?post=753876"},{"taxonomy":"product_cat","embeddable":true,"href":"https:\/\/roveyayinevi.com.tr\/index.php\/wp-json\/wp\/v2\/product_cat?post=753876"},{"taxonomy":"product_tag","embeddable":true,"href":"https:\/\/roveyayinevi.com.tr\/index.php\/wp-json\/wp\/v2\/product_tag?post=753876"}],"curies":[{"name":"wp","href":"https:\/\/api.w.org\/{rel}","templated":true}]}}