{"id":753875,"date":"2025-08-28T05:55:08","date_gmt":"2025-08-28T02:55:08","guid":{"rendered":"https:\/\/roveyayinevi.com.tr\/index.php\/urun\/kurtun-etkinlik-kitabi-dunya-turu\/"},"modified":"2025-11-21T09:35:21","modified_gmt":"2025-11-21T06:35:21","slug":"kurtun-etkinlik-kitabi-dunya-turu","status":"publish","type":"product","link":"https:\/\/roveyayinevi.com.tr\/index.php\/urun\/kurtun-etkinlik-kitabi-dunya-turu\/","title":{"rendered":"Kurt\u2019un Etkinlik Kitab\u0131- D\u00fcnya Turu"},"content":{"rendered":"<p>Bu\u0308yu\u0308k ku\u0308\u00e7u\u0308k bu\u0308tu\u0308n okurlar\u0131n sevdi\u011fi sevimli karakter Kurt, \u00e7ocuklar i\u00e7in \u00f6zel olarak haz\u0131rlanm\u0131\u015f yepyeni bir etkinlik kitab\u0131yla kar\u015f\u0131n\u0131zda! Kurt\u2019un Etkinlik Kitab\u0131 \u2013 D\u00fcnya Turu k\u0131sa hik\u00e2yeler,oyunlar, bilmeceler, boyamalar ve \u00e7\u0131kartmalar i\u00e7eriyor.   Kurt\u2019un maceralar\u0131 devam edecek. <\/p>\n","protected":false},"excerpt":{"rendered":"<p>Bu\u0308yu\u0308k ku\u0308\u00e7u\u0308k bu\u0308tu\u0308n okurlar\u0131n sevdi\u011fi sevimli karakter Kurt, \u00e7ocuklar i\u00e7in \u00f6zel olarak haz\u0131rlanm\u0131\u015f yepyeni bir etkinlik kitab\u0131yla kar\u015f\u0131n\u0131zda! Kurt\u2019un Etkinlik Kitab\u0131 \u2013 D\u00fcnya Turu k\u0131sa hik\u00e2yeler,oyunlar,<span class=\"excerpt-hellip\"> [\u2026]<\/span><\/p>\n","protected":false},"featured_media":0,"template":"","meta":{"_monsterinsights_skip_tracking":false,"_monsterinsights_sitenote_active":false,"_monsterinsights_sitenote_note":"","_monsterinsights_sitenote_category":0},"product_brand":[],"product_cat":[12644,12274],"product_tag":[],"class_list":{"0":"post-753875","1":"product","2":"type-product","3":"status-publish","5":"product_cat-boyama-kitaplari","6":"product_cat-cocuk-ve-genclik-kitaplari","7":"pa_cilt-ciltsiz","8":"pa_tur-kitap","9":"pa_yayinevi-yapi-kredi-yayinlari-kultur","10":"pa_yazar-orianne-lallemand","12":"first","13":"instock","14":"sale","15":"shipping-taxable","16":"purchasable","17":"product-type-simple"},"_links":{"self":[{"href":"https:\/\/roveyayinevi.com.tr\/index.php\/wp-json\/wp\/v2\/product\/753875","targetHints":{"allow":["GET"]}}],"collection":[{"href":"https:\/\/roveyayinevi.com.tr\/index.php\/wp-json\/wp\/v2\/product"}],"about":[{"href":"https:\/\/roveyayinevi.com.tr\/index.php\/wp-json\/wp\/v2\/types\/product"}],"wp:attachment":[{"href":"https:\/\/roveyayinevi.com.tr\/index.php\/wp-json\/wp\/v2\/media?parent=753875"}],"wp:term":[{"taxonomy":"product_brand","embeddable":true,"href":"https:\/\/roveyayinevi.com.tr\/index.php\/wp-json\/wp\/v2\/product_brand?post=753875"},{"taxonomy":"product_cat","embeddable":true,"href":"https:\/\/roveyayinevi.com.tr\/index.php\/wp-json\/wp\/v2\/product_cat?post=753875"},{"taxonomy":"product_tag","embeddable":true,"href":"https:\/\/roveyayinevi.com.tr\/index.php\/wp-json\/wp\/v2\/product_tag?post=753875"}],"curies":[{"name":"wp","href":"https:\/\/api.w.org\/{rel}","templated":true}]}}