{"id":753874,"date":"2025-08-28T05:55:07","date_gmt":"2025-08-28T02:55:07","guid":{"rendered":"https:\/\/roveyayinevi.com.tr\/index.php\/urun\/gergedan\/"},"modified":"2026-04-16T03:07:21","modified_gmt":"2026-04-16T00:07:21","slug":"gergedan","status":"publish","type":"product","link":"https:\/\/roveyayinevi.com.tr\/index.php\/urun\/gergedan\/","title":{"rendered":"Gergedan"},"content":{"rendered":"<p>Eug\u00e8ne Ionesco\u2019dan ac\u0131mas\u0131z bir konformizm ve totalitarizm ele\u015ftirisi.   K\u00fc\u00e7\u00fck bir ta\u015fra kentinde sakin bir pazar g\u00fcn\u00fc iki arkada\u015f, B\u00e9renger ile Jean bir kafenin bah\u00e7esinde oturup laflamaya ba\u015flarlar. Birden, gittik\u00e7e artan bir g\u00fcr\u00fclt\u00fc duyulur: H\u0131zla gelip g\u00f6zden kaybolan bir gergedan\u0131n \u00e7\u0131kard\u0131\u011f\u0131 sestir bu. Sonra bir ba\u015fka gergedan ayn\u0131 h\u0131zla ge\u00e7ip gider. Mahallenin sakinlerinden bir ev han\u0131m\u0131, ya\u015fl\u0131 bir beyefendi, bir mant\u0131k\u00e7\u0131,kafenin sahibi ve garson k\u0131z b\u00fcy\u00fck bir \u015fa\u015fk\u0131nl\u0131k i\u00e7inde olup biteni anlamaya \u00e7abalar, birtak\u0131m sorulara cevap bulmaya \u00e7al\u0131\u015f\u0131rlar. K\u0131sa s\u00fcre i\u00e7inde kentte gergedanlar\u0131n say\u0131s\u0131n\u0131n artt\u0131\u011f\u0131 g\u00f6r\u00fcl\u00fcr, ancak bunlar kente d\u0131\u015far\u0131dan gelmi\u015f gergedanlar de\u011fildir, halk gergedanla\u015fmaktad\u0131r\u2026    Ionesco ak\u0131ld\u0131\u015f\u0131 olan\u0131, kendi d\u0131\u015f\u0131nda hi\u00e7bir gerek\u00e7eye ihtiya\u00e7 duymayan \u00f6zerk bir g\u00fc\u00e7 olarak ciddiye alan nadir yazarlardand\u0131. Ancak yaln\u0131zca, akl\u0131n en sonunda her zaman bir \u015fekilde \u00fcst\u00fcn gelece\u011fi yollu aldat\u0131c\u0131 bir g\u00fcven duygusuna kendilerini kapt\u0131rmayanlar\u0131n, akl\u0131n can d\u00fc\u015fmanlar\u0131na kar\u015f\u0131 ba\u015far\u0131l\u0131 bir \u015fekilde direnme \u015fans\u0131 vard\u0131r. Richard Herzinger &#8211; Die Welt   Gergedan, fikirlerin yayg\u0131n ruh hallerine ne kadar \u00e7abuk d\u00f6n\u00fc\u015febilece\u011fini ve ard\u0131ndan, ka\u00e7\u0131n\u0131lmaz olarak bir toplumsal karga\u015faya yol a\u00e7aca\u011f\u0131n\u0131 etkileyici \u015fekilde g\u00f6steren, toplumsal histeri ve konformizme ili\u015fkin acayip bir hik\u00e2ye. HANS OTTO THEATER <\/p>\n","protected":false},"excerpt":{"rendered":"<p>Eug\u00e8ne Ionesco\u2019dan ac\u0131mas\u0131z bir konformizm ve totalitarizm ele\u015ftirisi. K\u00fc\u00e7\u00fck bir ta\u015fra kentinde sakin bir pazar g\u00fcn\u00fc iki arkada\u015f, B\u00e9renger ile Jean bir kafenin bah\u00e7esinde oturup laflamaya<span class=\"excerpt-hellip\"> [\u2026]<\/span><\/p>\n","protected":false},"featured_media":0,"template":"","meta":{"_monsterinsights_skip_tracking":false,"_monsterinsights_sitenote_active":false,"_monsterinsights_sitenote_note":"","_monsterinsights_sitenote_category":0},"product_brand":[],"product_cat":[12291,15566],"product_tag":[],"class_list":{"0":"post-753874","1":"product","2":"type-product","3":"status-publish","5":"product_cat-edebiyat","6":"product_cat-oyun","7":"pa_cilt-ciltsiz","8":"pa_tur-kitap","9":"pa_yayinevi-yapi-kredi-yayinlari-kultur","10":"pa_yazar-eugene-ionesco","12":"first","13":"instock","14":"sale","15":"shipping-taxable","16":"purchasable","17":"product-type-simple"},"_links":{"self":[{"href":"https:\/\/roveyayinevi.com.tr\/index.php\/wp-json\/wp\/v2\/product\/753874","targetHints":{"allow":["GET"]}}],"collection":[{"href":"https:\/\/roveyayinevi.com.tr\/index.php\/wp-json\/wp\/v2\/product"}],"about":[{"href":"https:\/\/roveyayinevi.com.tr\/index.php\/wp-json\/wp\/v2\/types\/product"}],"wp:attachment":[{"href":"https:\/\/roveyayinevi.com.tr\/index.php\/wp-json\/wp\/v2\/media?parent=753874"}],"wp:term":[{"taxonomy":"product_brand","embeddable":true,"href":"https:\/\/roveyayinevi.com.tr\/index.php\/wp-json\/wp\/v2\/product_brand?post=753874"},{"taxonomy":"product_cat","embeddable":true,"href":"https:\/\/roveyayinevi.com.tr\/index.php\/wp-json\/wp\/v2\/product_cat?post=753874"},{"taxonomy":"product_tag","embeddable":true,"href":"https:\/\/roveyayinevi.com.tr\/index.php\/wp-json\/wp\/v2\/product_tag?post=753874"}],"curies":[{"name":"wp","href":"https:\/\/api.w.org\/{rel}","templated":true}]}}