{"id":753873,"date":"2025-08-28T05:55:05","date_gmt":"2025-08-28T02:55:05","guid":{"rendered":"https:\/\/roveyayinevi.com.tr\/index.php\/urun\/kar-kokusu-ciltli\/"},"modified":"2026-04-14T03:14:25","modified_gmt":"2026-04-14T00:14:25","slug":"kar-kokusu-ciltli","status":"publish","type":"product","link":"https:\/\/roveyayinevi.com.tr\/index.php\/urun\/kar-kokusu-ciltli\/","title":{"rendered":"Kar Kokusu (Ciltli)"},"content":{"rendered":"<p>Ahmet \u00dcmit\u2019in ya\u015fam\u0131ndan kesitler i\u00e7eren ve T\u00fcrkiye\u2019deki siyasi polisiye roman\u0131n en \u00f6zg\u00fcn \u00f6rneklerinden biri olan Kar Kokusu 25 Ya\u015f\u0131nda   Devrimcilerin hayallerini s\u00fcsleyen bir kent: Moskova. T\u00fcrkiye\u2019deki askeri darbe sonras\u0131 Moskova\u2019ya gelmi\u015f ve hem \u00f6rg\u00fct i\u00e7i hesapla\u015fmalar\u0131n hem de \u00e7\u00f6kertme operasyonlar\u0131n\u0131n tam ortas\u0131nda kalm\u0131\u015f \u00f6\u011frenciler aras\u0131nda i\u015flenmi\u015f bir cinayet. T\u00fcrkiyeli devrimcilerin hakikati bulma \u00e7abas\u0131. Tansiyonu anbean artan bir gerilim&#8230; <\/p>\n","protected":false},"excerpt":{"rendered":"<p>Ahmet \u00dcmit\u2019in ya\u015fam\u0131ndan kesitler i\u00e7eren ve T\u00fcrkiye\u2019deki siyasi polisiye roman\u0131n en \u00f6zg\u00fcn \u00f6rneklerinden biri olan Kar Kokusu 25 Ya\u015f\u0131nda Devrimcilerin hayallerini s\u00fcsleyen bir kent: Moskova. T\u00fcrkiye\u2019deki<span class=\"excerpt-hellip\"> [\u2026]<\/span><\/p>\n","protected":false},"featured_media":0,"template":"","meta":{"_monsterinsights_skip_tracking":false,"_monsterinsights_sitenote_active":false,"_monsterinsights_sitenote_note":"","_monsterinsights_sitenote_category":0},"product_brand":[],"product_cat":[12291,17033],"product_tag":[],"class_list":{"0":"post-753873","1":"product","2":"type-product","3":"status-publish","5":"product_cat-edebiyat","6":"product_cat-korku-gerilim","7":"pa_cilt-ciltli","8":"pa_tur-kitap","9":"pa_yayinevi-yapi-kredi-yayinlari-kultur","10":"pa_yazar-ahmet-umit","12":"first","13":"instock","14":"sale","15":"shipping-taxable","16":"purchasable","17":"product-type-simple"},"_links":{"self":[{"href":"https:\/\/roveyayinevi.com.tr\/index.php\/wp-json\/wp\/v2\/product\/753873","targetHints":{"allow":["GET"]}}],"collection":[{"href":"https:\/\/roveyayinevi.com.tr\/index.php\/wp-json\/wp\/v2\/product"}],"about":[{"href":"https:\/\/roveyayinevi.com.tr\/index.php\/wp-json\/wp\/v2\/types\/product"}],"wp:attachment":[{"href":"https:\/\/roveyayinevi.com.tr\/index.php\/wp-json\/wp\/v2\/media?parent=753873"}],"wp:term":[{"taxonomy":"product_brand","embeddable":true,"href":"https:\/\/roveyayinevi.com.tr\/index.php\/wp-json\/wp\/v2\/product_brand?post=753873"},{"taxonomy":"product_cat","embeddable":true,"href":"https:\/\/roveyayinevi.com.tr\/index.php\/wp-json\/wp\/v2\/product_cat?post=753873"},{"taxonomy":"product_tag","embeddable":true,"href":"https:\/\/roveyayinevi.com.tr\/index.php\/wp-json\/wp\/v2\/product_tag?post=753873"}],"curies":[{"name":"wp","href":"https:\/\/api.w.org\/{rel}","templated":true}]}}