{"id":753872,"date":"2025-08-28T05:55:04","date_gmt":"2025-08-28T02:55:04","guid":{"rendered":"https:\/\/roveyayinevi.com.tr\/index.php\/urun\/kazara-tanrilar\/"},"modified":"2026-04-16T03:07:20","modified_gmt":"2026-04-16T00:07:20","slug":"kazara-tanrilar","status":"publish","type":"product","link":"https:\/\/roveyayinevi.com.tr\/index.php\/urun\/kazara-tanrilar\/","title":{"rendered":"Kazara Tanr\u0131lar"},"content":{"rendered":"<p>SEK\u00dcLER B\u0130R \u00c7A\u011eDA G\u00dc\u00c7 \u0130LE D\u0130N ARASINDAK\u0130 BA\u011eLANTININ VE TANRISALLI\u011eIN ROL\u00dcN\u00dc AYDINLATAN, TANRI OLARAK TAPINILAN \u0130NSANLARIN KI\u015eKIRTICI TAR\u0130H\u0130 Kristof Kolomb\u2019un Yenid\u00fcnya\u2019ya ayak bast\u0131\u011f\u0131 ve g\u00f6ksel bir varl\u0131k olarak selamland\u0131\u011f\u0131 1492\u2019den bug\u00fcne kadar ortaya \u00e7\u0131kan \u201cKazara Tanr\u0131lar\u201d modern \u00e7a\u011f\u0131n pe\u015fini b\u0131rakmad\u0131. Hemen her co\u011frafyada beliren ve her k\u0131tada tanr\u0131la\u015ft\u0131r\u0131lan, \u00fcstelik daima erkek olan insanlard\u0131 bunlar. \u0130lgin\u00e7 olansa bu tanr\u0131lar\u0131n her zaman i\u00e7sava\u015flar, imparatorluk fetihleri, devrimler gibi \u00e7alkant\u0131l\u0131 d\u00f6nemlerde ortaya \u00e7\u0131kmas\u0131yd\u0131. Din tarih\u00e7isi Anna Della Subin, be\u015f y\u00fczy\u0131l\u0131 kapsayan bu ayd\u0131nlat\u0131c\u0131 ve s\u0131ra d\u0131\u015f\u0131 tarih kitab\u0131nda, modern \u201cdin\u201d kavram\u0131m\u0131z\u0131n nas\u0131l icat edildi\u011fine, s\u00f6zde sek\u00fcler \u00e7a\u011f\u0131m\u0131zda din ve siyasetin neden s\u00fcrekli birbirine kar\u0131\u015ft\u0131\u011f\u0131na, birisini ilahi olarak adland\u0131rma g\u00fcc\u00fcn\u00fcn hem ezenler hem de ezilenler taraf\u0131ndan nas\u0131l kullan\u0131ld\u0131\u011f\u0131 ve istismar edildi\u011fine dair \u00e7etrefilli sorulara \u0131\u015f\u0131k tutmaya yard\u0131mc\u0131 oluyor. K\u00e2\u015fiflerin egemenliklerini me\u015frula\u015ft\u0131rmak i\u00e7in hangi yollara ba\u015fvurduklar\u0131n\u0131 ve tanr\u0131l\u0131k hik\u00e2yeleriyle \u0131rk\u00e7\u0131l\u0131\u011f\u0131 ve d\u0131\u015flama ak\u0131mlar\u0131n\u0131 nas\u0131l harekete ge\u00e7irdiklerini aktar\u0131yor. Modern d\u00fcnyan\u0131n yarat\u0131l\u0131\u015f\u0131n\u0131 \u015fimdiye dek fark edilmeyen bir bak\u0131\u015f a\u00e7\u0131s\u0131yla okuyaca\u011f\u0131n\u0131z al\u0131\u015f\u0131lmad\u0131k ve iddial\u0131 bir ba\u015fvuru kayna\u011f\u0131. <\/p>\n","protected":false},"excerpt":{"rendered":"<p>SEK\u00dcLER B\u0130R \u00c7A\u011eDA G\u00dc\u00c7 \u0130LE D\u0130N ARASINDAK\u0130 BA\u011eLANTININ VE TANRISALLI\u011eIN ROL\u00dcN\u00dc AYDINLATAN, TANRI OLARAK TAPINILAN \u0130NSANLARIN KI\u015eKIRTICI TAR\u0130H\u0130 Kristof Kolomb\u2019un Yenid\u00fcnya\u2019ya ayak bast\u0131\u011f\u0131 ve g\u00f6ksel bir<span class=\"excerpt-hellip\"> [\u2026]<\/span><\/p>\n","protected":false},"featured_media":0,"template":"","meta":{"_monsterinsights_skip_tracking":false,"_monsterinsights_sitenote_active":false,"_monsterinsights_sitenote_note":"","_monsterinsights_sitenote_category":0},"product_brand":[],"product_cat":[52477],"product_tag":[],"class_list":{"0":"post-753872","1":"product","2":"type-product","3":"status-publish","5":"product_cat-arastirma","6":"pa_cilt-ciltsiz","7":"pa_tur-kitap","8":"pa_yayinevi-beyaz-baykus-yayinlari","9":"pa_yazar-anna-del-subin","11":"first","12":"instock","13":"sale","14":"shipping-taxable","15":"purchasable","16":"product-type-simple"},"_links":{"self":[{"href":"https:\/\/roveyayinevi.com.tr\/index.php\/wp-json\/wp\/v2\/product\/753872","targetHints":{"allow":["GET"]}}],"collection":[{"href":"https:\/\/roveyayinevi.com.tr\/index.php\/wp-json\/wp\/v2\/product"}],"about":[{"href":"https:\/\/roveyayinevi.com.tr\/index.php\/wp-json\/wp\/v2\/types\/product"}],"wp:attachment":[{"href":"https:\/\/roveyayinevi.com.tr\/index.php\/wp-json\/wp\/v2\/media?parent=753872"}],"wp:term":[{"taxonomy":"product_brand","embeddable":true,"href":"https:\/\/roveyayinevi.com.tr\/index.php\/wp-json\/wp\/v2\/product_brand?post=753872"},{"taxonomy":"product_cat","embeddable":true,"href":"https:\/\/roveyayinevi.com.tr\/index.php\/wp-json\/wp\/v2\/product_cat?post=753872"},{"taxonomy":"product_tag","embeddable":true,"href":"https:\/\/roveyayinevi.com.tr\/index.php\/wp-json\/wp\/v2\/product_tag?post=753872"}],"curies":[{"name":"wp","href":"https:\/\/api.w.org\/{rel}","templated":true}]}}