{"id":753871,"date":"2025-08-28T05:55:03","date_gmt":"2025-08-28T02:55:03","guid":{"rendered":"https:\/\/roveyayinevi.com.tr\/index.php\/urun\/hayatin-mucizesi-titresimler-ve-frekanslar\/"},"modified":"2026-04-08T03:14:25","modified_gmt":"2026-04-08T00:14:25","slug":"hayatin-mucizesi-titresimler-ve-frekanslar","status":"publish","type":"product","link":"https:\/\/roveyayinevi.com.tr\/index.php\/urun\/hayatin-mucizesi-titresimler-ve-frekanslar\/","title":{"rendered":"Hayat\u0131n Mucizesi Titre\u015fimler ve Frekanslar"},"content":{"rendered":"<p>\u201cSES FREKANSI, EVREN\u0130N TEK \u0130LET\u0130\u015e\u0130M Y\u00d6NTEM\u0130D\u0130R.\u201d Ses, titre\u015fimlerden olu\u015fan bir enerji formudur ve her sesin kendine \u00f6zg\u00fc bir frekans\u0131 vard\u0131r. Ses frekanslar\u0131, insan v\u00fccudunu ve zihnini etkileme potansiyeline sahiptir. Ses frekanslar\u0131, \u015fifa ama\u00e7l\u0131 olarak \u00e7e\u015fitli \u015fekillerde kullan\u0131labilir. Ses frekanslar\u0131n\u0131n v\u00fccut \u00fczerindeki etkileri, frekans\u0131n t\u00fcr\u00fcne ve yo\u011funlu\u011funa ba\u011fl\u0131 olarak de\u011fi\u015fir. Genel olarak, d\u00fc\u015f\u00fck frekansl\u0131 sesler v\u00fccudu rahatlatmaya ve gev\u015fetmeye, y\u00fcksek frekansl\u0131 sesler ise beyni uyarmaya ve enerji vermeye yard\u0131mc\u0131 olur. Ses frekanslar\u0131n\u0131n \u015fifadaki etkilerine dair bilimsel \u00e7al\u0131\u015fmalar devam etmektedir. Ancak, yap\u0131lan baz\u0131 ara\u015ft\u0131rmalar, ses frekanslar\u0131n\u0131n a\u015fa\u011f\u0131daki gibi \u00e7e\u015fitli sa\u011fl\u0131k sorunlar\u0131na olumlu etkileri olabilece\u011fini g\u00f6stermi\u015ftir:       \u2022          A\u011fr\u0131y\u0131 azaltmaya ve a\u011fr\u0131kesici ila\u00e7lar\u0131n etkisini art\u0131rmaya. \u2022          Stresi azaltmaya ve rahatlamaya. \u2022          Uykuya dalmay\u0131 ve uykuda kalmay\u0131 kolayla\u015ft\u0131rmaya. \u2022          Depresyonu hafifletmeye ve ruh halini iyile\u015ftirmeye. \u2022          Kanser h\u00fccrelerinin b\u00fcy\u00fcmesini ve yay\u0131lmas\u0131n\u0131 yava\u015flatmaya.   \u015eimdiye dek \u00e7ok az bilinen bir ger\u00e7e\u011fi bilimin ve kadim geleneklerin \u0131\u015f\u0131\u011f\u0131 alt\u0131nda bu \u00e7al\u0131\u015fmada bulacaks\u0131n\u0131z. <\/p>\n","protected":false},"excerpt":{"rendered":"<p>\u201cSES FREKANSI, EVREN\u0130N TEK \u0130LET\u0130\u015e\u0130M Y\u00d6NTEM\u0130D\u0130R.\u201d Ses, titre\u015fimlerden olu\u015fan bir enerji formudur ve her sesin kendine \u00f6zg\u00fc bir frekans\u0131 vard\u0131r. Ses frekanslar\u0131, insan v\u00fccudunu ve zihnini<span class=\"excerpt-hellip\"> [\u2026]<\/span><\/p>\n","protected":false},"featured_media":0,"template":"","meta":{"_monsterinsights_skip_tracking":false,"_monsterinsights_sitenote_active":false,"_monsterinsights_sitenote_note":"","_monsterinsights_sitenote_category":0},"product_brand":[],"product_cat":[12364,12376],"product_tag":[],"class_list":{"0":"post-753871","1":"product","2":"type-product","3":"status-publish","5":"product_cat-genel-konular","6":"product_cat-kisisel-gelisim","7":"pa_cilt-ciltsiz","8":"pa_tur-kitap","9":"pa_yayinevi-destek-yayinlari","10":"pa_yazar-mustafa-kurnaz","12":"first","13":"instock","14":"sale","15":"shipping-taxable","16":"purchasable","17":"product-type-simple"},"_links":{"self":[{"href":"https:\/\/roveyayinevi.com.tr\/index.php\/wp-json\/wp\/v2\/product\/753871","targetHints":{"allow":["GET"]}}],"collection":[{"href":"https:\/\/roveyayinevi.com.tr\/index.php\/wp-json\/wp\/v2\/product"}],"about":[{"href":"https:\/\/roveyayinevi.com.tr\/index.php\/wp-json\/wp\/v2\/types\/product"}],"wp:attachment":[{"href":"https:\/\/roveyayinevi.com.tr\/index.php\/wp-json\/wp\/v2\/media?parent=753871"}],"wp:term":[{"taxonomy":"product_brand","embeddable":true,"href":"https:\/\/roveyayinevi.com.tr\/index.php\/wp-json\/wp\/v2\/product_brand?post=753871"},{"taxonomy":"product_cat","embeddable":true,"href":"https:\/\/roveyayinevi.com.tr\/index.php\/wp-json\/wp\/v2\/product_cat?post=753871"},{"taxonomy":"product_tag","embeddable":true,"href":"https:\/\/roveyayinevi.com.tr\/index.php\/wp-json\/wp\/v2\/product_tag?post=753871"}],"curies":[{"name":"wp","href":"https:\/\/api.w.org\/{rel}","templated":true}]}}