{"id":753870,"date":"2025-08-28T05:55:02","date_gmt":"2025-08-28T02:55:02","guid":{"rendered":"https:\/\/roveyayinevi.com.tr\/index.php\/urun\/dun-gece-ne-oldu\/"},"modified":"2026-04-15T03:17:15","modified_gmt":"2026-04-15T00:17:15","slug":"dun-gece-ne-oldu","status":"publish","type":"product","link":"https:\/\/roveyayinevi.com.tr\/index.php\/urun\/dun-gece-ne-oldu\/","title":{"rendered":"D\u00fcn Gece Ne Oldu?"},"content":{"rendered":"<p>A\u015fk ile sarho\u015f olmayana, Hakikat haramd\u0131r\u2026 Ya\u015fam\u0131n anlam\u0131 ve varolu\u015fun hakikatini bulmak i\u00e7in yollara d\u00fc\u015ft\u00fc\u011f\u00fc uzun yolculu\u011funun sonunda eve d\u00f6nmeye karar veren bir yolcu, zorlu bir co\u011frafyan\u0131n da\u011flar\u0131nda ya\u015fayan garip bir ermi\u015ften bahsedildi\u011fini duyar. Onun hakk\u0131ndaki bilgiler de ya\u015fad\u0131\u011f\u0131 yer gibi mu\u011flakt\u0131r. Mizac\u0131n\u0131n keskin, y\u00f6ntemlerinin s\u0131ra d\u0131\u015f\u0131 ve s\u0131namalar\u0131n\u0131n zorlu oldu\u011funu duymas\u0131na ra\u011fmen onu bulmaya karar vererek, bahsi ge\u00e7en b\u00f6lgeye ula\u015f\u0131r. Ancak ne kar\u015f\u0131la\u015fmalar\u0131 planlad\u0131\u011f\u0131 gibi olacakt\u0131r ne de sonras\u0131nda ya\u015fanacaklar&#8230; \u201c12 gece mi, 12 sene mi?\u201d sorusuyla ba\u015flayacak garip yolculu\u011fu bir s\u00fcre sonra zamanla mek\u00e2n\u0131n, geceyle g\u00fcnd\u00fcz\u00fcn ve ger\u00e7eklikle a\u015fk\u0131nl\u0131\u011f\u0131n birbirine kar\u0131\u015fmaya ba\u015flad\u0131\u011f\u0131 bir vortekse d\u00f6n\u00fc\u015ferek onu bilincin s\u0131n\u0131rlar\u0131 d\u0131\u015f\u0131na \u00e7\u0131karacak ve tan\u0131mlanamaz \u00e2lemlere f\u0131rlatacakt\u0131r&#8230;         Kendi kategorilerinde \u00e7ok satanlar aras\u0131nda bulunan Bug\u00fcn\u00fcn Tasavvufu, Asi Peygamberler, Garip, Sezginin Sonsuzlu\u011fu, Anka\u2019n\u0131n Kanatlar\u0131, A\u015fk ve Ejder kitaplar\u0131n\u0131n yazar\u0131 olan \u00c7a\u011fr\u0131 D\u00f6rter\u2019in 7. kitab\u0131 D\u00fcn Gece Ne Oldu, s\u00fcr\u00fckleyici anlat\u0131m\u0131na e\u015flik eden ani manevralar\u0131, beklenmedik s\u00fcrprizleri ve g\u00fc\u00e7l\u00fc mana aktar\u0131mlar\u0131yla okurunu bamba\u015fka bir \u00e2leme ve bilin\u00e7 d\u00fczlemine \u00e7ekerken; ya\u015fam\u0131n anlam\u0131, insan\u0131n hakikati ve varolu\u015fun gizemine dair de\u011ferli s\u0131rlar\u0131 da kula\u011f\u0131na f\u0131s\u0131ld\u0131yor&#8230; <\/p>\n","protected":false},"excerpt":{"rendered":"<p>A\u015fk ile sarho\u015f olmayana, Hakikat haramd\u0131r\u2026 Ya\u015fam\u0131n anlam\u0131 ve varolu\u015fun hakikatini bulmak i\u00e7in yollara d\u00fc\u015ft\u00fc\u011f\u00fc uzun yolculu\u011funun sonunda eve d\u00f6nmeye karar veren bir yolcu, zorlu bir<span class=\"excerpt-hellip\"> [\u2026]<\/span><\/p>\n","protected":false},"featured_media":0,"template":"","meta":{"_monsterinsights_skip_tracking":false,"_monsterinsights_sitenote_active":false,"_monsterinsights_sitenote_note":"","_monsterinsights_sitenote_category":0},"product_brand":[],"product_cat":[12718,12719,15238],"product_tag":[],"class_list":{"0":"post-753870","1":"product","2":"type-product","3":"status-publish","5":"product_cat-din","6":"product_cat-islam","7":"product_cat-tasavvuf","8":"pa_cilt-ciltsiz","9":"pa_tur-kitap","10":"pa_yayinevi-destek-yayinlari","11":"pa_yazar-cagri-dorter","13":"first","14":"instock","15":"sale","16":"shipping-taxable","17":"purchasable","18":"product-type-simple"},"_links":{"self":[{"href":"https:\/\/roveyayinevi.com.tr\/index.php\/wp-json\/wp\/v2\/product\/753870","targetHints":{"allow":["GET"]}}],"collection":[{"href":"https:\/\/roveyayinevi.com.tr\/index.php\/wp-json\/wp\/v2\/product"}],"about":[{"href":"https:\/\/roveyayinevi.com.tr\/index.php\/wp-json\/wp\/v2\/types\/product"}],"wp:attachment":[{"href":"https:\/\/roveyayinevi.com.tr\/index.php\/wp-json\/wp\/v2\/media?parent=753870"}],"wp:term":[{"taxonomy":"product_brand","embeddable":true,"href":"https:\/\/roveyayinevi.com.tr\/index.php\/wp-json\/wp\/v2\/product_brand?post=753870"},{"taxonomy":"product_cat","embeddable":true,"href":"https:\/\/roveyayinevi.com.tr\/index.php\/wp-json\/wp\/v2\/product_cat?post=753870"},{"taxonomy":"product_tag","embeddable":true,"href":"https:\/\/roveyayinevi.com.tr\/index.php\/wp-json\/wp\/v2\/product_tag?post=753870"}],"curies":[{"name":"wp","href":"https:\/\/api.w.org\/{rel}","templated":true}]}}