{"id":753869,"date":"2025-08-28T05:55:00","date_gmt":"2025-08-28T02:55:00","guid":{"rendered":"https:\/\/roveyayinevi.com.tr\/index.php\/urun\/blof-2\/"},"modified":"2026-04-16T03:07:20","modified_gmt":"2026-04-16T00:07:20","slug":"blof-2","status":"publish","type":"product","link":"https:\/\/roveyayinevi.com.tr\/index.php\/urun\/blof-2\/","title":{"rendered":"Bl\u00f6f"},"content":{"rendered":"<p>\u201c\u00dc\u015f\u00fcyorum, dedim.  \u00dczerindeki deri ceketi \u00e7\u0131karmaya yeltendi\u011finde onu durdurdum. Ayn\u0131 ak\u015famda iki erke\u011fin kokusunu birbirine bulamayacakt\u0131m\u2026\u201d Bl\u00f6f, bireylerin ruh hallerinin ikili ili\u015fkilerine davran\u0131\u015fsal olarak nas\u0131l yans\u0131d\u0131\u011f\u0131 ve ki\u015finin karar mekanizmas\u0131 \u00fczerinde nas\u0131l etkiler yaratt\u0131\u011f\u0131n\u0131, d\u00fcnyan\u0131n en tutkulu duygusu kabul edilen a\u015fk temas\u0131 \u00fczerinden, \u00e7a\u011f\u0131n ger\u00e7ekleri ve hissettirdikleriyle a\u015fk\u0131n biraz da a\u015f\u0131nm\u0131\u015f halini okuyucuya iletmeyi ama\u00e7l\u0131yor. Y\u00fczy\u0131llard\u0131r t\u00fcrl\u00fc \u015fekillerde anlat\u0131lagelmi\u015f a\u015fk hik\u00e2yelerinden birini, ana karakterimizin psikolojisiyle harmanlanm\u0131\u015f \u015fekilde, t\u00fcm gelgitleriyle kar\u015f\u0131m\u0131zda buluyoruz. Modern insan\u0131n a\u015fk\u0131, \u00f6zlem, tak\u0131nt\u0131, intikam, merhamet gibi temalar etraf\u0131nda okuyucuya aktar\u0131l\u0131yor. Sanat\u0131n iyile\u015ftirici g\u00fcc\u00fcn\u00fc roman t\u00fcr\u00fcn\u00fcn bir \u00f6rne\u011fiyle a\u015fk izle\u011fi \u00fczerinden okuyucuya hissettiren Bl\u00f6f, niyetlendi\u011fi empati duygusuyla delikli ili\u015fkilerin ya\u015fand\u0131\u011f\u0131 d\u00fcnyam\u0131zda birbirimize \u00e7are olma aray\u0131\u015f\u0131m\u0131z\u0131 dillendiriyor.  <\/p>\n","protected":false},"excerpt":{"rendered":"<p>\u201c\u00dc\u015f\u00fcyorum, dedim. \u00dczerindeki deri ceketi \u00e7\u0131karmaya yeltendi\u011finde onu durdurdum. Ayn\u0131 ak\u015famda iki erke\u011fin kokusunu birbirine bulamayacakt\u0131m\u2026\u201d Bl\u00f6f, bireylerin ruh hallerinin ikili ili\u015fkilerine davran\u0131\u015fsal olarak nas\u0131l yans\u0131d\u0131\u011f\u0131<span class=\"excerpt-hellip\"> [\u2026]<\/span><\/p>\n","protected":false},"featured_media":0,"template":"","meta":{"_monsterinsights_skip_tracking":false,"_monsterinsights_sitenote_active":false,"_monsterinsights_sitenote_note":"","_monsterinsights_sitenote_category":0},"product_brand":[],"product_cat":[12291],"product_tag":[],"class_list":{"0":"post-753869","1":"product","2":"type-product","3":"status-publish","5":"product_cat-edebiyat","6":"pa_cilt-ciltsiz","7":"pa_tur-kitap","8":"pa_yayinevi-kara-karga-yayinlari","9":"pa_yazar-beril-bozdogan","11":"first","12":"instock","13":"sale","14":"shipping-taxable","15":"purchasable","16":"product-type-simple"},"_links":{"self":[{"href":"https:\/\/roveyayinevi.com.tr\/index.php\/wp-json\/wp\/v2\/product\/753869","targetHints":{"allow":["GET"]}}],"collection":[{"href":"https:\/\/roveyayinevi.com.tr\/index.php\/wp-json\/wp\/v2\/product"}],"about":[{"href":"https:\/\/roveyayinevi.com.tr\/index.php\/wp-json\/wp\/v2\/types\/product"}],"wp:attachment":[{"href":"https:\/\/roveyayinevi.com.tr\/index.php\/wp-json\/wp\/v2\/media?parent=753869"}],"wp:term":[{"taxonomy":"product_brand","embeddable":true,"href":"https:\/\/roveyayinevi.com.tr\/index.php\/wp-json\/wp\/v2\/product_brand?post=753869"},{"taxonomy":"product_cat","embeddable":true,"href":"https:\/\/roveyayinevi.com.tr\/index.php\/wp-json\/wp\/v2\/product_cat?post=753869"},{"taxonomy":"product_tag","embeddable":true,"href":"https:\/\/roveyayinevi.com.tr\/index.php\/wp-json\/wp\/v2\/product_tag?post=753869"}],"curies":[{"name":"wp","href":"https:\/\/api.w.org\/{rel}","templated":true}]}}