{"id":753868,"date":"2025-08-28T05:54:59","date_gmt":"2025-08-28T02:54:59","guid":{"rendered":"https:\/\/roveyayinevi.com.tr\/index.php\/urun\/ulysses-moore-5-taslarin-muhafizlari\/"},"modified":"2026-03-23T21:56:55","modified_gmt":"2026-03-23T18:56:55","slug":"ulysses-moore-5-taslarin-muhafizlari","status":"publish","type":"product","link":"https:\/\/roveyayinevi.com.tr\/index.php\/urun\/ulysses-moore-5-taslarin-muhafizlari\/","title":{"rendered":"Ulysses Moore 5 &#8211; Ta\u015flar\u0131n Muhaf\u0131zlar\u0131"},"content":{"rendered":"<p>Gezgin Dostum, seyahat etmek istiyorsan, yar\u0131s\u0131 kumlarla ve yar\u0131s\u0131 r\u00fczgarla dolu olan kalbini ard\u0131nda b\u0131rakmal\u0131s\u0131n ve arkada\u015flar\u0131n\u0131, inan bana, en az\u0131ndan y\u00fcz tane olsun. Ulysses Moore   <\/p>\n","protected":false},"excerpt":{"rendered":"<p>Gezgin Dostum, seyahat etmek istiyorsan, yar\u0131s\u0131 kumlarla ve yar\u0131s\u0131 r\u00fczgarla dolu olan kalbini ard\u0131nda b\u0131rakmal\u0131s\u0131n ve arkada\u015flar\u0131n\u0131, inan bana, en az\u0131ndan y\u00fcz tane olsun. Ulysses Moore<\/p>\n","protected":false},"featured_media":0,"template":"","meta":{"_monsterinsights_skip_tracking":false,"_monsterinsights_sitenote_active":false,"_monsterinsights_sitenote_note":"","_monsterinsights_sitenote_category":0},"product_brand":[],"product_cat":[12291,14777],"product_tag":[],"class_list":{"0":"post-753868","1":"product","2":"type-product","3":"status-publish","5":"product_cat-edebiyat","6":"product_cat-fantastik","7":"pa_cilt-ciltsiz","8":"pa_tur-kitap","9":"pa_yayinevi-x-libris","10":"pa_yazar-pierdomenico-baccalario","12":"first","13":"instock","14":"sale","15":"shipping-taxable","16":"purchasable","17":"product-type-simple"},"_links":{"self":[{"href":"https:\/\/roveyayinevi.com.tr\/index.php\/wp-json\/wp\/v2\/product\/753868","targetHints":{"allow":["GET"]}}],"collection":[{"href":"https:\/\/roveyayinevi.com.tr\/index.php\/wp-json\/wp\/v2\/product"}],"about":[{"href":"https:\/\/roveyayinevi.com.tr\/index.php\/wp-json\/wp\/v2\/types\/product"}],"wp:attachment":[{"href":"https:\/\/roveyayinevi.com.tr\/index.php\/wp-json\/wp\/v2\/media?parent=753868"}],"wp:term":[{"taxonomy":"product_brand","embeddable":true,"href":"https:\/\/roveyayinevi.com.tr\/index.php\/wp-json\/wp\/v2\/product_brand?post=753868"},{"taxonomy":"product_cat","embeddable":true,"href":"https:\/\/roveyayinevi.com.tr\/index.php\/wp-json\/wp\/v2\/product_cat?post=753868"},{"taxonomy":"product_tag","embeddable":true,"href":"https:\/\/roveyayinevi.com.tr\/index.php\/wp-json\/wp\/v2\/product_tag?post=753868"}],"curies":[{"name":"wp","href":"https:\/\/api.w.org\/{rel}","templated":true}]}}