{"id":753864,"date":"2025-08-28T05:54:52","date_gmt":"2025-08-28T02:54:52","guid":{"rendered":"https:\/\/roveyayinevi.com.tr\/index.php\/urun\/atasozleri-atolyesi\/"},"modified":"2026-04-16T03:07:20","modified_gmt":"2026-04-16T00:07:20","slug":"atasozleri-atolyesi","status":"publish","type":"product","link":"https:\/\/roveyayinevi.com.tr\/index.php\/urun\/atasozleri-atolyesi\/","title":{"rendered":"Atas\u00f6zleri At\u00f6lyesi"},"content":{"rendered":"<p>Bundan b\u00f6yle atas\u00f6zleri dilinizden hi\u00e7 d\u00fc\u015fmeyecek! G\u00fcnl\u00fck konu\u015fmada ve yaz\u0131 dilinde atas\u00f6zlerine s\u0131k\u0131l\u0131kla yer veriyoruz. Peki, s\u00f6zl\u00fc ve yaz\u0131l\u0131 anlat\u0131m becerilerimizi zenginle\u015ftiren atas\u00f6zlerini ne kadar etkili kullanabiliyoruz? Atas\u00f6zleri At\u00f6lyesi sayesinde, dilin inceliklerinden olan atas\u00f6zlerinin s\u00f6ylemsel i\u015flevini zihninizde anlam ba\u011flant\u0131lar\u0131 kurarak \u00e7ok daha iyi kavrayacak; atas\u00f6zlerini severek ve \u201cfark\u0131nda olarak\u201d kullanman\u0131n tad\u0131na varacaks\u0131n\u0131z.  Bu kitab\u0131 bitirince; \u2022 Atas\u00f6z\u00fc nedir, atas\u00f6zlerinin \u00f6zellikleri nelerdir? \u2022 Mecaz anlam ile atas\u00f6zleri aras\u0131nda nas\u0131l bir ba\u011flant\u0131 vard\u0131r? \u2022 Atas\u00f6zleri nas\u0131l ortaya \u00e7\u0131km\u0131\u015ft\u0131r ve neden kullan\u0131l\u0131r? \u2022 Atas\u00f6zlerinin dil a\u00e7\u0131s\u0131ndan \u00f6nemi nedir? \u2022 Atas\u00f6zlerini, deyim ve \u00f6zdeyi\u015flerden ay\u0131rt etmek m\u00fcmk\u00fcn m\u00fcd\u00fcr? \u2022 Farkl\u0131 b\u00f6lgelerde ve di\u011fer dillerde atas\u00f6zleri nas\u0131l kar\u015f\u0131l\u0131k buluyor? sorular\u0131n\u0131n ve daha fazlas\u0131n\u0131n yan\u0131t\u0131n\u0131 \u00f6\u011frenmekle kalmayacak, ayn\u0131 zamanda her konu ba\u015fl\u0131\u011f\u0131n\u0131n alt\u0131nda verilen bilgilerin sonundaki \u201cPratik Yapal\u0131m\u201d sayfalar\u0131ndaki al\u0131\u015ft\u0131rmalar\u0131 \u00e7\u00f6zerek bilgilerinizi peki\u015ftirme f\u0131rsat\u0131 bulacaks\u0131n\u0131z.  Atas\u00f6zlerini en temelden ba\u015flayarak yap\u0131, anlam, s\u00f6zc\u00fck ve metin boyutlar\u0131nda ad\u0131m ad\u0131m inceleyen bu rehber \u00e7al\u0131\u015fma; \u00e7e\u015fitli \u00f6rnek metinler, bulmacalar ve testler e\u015fli\u011finde d\u00fc\u015f\u00fcnmeye dayal\u0131, etkile\u015fimli bir i\u00e7erik sunuyor.  Merkez\u00ee s\u0131navlarda atas\u00f6zlerinin sorularda ne \u015fekilde ele al\u0131nd\u0131\u011f\u0131na da de\u011finen kitap ayr\u0131ca, MEB&#8217;in son y\u0131llardaki merkez\u00ee s\u0131navlarda kulland\u0131\u011f\u0131 belli ba\u015fl\u0131 atas\u00f6zlerini listeliyor ve T\u00fcrk\u00e7ede en \u00e7ok kullan\u0131lan atas\u00f6zlerini mini bir s\u00f6zl\u00fckte topluyor. 10 ya\u015f ve \u00fczeri \u00f6\u011frencilerin ba\u015fucu kitapl\u0131klar\u0131nda mutlaka bulundurmalar\u0131n\u0131 \u00f6nerdi\u011fimiz Atas\u00f6zleri At\u00f6lyesi; dil zenginli\u011fimizi ve k\u00fclt\u00fcr\u00fcm\u00fcz\u00fc \u00e7ok daha yak\u0131ndan tan\u0131mam\u0131z\u0131 olanakl\u0131 k\u0131l\u0131yor, atas\u00f6zleri \u00fczerine uzun uzun d\u00fc\u015f\u00fcnd\u00fcr\u00fcyor. \u201cE\u011fri oturup do\u011fru konu\u015fal\u0131m.\u201d  Benzersiz i\u00e7eri\u011fi ve \u00f6zg\u00fcn tasar\u0131m\u0131yla fark yaratan bu kitaba kay\u0131ts\u0131z kalmak olmaz, ne de olsa akl\u0131n yolu bir!<\/p>\n","protected":false},"excerpt":{"rendered":"<p>Bundan b\u00f6yle atas\u00f6zleri dilinizden hi\u00e7 d\u00fc\u015fmeyecek! G\u00fcnl\u00fck konu\u015fmada ve yaz\u0131 dilinde atas\u00f6zlerine s\u0131k\u0131l\u0131kla yer veriyoruz. Peki, s\u00f6zl\u00fc ve yaz\u0131l\u0131 anlat\u0131m becerilerimizi zenginle\u015ftiren atas\u00f6zlerini ne kadar etkili<span class=\"excerpt-hellip\"> [\u2026]<\/span><\/p>\n","protected":false},"featured_media":0,"template":"","meta":{"_monsterinsights_skip_tracking":false,"_monsterinsights_sitenote_active":false,"_monsterinsights_sitenote_note":"","_monsterinsights_sitenote_category":0},"product_brand":[],"product_cat":[12274,15842],"product_tag":[],"class_list":{"0":"post-753864","1":"product","2":"type-product","3":"status-publish","5":"product_cat-cocuk-ve-genclik-kitaplari","6":"product_cat-egitici-kitaplar","7":"pa_cilt-ciltsiz","8":"pa_tur-kitap","9":"pa_yayinevi-tudem-yayinlari","10":"pa_yazar-kolektif","12":"first","13":"instock","14":"sale","15":"shipping-taxable","16":"purchasable","17":"product-type-simple"},"_links":{"self":[{"href":"https:\/\/roveyayinevi.com.tr\/index.php\/wp-json\/wp\/v2\/product\/753864","targetHints":{"allow":["GET"]}}],"collection":[{"href":"https:\/\/roveyayinevi.com.tr\/index.php\/wp-json\/wp\/v2\/product"}],"about":[{"href":"https:\/\/roveyayinevi.com.tr\/index.php\/wp-json\/wp\/v2\/types\/product"}],"wp:attachment":[{"href":"https:\/\/roveyayinevi.com.tr\/index.php\/wp-json\/wp\/v2\/media?parent=753864"}],"wp:term":[{"taxonomy":"product_brand","embeddable":true,"href":"https:\/\/roveyayinevi.com.tr\/index.php\/wp-json\/wp\/v2\/product_brand?post=753864"},{"taxonomy":"product_cat","embeddable":true,"href":"https:\/\/roveyayinevi.com.tr\/index.php\/wp-json\/wp\/v2\/product_cat?post=753864"},{"taxonomy":"product_tag","embeddable":true,"href":"https:\/\/roveyayinevi.com.tr\/index.php\/wp-json\/wp\/v2\/product_tag?post=753864"}],"curies":[{"name":"wp","href":"https:\/\/api.w.org\/{rel}","templated":true}]}}