{"id":753863,"date":"2025-08-28T05:54:50","date_gmt":"2025-08-28T02:54:50","guid":{"rendered":"https:\/\/roveyayinevi.com.tr\/index.php\/urun\/kaiju-no-8-8-nolu-canavar-2\/"},"modified":"2026-04-16T03:07:20","modified_gmt":"2026-04-16T00:07:20","slug":"kaiju-no-8-8-nolu-canavar-2","status":"publish","type":"product","link":"https:\/\/roveyayinevi.com.tr\/index.php\/urun\/kaiju-no-8-8-nolu-canavar-2\/","title":{"rendered":"Kaiju No: 8 &#8211; 8 No\u2019lu Canavar 2"},"content":{"rendered":"<p>Savunma Birlikleri\u2019nin son s\u0131nav\u0131 sona ererken, insan g\u00f6r\u00fcn\u00fcm\u00fcndeki gizemli bir canavar, etkisiz hale getirilmi\u015f bir as\u0131l canavar\u0131 yeniden canland\u0131r\u0131r ve Kikoru \u015einomiya ile s\u0131nava giren di\u011fer kat\u0131l\u0131mc\u0131lara sald\u0131r\u0131r. Kikoru \u00e7aresiz bir durumdayken, canavara d\u00f6n\u00fc\u015fm\u00fc\u015f olan Kafka Hibino as\u0131l canavar\u0131n kar\u015f\u0131s\u0131na dikilir&#8230; <\/p>\n","protected":false},"excerpt":{"rendered":"<p>Savunma Birlikleri\u2019nin son s\u0131nav\u0131 sona ererken, insan g\u00f6r\u00fcn\u00fcm\u00fcndeki gizemli bir canavar, etkisiz hale getirilmi\u015f bir as\u0131l canavar\u0131 yeniden canland\u0131r\u0131r ve Kikoru \u015einomiya ile s\u0131nava giren di\u011fer<span class=\"excerpt-hellip\"> [\u2026]<\/span><\/p>\n","protected":false},"featured_media":0,"template":"","meta":{"_monsterinsights_skip_tracking":false,"_monsterinsights_sitenote_active":false,"_monsterinsights_sitenote_note":"","_monsterinsights_sitenote_category":0},"product_brand":[],"product_cat":[12416,12291],"product_tag":[],"class_list":{"0":"post-753863","1":"product","2":"type-product","3":"status-publish","5":"product_cat-cizgi-roman","6":"product_cat-edebiyat","7":"pa_cilt-ciltsiz","8":"pa_tur-kitap","9":"pa_yayinevi-kurukafa","10":"pa_yazar-naoya-matsumoto","12":"first","13":"instock","14":"sale","15":"shipping-taxable","16":"purchasable","17":"product-type-simple"},"_links":{"self":[{"href":"https:\/\/roveyayinevi.com.tr\/index.php\/wp-json\/wp\/v2\/product\/753863","targetHints":{"allow":["GET"]}}],"collection":[{"href":"https:\/\/roveyayinevi.com.tr\/index.php\/wp-json\/wp\/v2\/product"}],"about":[{"href":"https:\/\/roveyayinevi.com.tr\/index.php\/wp-json\/wp\/v2\/types\/product"}],"wp:attachment":[{"href":"https:\/\/roveyayinevi.com.tr\/index.php\/wp-json\/wp\/v2\/media?parent=753863"}],"wp:term":[{"taxonomy":"product_brand","embeddable":true,"href":"https:\/\/roveyayinevi.com.tr\/index.php\/wp-json\/wp\/v2\/product_brand?post=753863"},{"taxonomy":"product_cat","embeddable":true,"href":"https:\/\/roveyayinevi.com.tr\/index.php\/wp-json\/wp\/v2\/product_cat?post=753863"},{"taxonomy":"product_tag","embeddable":true,"href":"https:\/\/roveyayinevi.com.tr\/index.php\/wp-json\/wp\/v2\/product_tag?post=753863"}],"curies":[{"name":"wp","href":"https:\/\/api.w.org\/{rel}","templated":true}]}}