{"id":753859,"date":"2025-08-28T05:54:46","date_gmt":"2025-08-28T02:54:46","guid":{"rendered":"https:\/\/roveyayinevi.com.tr\/index.php\/urun\/toplumsal-hareketler\/"},"modified":"2026-04-16T03:07:20","modified_gmt":"2026-04-16T00:07:20","slug":"toplumsal-hareketler","status":"publish","type":"product","link":"https:\/\/roveyayinevi.com.tr\/index.php\/urun\/toplumsal-hareketler\/","title":{"rendered":"Toplumsal Hareketler"},"content":{"rendered":"<p>Yirmi birinci y\u00fczy\u0131l\u0131n ilk \u00e7eyre\u011finde d\u00fcnya \u00e7ok b\u00fcy\u00fck de\u011fi\u015fimler ge\u00e7irdi. Geli\u015fen internet ve kitle ileti\u015fim ara\u00e7lar\u0131 mesafeleri k\u0131salt\u0131p zaman\u0131 h\u0131zland\u0131rarak d\u00fcnyan\u0131n d\u00f6rt bir yan\u0131ndaki insanlar\u0131 birbirine \u2013tarihte daha \u00f6nce hi\u00e7 olmad\u0131\u011f\u0131 kadar\u2013 yakla\u015ft\u0131rd\u0131. Bu yak\u0131nla\u015fma daha fazla \u00e7\u0131kar\u0131n kar\u015f\u0131 kar\u015f\u0131ya gelmesine yol a\u00e7t\u0131\u011f\u0131 gibi, farkl\u0131 dillerden, dinlerden, y\u00f6relerden insanlar, taleplerinin ve \u015fikayetlerinin ortak oldu\u011funu fark edip daha geni\u015f tabanl\u0131 \u00f6rg\u00fctlerde haklar\u0131n\u0131 elde etmek i\u00e7in seferber olmaya ba\u015flad\u0131lar. Bu kitap, sosyal bilimlerde toplumsal de\u011fi\u015fim meselesini tabandan yeni bir g\u00f6zle anlamay\u0131 sa\u011flayan bir k\u0131lavuz sunuyor. Kolektif seferberli\u011fin yap\u0131s\u0131n\u0131 ve faillerini, d\u00fcnyan\u0131n d\u00f6rt bir yan\u0131nda verilen \u0131rk\u00e7\u0131l\u0131k kar\u015f\u0131t\u0131 m\u00fccadelelerden iklim de\u011fi\u015fikli\u011fi protestolar\u0131na, k\u00f6yl\u00fclerin topraklar\u0131 i\u00e7in ayaklanmalar\u0131ndan ataerkil d\u00fczenin k\u0131skac\u0131ndan kurtulmaya \u00e7al\u0131\u015fan kad\u0131nlar\u0131n seferberli\u011fine varana kadar, \u00e7a\u011fda\u015f toplumlar\u0131n itici g\u00fcc\u00fc h\u00e2line gelen toplumsal hareketler olgusunu canl\u0131 ve g\u00fcncel \u00f6rnekler \u00fczerinden \u00e7\u00f6z\u00fcmleyerek  bile\u015fenlerine ay\u0131r\u0131yor ve ara\u015ft\u0131rmac\u0131lara toplumsal de\u011fi\u015fimi hareketler \u00fczerinden anlaman\u0131n ara\u00e7lar\u0131n\u0131 sunuyor. <\/p>\n","protected":false},"excerpt":{"rendered":"<p>Yirmi birinci y\u00fczy\u0131l\u0131n ilk \u00e7eyre\u011finde d\u00fcnya \u00e7ok b\u00fcy\u00fck de\u011fi\u015fimler ge\u00e7irdi. Geli\u015fen internet ve kitle ileti\u015fim ara\u00e7lar\u0131 mesafeleri k\u0131salt\u0131p zaman\u0131 h\u0131zland\u0131rarak d\u00fcnyan\u0131n d\u00f6rt bir yan\u0131ndaki insanlar\u0131 birbirine<span class=\"excerpt-hellip\"> [\u2026]<\/span><\/p>\n","protected":false},"featured_media":0,"template":"","meta":{"_monsterinsights_skip_tracking":false,"_monsterinsights_sitenote_active":false,"_monsterinsights_sitenote_note":"","_monsterinsights_sitenote_category":0},"product_brand":[],"product_cat":[12324],"product_tag":[],"class_list":{"0":"post-753859","1":"product","2":"type-product","3":"status-publish","5":"product_cat-sosyoloji","6":"pa_cilt-ciltsiz","7":"pa_tur-kitap","8":"pa_yayinevi-fol-kitap","9":"pa_yazar-paul-almeida","11":"first","12":"instock","13":"sale","14":"shipping-taxable","15":"purchasable","16":"product-type-simple"},"_links":{"self":[{"href":"https:\/\/roveyayinevi.com.tr\/index.php\/wp-json\/wp\/v2\/product\/753859","targetHints":{"allow":["GET"]}}],"collection":[{"href":"https:\/\/roveyayinevi.com.tr\/index.php\/wp-json\/wp\/v2\/product"}],"about":[{"href":"https:\/\/roveyayinevi.com.tr\/index.php\/wp-json\/wp\/v2\/types\/product"}],"wp:attachment":[{"href":"https:\/\/roveyayinevi.com.tr\/index.php\/wp-json\/wp\/v2\/media?parent=753859"}],"wp:term":[{"taxonomy":"product_brand","embeddable":true,"href":"https:\/\/roveyayinevi.com.tr\/index.php\/wp-json\/wp\/v2\/product_brand?post=753859"},{"taxonomy":"product_cat","embeddable":true,"href":"https:\/\/roveyayinevi.com.tr\/index.php\/wp-json\/wp\/v2\/product_cat?post=753859"},{"taxonomy":"product_tag","embeddable":true,"href":"https:\/\/roveyayinevi.com.tr\/index.php\/wp-json\/wp\/v2\/product_tag?post=753859"}],"curies":[{"name":"wp","href":"https:\/\/api.w.org\/{rel}","templated":true}]}}