{"id":753858,"date":"2025-08-28T05:54:44","date_gmt":"2025-08-28T02:54:44","guid":{"rendered":"https:\/\/roveyayinevi.com.tr\/index.php\/urun\/siyasi-dusuncenin-tarihi\/"},"modified":"2026-04-16T03:07:20","modified_gmt":"2026-04-16T00:07:20","slug":"siyasi-dusuncenin-tarihi","status":"publish","type":"product","link":"https:\/\/roveyayinevi.com.tr\/index.php\/urun\/siyasi-dusuncenin-tarihi\/","title":{"rendered":"Siyasi D\u00fc\u015f\u00fcncenin Tarihi"},"content":{"rendered":"<p>Frans\u0131z ve Amerikan Devrimlerinin Bat\u0131\u2019da yaratt\u0131\u011f\u0131 deprem krall\u0131klar\u0131 y\u0131kt\u0131, eskimi\u015f d\u00fczenleri tarihe g\u00f6md\u00fc. Toplumda yeni akt\u00f6rler, yeni \u00e7\u0131karlar, yeni \u00e7at\u0131\u015fmalar ve yeni ba\u011fl\u0131l\u0131klar yaratt\u0131. Yeni bir d\u00fcnyan\u0131n kuruldu\u011funu ilan ederek insanlara yeniden ba\u015flama, d\u00fcnyay\u0131 tekrar kurma umudu a\u015f\u0131lad\u0131. Ba\u015far\u0131s\u0131zl\u0131klar\u0131yla da bug\u00fcn bile etkisini hissetti\u011fimiz korkutucu hayaletleri d\u00fcnyan\u0131n ba\u015f\u0131na musallat etti. Siyasetin ne oldu\u011fu, ne olmas\u0131 gerekti\u011fi ve ne olamayaca\u011f\u0131 sorular\u0131n\u0131n eskisinden bile daha g\u00fc\u00e7l\u00fc bir \u015fekilde sorulmas\u0131na ve yan\u0131tlanmas\u0131na vesile oldu. Bu kitap, Frans\u0131z Devrimi\u2019nden g\u00fcn\u00fcm\u00fcze kadar olan d\u00f6nemde, Bat\u0131\u2019da \u00e7at\u0131\u015fan \u00e7\u0131karlar\u0131 temsil eden ve \u00e7o\u011fu zaman birbiriyle taban tabana z\u0131t olagelmi\u015f siyaset d\u00fczenlerini ve siyaset yapma tarzlar\u0131n\u0131 ele al\u0131yor. Siyasi d\u00fc\u015f\u00fcnceyi modern d\u00fcnyan\u0131n y\u00fckselen kurumsal, k\u00fclt\u00fcrel ve ekonomik \u00e7er\u00e7evesi ba\u011flam\u0131nda ele alan felsefi ve tarihsel bir \u00e7\u00f6z\u00fcmlemede birle\u015ftiriyor. Devrim, tepki, ulus devleti, \u00f6zg\u00fcrl\u00fck, totalitarizm gibi Bat\u0131\u2019n\u0131n d\u00fc\u015f\u00fcnce ve siyaset d\u00fcnyas\u0131nda yer etmi\u015f temel izlekleri ve siyaset tart\u0131\u015fmalar\u0131n\u0131 ele al\u0131yor. Kant, Burke, Hegel, Cuoco, Mazzini, Tocqueville, Marx, Mill, Lenin, Schmitt, Hayek, Oakeshott, Foucault, Hardt, Negri, Gray ve Rawls gibi isimler \u00fczerinden siyasetin neli\u011finin ve nas\u0131ll\u0131\u011f\u0131n\u0131n izini s\u00fcrerek modern siyasetin ve siyaset felsefesinin foto\u011fraf\u0131n\u0131 \u00e7ekiyor.<\/p>\n","protected":false},"excerpt":{"rendered":"<p>Frans\u0131z ve Amerikan Devrimlerinin Bat\u0131\u2019da yaratt\u0131\u011f\u0131 deprem krall\u0131klar\u0131 y\u0131kt\u0131, eskimi\u015f d\u00fczenleri tarihe g\u00f6md\u00fc. Toplumda yeni akt\u00f6rler, yeni \u00e7\u0131karlar, yeni \u00e7at\u0131\u015fmalar ve yeni ba\u011fl\u0131l\u0131klar yaratt\u0131. Yeni bir<span class=\"excerpt-hellip\"> [\u2026]<\/span><\/p>\n","protected":false},"featured_media":0,"template":"","meta":{"_monsterinsights_skip_tracking":false,"_monsterinsights_sitenote_active":false,"_monsterinsights_sitenote_note":"","_monsterinsights_sitenote_category":0},"product_brand":[],"product_cat":[12337,14528],"product_tag":[],"class_list":{"0":"post-753858","1":"product","2":"type-product","3":"status-publish","5":"product_cat-politika-siyaset","6":"product_cat-siyaset-tarihi","7":"pa_cilt-ciltsiz","8":"pa_tur-kitap","9":"pa_yayinevi-fol-kitap","10":"pa_yazar-bruce-haddock","12":"first","13":"instock","14":"sale","15":"shipping-taxable","16":"purchasable","17":"product-type-simple"},"_links":{"self":[{"href":"https:\/\/roveyayinevi.com.tr\/index.php\/wp-json\/wp\/v2\/product\/753858","targetHints":{"allow":["GET"]}}],"collection":[{"href":"https:\/\/roveyayinevi.com.tr\/index.php\/wp-json\/wp\/v2\/product"}],"about":[{"href":"https:\/\/roveyayinevi.com.tr\/index.php\/wp-json\/wp\/v2\/types\/product"}],"wp:attachment":[{"href":"https:\/\/roveyayinevi.com.tr\/index.php\/wp-json\/wp\/v2\/media?parent=753858"}],"wp:term":[{"taxonomy":"product_brand","embeddable":true,"href":"https:\/\/roveyayinevi.com.tr\/index.php\/wp-json\/wp\/v2\/product_brand?post=753858"},{"taxonomy":"product_cat","embeddable":true,"href":"https:\/\/roveyayinevi.com.tr\/index.php\/wp-json\/wp\/v2\/product_cat?post=753858"},{"taxonomy":"product_tag","embeddable":true,"href":"https:\/\/roveyayinevi.com.tr\/index.php\/wp-json\/wp\/v2\/product_tag?post=753858"}],"curies":[{"name":"wp","href":"https:\/\/api.w.org\/{rel}","templated":true}]}}