{"id":753854,"date":"2025-08-28T05:54:39","date_gmt":"2025-08-28T02:54:39","guid":{"rendered":"https:\/\/roveyayinevi.com.tr\/index.php\/urun\/kursun-kalem\/"},"modified":"2026-04-16T03:07:20","modified_gmt":"2026-04-16T00:07:20","slug":"kursun-kalem","status":"publish","type":"product","link":"https:\/\/roveyayinevi.com.tr\/index.php\/urun\/kursun-kalem\/","title":{"rendered":"Kur\u015fun Kalem"},"content":{"rendered":"<p>Ta\u015frada \u00d6l\u00fcrken\u2019le \u00f6zg\u00fcn ve tekinsiz bir kaleme sahip oldu\u011funu g\u00f6steren Dilek \u00d6zhan Ko\u00e7ak\u2019\u0131n ikinci roman\u0131: Kur\u015fun Kalem.   \u0130ntikam, hesapla\u015fma, k\u0131sasa k\u0131sas&#8230; G\u00f6rd\u00fc\u011f\u00fc her k\u00f6t\u00fcl\u00fc\u011f\u00fc sineye \u00e7eken, nefreti kendinde zararl\u0131 bilen ve ac\u0131n\u0131n m\u00fc\u015fterek ya\u015fanmad\u0131\u011f\u0131na inanan insanlar\u0131n dahi u\u011frad\u0131\u011f\u0131 \u00e7etin duraklar. \u00c7ocuk veya yeti\u015fkin, \u00f6\u00e7 alma iste\u011fi tek bir duyguyla, basit veya derin bir \u00f6fkeyle karar\u0131r herkeste. Dilek \u00d6zhan Ko\u00e7ak bu kez a\u011f\u0131r bir hesapla\u015fma hik\u00e2yesiyle \u00e7\u0131k\u0131yor okur kar\u015f\u0131s\u0131na. Bir ailenin yok olu\u015funu, kabar\u0131k bir kin defteriyle, her \u015feye \u015fahit bir \u00e7orapla, bildiklerini yaln\u0131zca \u201chav\u201dlayabilen k\u00f6peklerle ve \u00f6l\u00fcm\u00fc m\u00fcmk\u00fcn k\u0131lan ara\u00e7larla anlat\u0131yor. Ustaca kurgulad\u0131\u011f\u0131 bu hik\u00e2yeyi, Hakk\u0131\u2019n\u0131n ahk\u00e2m\u0131n\u0131 ve adaletini dipdiri bir deh\u015fetle b\u0131rak\u0131yor okurun vicdan\u0131na.   \u201c(&#8230;) Ekledim \u00e7\u00fcnk\u00fc uzun s\u00fcre bu \u00f6de\u015fmenin s\u0131radan, s\u00fcss\u00fcz ve kendili\u011finden olmas\u0131 i\u00e7in elimden geleni yapt\u0131m. Bekledim, rastlant\u0131lar\u0131n bir ipe dizilmi\u015f gibi birbirini izlemesini, yani \u00e2lemdeki o ince terazinin tart\u0131p y\u00f6netti\u011fi zaman\u0131n, kendi kendine adalet \u00e7ark\u0131n\u0131 tetiklemesini bekledim. Bo\u015fu bo\u015funa. \u0130\u015fte \u00f6l\u00fcyorum bir daha.   \u00d6nce hat\u0131rlay\u0131p fark etmek, sonra nefret etmek, sevmek, reddetmek, sonra da unutmak yollar\u0131ndan defalarca ge\u00e7erek, o k\u00fc\u00e7\u00fck, sanki cisimle\u015fip bir \u00e7ekirde\u011fe d\u00f6n\u00fc\u015fm\u00fc\u015f \u00f6fke, sanki \u00e7atlayaca\u011f\u0131 zaman\u0131 bekleyen bir koza zannetti\u011fim, bazen bir bitki gibi ye\u015fermesini bekledi\u011fim, kafam\u0131n i\u00e7inde birlikte ya\u015famak zorunda kald\u0131\u011f\u0131m kur\u015fun \u00e7ekirde\u011finden kurtuldu\u011fumu sand\u0131m. Bu kez ger\u00e7ekten \u00f6l\u00fcyorum.\u201d <\/p>\n","protected":false},"excerpt":{"rendered":"<p>Ta\u015frada \u00d6l\u00fcrken\u2019le \u00f6zg\u00fcn ve tekinsiz bir kaleme sahip oldu\u011funu g\u00f6steren Dilek \u00d6zhan Ko\u00e7ak\u2019\u0131n ikinci roman\u0131: Kur\u015fun Kalem. \u0130ntikam, hesapla\u015fma, k\u0131sasa k\u0131sas&#8230; G\u00f6rd\u00fc\u011f\u00fc her k\u00f6t\u00fcl\u00fc\u011f\u00fc sineye \u00e7eken,<span class=\"excerpt-hellip\"> [\u2026]<\/span><\/p>\n","protected":false},"featured_media":0,"template":"","meta":{"_monsterinsights_skip_tracking":false,"_monsterinsights_sitenote_active":false,"_monsterinsights_sitenote_note":"","_monsterinsights_sitenote_category":0},"product_brand":[],"product_cat":[12291,12711],"product_tag":[],"class_list":{"0":"post-753854","1":"product","2":"type-product","3":"status-publish","5":"product_cat-edebiyat","6":"product_cat-roman-oyku","7":"pa_cilt-ciltsiz","8":"pa_tur-kitap","9":"pa_yayinevi-ithaki-yayinlari","10":"pa_yazar-dilek-ozhan-kocak","12":"first","13":"instock","14":"sale","15":"shipping-taxable","16":"purchasable","17":"product-type-simple"},"_links":{"self":[{"href":"https:\/\/roveyayinevi.com.tr\/index.php\/wp-json\/wp\/v2\/product\/753854","targetHints":{"allow":["GET"]}}],"collection":[{"href":"https:\/\/roveyayinevi.com.tr\/index.php\/wp-json\/wp\/v2\/product"}],"about":[{"href":"https:\/\/roveyayinevi.com.tr\/index.php\/wp-json\/wp\/v2\/types\/product"}],"wp:attachment":[{"href":"https:\/\/roveyayinevi.com.tr\/index.php\/wp-json\/wp\/v2\/media?parent=753854"}],"wp:term":[{"taxonomy":"product_brand","embeddable":true,"href":"https:\/\/roveyayinevi.com.tr\/index.php\/wp-json\/wp\/v2\/product_brand?post=753854"},{"taxonomy":"product_cat","embeddable":true,"href":"https:\/\/roveyayinevi.com.tr\/index.php\/wp-json\/wp\/v2\/product_cat?post=753854"},{"taxonomy":"product_tag","embeddable":true,"href":"https:\/\/roveyayinevi.com.tr\/index.php\/wp-json\/wp\/v2\/product_tag?post=753854"}],"curies":[{"name":"wp","href":"https:\/\/api.w.org\/{rel}","templated":true}]}}