{"id":753852,"date":"2025-08-28T05:54:35","date_gmt":"2025-08-28T02:54:35","guid":{"rendered":"https:\/\/roveyayinevi.com.tr\/index.php\/urun\/karanlikta-yukselmek\/"},"modified":"2026-04-16T03:07:20","modified_gmt":"2026-04-16T00:07:20","slug":"karanlikta-yukselmek","status":"publish","type":"product","link":"https:\/\/roveyayinevi.com.tr\/index.php\/urun\/karanlikta-yukselmek\/","title":{"rendered":"Karanl\u0131kta Y\u00fckselmek"},"content":{"rendered":"<p>Bulut Atlas\u0131 ve \u0130stasyon On Bir hayranlar\u0131n\u0131n ilgiyle okuyaca\u011f\u0131 Karanl\u0131kta Y\u00fckselmek okurlar\u0131 bir iklim krizinden sonra insanl\u0131\u011f\u0131n hayat\u0131 yeniden in\u015fa etme m\u00fccadelesi verdi\u011fi y\u00fczlerce y\u0131l s\u00fcren bir maceraya davet ediyor.   Y\u0131l 2030. K\u00fcresel \u0131s\u0131nma buzullar\u0131n h\u0131zla erimesine yol a\u00e7\u0131yordu. Bilim insanlar\u0131 Kuzey Kutup Dairesi\u2019nde yapt\u0131klar\u0131 ara\u015ft\u0131rmalar s\u0131ras\u0131nda binlerce y\u0131l \u00f6nce \u015fu an var olmayan bir vir\u00fcsten \u00f6lm\u00fc\u015f bir cesedi incelerken vir\u00fcs\u00fcn t\u00fcm d\u00fcnyaya yay\u0131lmas\u0131na sebep olmu\u015flard\u0131.   \u0130nsanl\u0131\u011f\u0131n Kutup Vebas\u0131\u2019na kar\u015f\u0131 on y\u0131llar s\u00fcren m\u00fccadelesi medeniyetleri, kurallar\u0131 ve ahlak anlay\u0131\u015f\u0131n\u0131 de\u011fi\u015ftirirken bir grup insan da bu \u00f6lmekte olan gezegenden ka\u00e7\u0131\u015f yollar\u0131n\u0131 aramaktayd\u0131&#8230;   Sequoia Nagamatsu okurlar\u0131, mezarl\u0131klara d\u00f6n\u00fc\u015fm\u00fc\u015f g\u00f6kdelenlerden \u00f6l\u00fcler i\u00e7in yap\u0131lm\u0131\u015f otellere ve y\u0131ld\u0131zlararas\u0131 uzay gemilerine uzanan, k\u0131talar\u0131, y\u00fczy\u0131llar\u0131 ve hatta g\u00f6k cisimlerini a\u015fan \u00e7\u0131lg\u0131n bir yolculu\u011fa \u00e7\u0131kar\u0131yor.   \u201cAk\u0131ldan \u00e7\u0131kmayan bir eser. Karanl\u0131kta Y\u00fckselmek, farkl\u0131 sesleri bir araya getirip g\u00fczel ve berrak bir bilimkurguya d\u00f6n\u00fc\u015ft\u00fcr\u00fcyor. Ger\u00e7ekten \u015fa\u015f\u0131rt\u0131c\u0131 bir zek\u00e2n\u0131n \u00fcr\u00fcn\u00fc.\u201d \u2014Alan Moore   \u201cHarika bir roman. Belirsiz gelece\u011fi tahayy\u00fcl ederken yak\u0131n\u0131m\u0131zda tutmam\u0131z gereken t\u00fcrden&#8230;\u201d \u2014Kevin Wilson<\/p>\n","protected":false},"excerpt":{"rendered":"<p>Bulut Atlas\u0131 ve \u0130stasyon On Bir hayranlar\u0131n\u0131n ilgiyle okuyaca\u011f\u0131 Karanl\u0131kta Y\u00fckselmek okurlar\u0131 bir iklim krizinden sonra insanl\u0131\u011f\u0131n hayat\u0131 yeniden in\u015fa etme m\u00fccadelesi verdi\u011fi y\u00fczlerce y\u0131l s\u00fcren<span class=\"excerpt-hellip\"> [\u2026]<\/span><\/p>\n","protected":false},"featured_media":0,"template":"","meta":{"_monsterinsights_skip_tracking":false,"_monsterinsights_sitenote_active":false,"_monsterinsights_sitenote_note":"","_monsterinsights_sitenote_category":0},"product_brand":[],"product_cat":[12540,12291],"product_tag":[],"class_list":{"0":"post-753852","1":"product","2":"type-product","3":"status-publish","5":"product_cat-bilim-kurgu","6":"product_cat-edebiyat","7":"pa_cilt-ciltsiz","8":"pa_tur-kitap","9":"pa_yayinevi-ithaki-yayinlari","10":"pa_yazar-sequoia-nagamatsu","12":"first","13":"instock","14":"sale","15":"shipping-taxable","16":"purchasable","17":"product-type-simple"},"_links":{"self":[{"href":"https:\/\/roveyayinevi.com.tr\/index.php\/wp-json\/wp\/v2\/product\/753852","targetHints":{"allow":["GET"]}}],"collection":[{"href":"https:\/\/roveyayinevi.com.tr\/index.php\/wp-json\/wp\/v2\/product"}],"about":[{"href":"https:\/\/roveyayinevi.com.tr\/index.php\/wp-json\/wp\/v2\/types\/product"}],"wp:attachment":[{"href":"https:\/\/roveyayinevi.com.tr\/index.php\/wp-json\/wp\/v2\/media?parent=753852"}],"wp:term":[{"taxonomy":"product_brand","embeddable":true,"href":"https:\/\/roveyayinevi.com.tr\/index.php\/wp-json\/wp\/v2\/product_brand?post=753852"},{"taxonomy":"product_cat","embeddable":true,"href":"https:\/\/roveyayinevi.com.tr\/index.php\/wp-json\/wp\/v2\/product_cat?post=753852"},{"taxonomy":"product_tag","embeddable":true,"href":"https:\/\/roveyayinevi.com.tr\/index.php\/wp-json\/wp\/v2\/product_tag?post=753852"}],"curies":[{"name":"wp","href":"https:\/\/api.w.org\/{rel}","templated":true}]}}