{"id":753848,"date":"2025-08-28T05:54:28","date_gmt":"2025-08-28T02:54:28","guid":{"rendered":"https:\/\/roveyayinevi.com.tr\/index.php\/urun\/sosyoloji-ders-notlari\/"},"modified":"2026-04-16T03:07:20","modified_gmt":"2026-04-16T00:07:20","slug":"sosyoloji-ders-notlari","status":"publish","type":"product","link":"https:\/\/roveyayinevi.com.tr\/index.php\/urun\/sosyoloji-ders-notlari\/","title":{"rendered":"Sosyoloji Ders Notlar\u0131"},"content":{"rendered":"<p>G\u00fcnd\u00fcz Vassaf\u2019\u0131n haz\u0131rlad\u0131\u011f\u0131, klinik psikolog Belk\u0131s Halim Vassaf\u2019\u0131n, \u0130stanbul \u00dcniversitesinde ders veren Georges Dum\u00e9zil\u2019in \u00f6\u011frencisiyken tuttu\u011fu notlar\u0131 ve Dum\u00e9zil\u2019in \u00e7al\u0131\u015fmalar\u0131n\u0131 ele alan iki makaleden olu\u015fan Dum\u00e9zil\u2019in Sosyoloji Dersi Notlar\u0131, hem Dum\u00e9zil\u2019in hayat\u0131 ve ki\u015fili\u011fine hem de T\u00fcrkiye\u2019nin bir d\u00f6neminin entelekt\u00fcel hayat\u0131na \u0131\u015f\u0131k tutuyor. S\u00f6z konusu makalelerden ilkini kaleme alan Ali Akay, Dum\u00e9zil&#8217;in eserleri ve ki\u015fili\u011fi \u00fczerine odaklan\u0131yor. Di\u011fer makalenin yazar\u0131 Sumru \u00d6zsoy ise Dum\u00e9zil\u2019in Kafkas dilleri, \u00f6zellikle Ub\u0131h\u00e7a \u00fczerine yapt\u0131\u011f\u0131 ara\u015ft\u0131rmalara dair okura \u00f6nemli veriler sunuyor. Belk\u0131s Halim Vassaf\u2019\u0131n defterinden \u00e7\u0131kan bu kitap, College de France\u2019da Hint-Avrupa Uygarl\u0131\u011f\u0131 profes\u00f6r\u00fc olan ve g\u00fcn\u00fcm\u00fczde en \u00f6nemli mitoloji uzmanlar\u0131ndan biri kabul edilen Akademi \u00fcyesi Georges Dum\u00e9zil\u2019in Ub\u0131h\u00e7a konu\u015fan son ki\u015fi Tevfik Esen\u00e7\u2019le birlikte Ub\u0131hlar\u0131n dillerini nas\u0131l yeniden in\u015fa etti\u011fini g\u00f6steriyor. <\/p>\n","protected":false},"excerpt":{"rendered":"<p>G\u00fcnd\u00fcz Vassaf\u2019\u0131n haz\u0131rlad\u0131\u011f\u0131, klinik psikolog Belk\u0131s Halim Vassaf\u2019\u0131n, \u0130stanbul \u00dcniversitesinde ders veren Georges Dum\u00e9zil\u2019in \u00f6\u011frencisiyken tuttu\u011fu notlar\u0131 ve Dum\u00e9zil\u2019in \u00e7al\u0131\u015fmalar\u0131n\u0131 ele alan iki makaleden olu\u015fan Dum\u00e9zil\u2019in<span class=\"excerpt-hellip\"> [\u2026]<\/span><\/p>\n","protected":false},"featured_media":0,"template":"","meta":{"_monsterinsights_skip_tracking":false,"_monsterinsights_sitenote_active":false,"_monsterinsights_sitenote_note":"","_monsterinsights_sitenote_category":0},"product_brand":[],"product_cat":[12325,12324],"product_tag":[],"class_list":{"0":"post-753848","1":"product","2":"type-product","3":"status-publish","5":"product_cat-diger-sosyoloji","6":"product_cat-sosyoloji","7":"pa_cilt-ciltsiz","8":"pa_tur-kitap","9":"pa_yayinevi-alfa-yayinlari","10":"pa_yazar-georges-dumezil","12":"first","13":"instock","14":"sale","15":"shipping-taxable","16":"purchasable","17":"product-type-simple"},"_links":{"self":[{"href":"https:\/\/roveyayinevi.com.tr\/index.php\/wp-json\/wp\/v2\/product\/753848","targetHints":{"allow":["GET"]}}],"collection":[{"href":"https:\/\/roveyayinevi.com.tr\/index.php\/wp-json\/wp\/v2\/product"}],"about":[{"href":"https:\/\/roveyayinevi.com.tr\/index.php\/wp-json\/wp\/v2\/types\/product"}],"wp:attachment":[{"href":"https:\/\/roveyayinevi.com.tr\/index.php\/wp-json\/wp\/v2\/media?parent=753848"}],"wp:term":[{"taxonomy":"product_brand","embeddable":true,"href":"https:\/\/roveyayinevi.com.tr\/index.php\/wp-json\/wp\/v2\/product_brand?post=753848"},{"taxonomy":"product_cat","embeddable":true,"href":"https:\/\/roveyayinevi.com.tr\/index.php\/wp-json\/wp\/v2\/product_cat?post=753848"},{"taxonomy":"product_tag","embeddable":true,"href":"https:\/\/roveyayinevi.com.tr\/index.php\/wp-json\/wp\/v2\/product_tag?post=753848"}],"curies":[{"name":"wp","href":"https:\/\/api.w.org\/{rel}","templated":true}]}}