{"id":753847,"date":"2025-08-28T05:54:27","date_gmt":"2025-08-28T02:54:27","guid":{"rendered":"https:\/\/roveyayinevi.com.tr\/index.php\/urun\/kurumsallasma\/"},"modified":"2026-04-16T03:07:20","modified_gmt":"2026-04-16T00:07:20","slug":"kurumsallasma","status":"publish","type":"product","link":"https:\/\/roveyayinevi.com.tr\/index.php\/urun\/kurumsallasma\/","title":{"rendered":"Kurumsalla\u015f(Ma)"},"content":{"rendered":"<p>Kurumsalla\u015fma, kurumsalla\u015farak s\u00fcrd\u00fcr\u00fclebilir olmaya \u00e7al\u0131\u015fma kan\u0131mca \u00e7ok yanl\u0131\u015f anla\u015f\u0131ld\u0131. Kurumsal olmak; organizasyon \u015femas\u0131n\u0131 \u00e7izmek, i\u00e7ini doldurmak, g\u00f6rev tan\u0131mlar\u0131n\u0131 yazmak, prosed\u00fcrleri yazmak, kurallar\u0131 yazmak, cezalar\u0131 yazmak, onu yazmak, bunu yazmak de\u011fildir. Elimizi kolumuzu ba\u011flayan, belki de hi\u00e7 okunmayacak dok\u00fcmantasyona bo\u011fmak da de\u011fildir.   Yazar\u0131m\u0131z \u0130dil T\u00fcrkmeno\u011flu\u2019nun son kitab\u0131 KURUMSALLA\u015e[MA], temelde \u201ck\u00fclt\u00fcr\u201d etraf\u0131na kurulu olsa da genel olarak \u00fc\u00e7 b\u00f6l\u00fcmden olu\u015fuyor: De\u011fi\u015fen i\u015f ya\u015fam\u0131, ihtiya\u00e7lar ve buna ba\u011fl\u0131 olarak insan kaynaklar\u0131n\u0131n de\u011fi\u015fmesi gere\u011fi, k\u00fclt\u00fcr ve son olarak da bilin\u00e7li bir i\u015fyeri k\u00fclt\u00fcr\u00fc tercihi olarak \u201c\u0130\u015fyerinde Demokrasi\u201d.   Elma Yay\u0131nevi, i\u015f ya\u015fam\u0131 kurallar\u0131n\u0131 k\u00f6k\u00fcnden de\u011fi\u015ftirecek yepyeni bir kitapla kar\u015f\u0131n\u0131zda, keyifli okumalar\u2026 <\/p>\n","protected":false},"excerpt":{"rendered":"<p>Kurumsalla\u015fma, kurumsalla\u015farak s\u00fcrd\u00fcr\u00fclebilir olmaya \u00e7al\u0131\u015fma kan\u0131mca \u00e7ok yanl\u0131\u015f anla\u015f\u0131ld\u0131. Kurumsal olmak; organizasyon \u015femas\u0131n\u0131 \u00e7izmek, i\u00e7ini doldurmak, g\u00f6rev tan\u0131mlar\u0131n\u0131 yazmak, prosed\u00fcrleri yazmak, kurallar\u0131 yazmak, cezalar\u0131 yazmak, onu<span class=\"excerpt-hellip\"> [\u2026]<\/span><\/p>\n","protected":false},"featured_media":0,"template":"","meta":{"_monsterinsights_skip_tracking":false,"_monsterinsights_sitenote_active":false,"_monsterinsights_sitenote_note":"","_monsterinsights_sitenote_category":0},"product_brand":[],"product_cat":[13043,17647],"product_tag":[],"class_list":{"0":"post-753847","1":"product","2":"type-product","3":"status-publish","5":"product_cat-ekonomi","6":"product_cat-is-dunyasi","7":"pa_cilt-ciltsiz","8":"pa_tur-kitap","9":"pa_yayinevi-elma-yayinevi","10":"pa_yazar-idil-turkmenoglu","12":"first","13":"instock","14":"sale","15":"shipping-taxable","16":"purchasable","17":"product-type-simple"},"_links":{"self":[{"href":"https:\/\/roveyayinevi.com.tr\/index.php\/wp-json\/wp\/v2\/product\/753847","targetHints":{"allow":["GET"]}}],"collection":[{"href":"https:\/\/roveyayinevi.com.tr\/index.php\/wp-json\/wp\/v2\/product"}],"about":[{"href":"https:\/\/roveyayinevi.com.tr\/index.php\/wp-json\/wp\/v2\/types\/product"}],"wp:attachment":[{"href":"https:\/\/roveyayinevi.com.tr\/index.php\/wp-json\/wp\/v2\/media?parent=753847"}],"wp:term":[{"taxonomy":"product_brand","embeddable":true,"href":"https:\/\/roveyayinevi.com.tr\/index.php\/wp-json\/wp\/v2\/product_brand?post=753847"},{"taxonomy":"product_cat","embeddable":true,"href":"https:\/\/roveyayinevi.com.tr\/index.php\/wp-json\/wp\/v2\/product_cat?post=753847"},{"taxonomy":"product_tag","embeddable":true,"href":"https:\/\/roveyayinevi.com.tr\/index.php\/wp-json\/wp\/v2\/product_tag?post=753847"}],"curies":[{"name":"wp","href":"https:\/\/api.w.org\/{rel}","templated":true}]}}