{"id":753842,"date":"2025-08-28T05:54:18","date_gmt":"2025-08-28T02:54:18","guid":{"rendered":"https:\/\/roveyayinevi.com.tr\/index.php\/urun\/uzaya-cikan-cocuk-yuri-gagarin-cocuklar-icin-kasifler-ve-mucitler-serisi-1\/"},"modified":"2026-04-16T03:07:20","modified_gmt":"2026-04-16T00:07:20","slug":"uzaya-cikan-cocuk-yuri-gagarin-cocuklar-icin-kasifler-ve-mucitler-serisi-1","status":"publish","type":"product","link":"https:\/\/roveyayinevi.com.tr\/index.php\/urun\/uzaya-cikan-cocuk-yuri-gagarin-cocuklar-icin-kasifler-ve-mucitler-serisi-1\/","title":{"rendered":"Uzaya \u00c7\u0131kan \u00c7ocuk Yuri Gagarin &#8211; \u00c7ocuklar i\u00e7in Ka\u015fifler ve Mucitler Serisi 1"},"content":{"rendered":"<p>Her birimiz g\u00f6ky\u00fcz\u00fcn\u00fcn u\u00e7suz bucaks\u0131z mavili\u011fini merak ediyoruz. Bunun yan\u0131nda da G\u00fcne\u015f\u2019i, Ay\u2019\u0131, y\u0131ld\u0131zlar\u0131\u2026 Peki uzay\u0131 merak ediyor muyuz? Uzaya \u00e7\u0131kan ilk astronotu ve ilk uzay arac\u0131n\u0131? \u00d6\u011fretmen Yazar Sevgili Nagihan Y\u0131lmaz\u2019\u0131n kaleminden \u00e7\u0131kan \u2018\u2019Uzaya \u00c7\u0131kan \u00c7ocuk Yuri Gagarin\u2019\u2019 eseri t\u00fcm sorular\u0131m\u0131z\u0131n cevaplar\u0131n\u0131 sunuyor, bizlere ise sadece okumak d\u00fc\u015f\u00fcyor. <\/p>\n","protected":false},"excerpt":{"rendered":"<p>Her birimiz g\u00f6ky\u00fcz\u00fcn\u00fcn u\u00e7suz bucaks\u0131z mavili\u011fini merak ediyoruz. Bunun yan\u0131nda da G\u00fcne\u015f\u2019i, Ay\u2019\u0131, y\u0131ld\u0131zlar\u0131\u2026 Peki uzay\u0131 merak ediyor muyuz? Uzaya \u00e7\u0131kan ilk astronotu ve ilk uzay<span class=\"excerpt-hellip\"> [\u2026]<\/span><\/p>\n","protected":false},"featured_media":0,"template":"","meta":{"_monsterinsights_skip_tracking":false,"_monsterinsights_sitenote_active":false,"_monsterinsights_sitenote_note":"","_monsterinsights_sitenote_category":0},"product_brand":[],"product_cat":[13829,12274],"product_tag":[],"class_list":{"0":"post-753842","1":"product","2":"type-product","3":"status-publish","5":"product_cat-bilimsel-kitaplar","6":"product_cat-cocuk-ve-genclik-kitaplari","7":"pa_cilt-ciltsiz","8":"pa_tur-kitap","9":"pa_yayinevi-kirmizi-ada-yayinlari","10":"pa_yazar-nagihan-yilmaz","12":"first","13":"instock","14":"sale","15":"shipping-taxable","16":"purchasable","17":"product-type-simple"},"_links":{"self":[{"href":"https:\/\/roveyayinevi.com.tr\/index.php\/wp-json\/wp\/v2\/product\/753842","targetHints":{"allow":["GET"]}}],"collection":[{"href":"https:\/\/roveyayinevi.com.tr\/index.php\/wp-json\/wp\/v2\/product"}],"about":[{"href":"https:\/\/roveyayinevi.com.tr\/index.php\/wp-json\/wp\/v2\/types\/product"}],"wp:attachment":[{"href":"https:\/\/roveyayinevi.com.tr\/index.php\/wp-json\/wp\/v2\/media?parent=753842"}],"wp:term":[{"taxonomy":"product_brand","embeddable":true,"href":"https:\/\/roveyayinevi.com.tr\/index.php\/wp-json\/wp\/v2\/product_brand?post=753842"},{"taxonomy":"product_cat","embeddable":true,"href":"https:\/\/roveyayinevi.com.tr\/index.php\/wp-json\/wp\/v2\/product_cat?post=753842"},{"taxonomy":"product_tag","embeddable":true,"href":"https:\/\/roveyayinevi.com.tr\/index.php\/wp-json\/wp\/v2\/product_tag?post=753842"}],"curies":[{"name":"wp","href":"https:\/\/api.w.org\/{rel}","templated":true}]}}