{"id":753840,"date":"2025-08-28T05:54:14","date_gmt":"2025-08-28T02:54:14","guid":{"rendered":"https:\/\/roveyayinevi.com.tr\/index.php\/urun\/suyun-kaldirma-kuvvetini-kesfeden-arsimet-archimed-cocuklar-icin-kasifler-ve-mucitler-serisi-7\/"},"modified":"2026-04-16T03:07:20","modified_gmt":"2026-04-16T00:07:20","slug":"suyun-kaldirma-kuvvetini-kesfeden-arsimet-archimed-cocuklar-icin-kasifler-ve-mucitler-serisi-7","status":"publish","type":"product","link":"https:\/\/roveyayinevi.com.tr\/index.php\/urun\/suyun-kaldirma-kuvvetini-kesfeden-arsimet-archimed-cocuklar-icin-kasifler-ve-mucitler-serisi-7\/","title":{"rendered":"Suyun Kald\u0131rma Kuvvetini Ke\u015ffeden Ar\u015fimet (Archimed) &#8211; \u00c7ocuklar i\u00e7in Ka\u015fifler ve Mucitler Serisi 7"},"content":{"rendered":"<p>Hi\u00e7 merak ettiniz mi? Tonlarca y\u00fck ta\u015f\u0131yan gemiler suyun \u00fczerinde nas\u0131l duruyorlar? Okudu\u011fumuz bilgiler bizi bir yerden bir yere g\u00f6t\u00fcr\u00fcr m\u00fc? Peki ya merak etti\u011fimiz sorular\u0131n cevaplar\u0131n\u0131 bulabiliyor muyuz? \u00d6\u011fretmen Yazar Sevgili Nagihan  Y\u0131lmaz\u2019\u0131n kaleminden \u00e7\u0131kan \u2018\u2019Suyun Kald\u0131rma Kuvvetini Ke\u015ffeden Ar\u015fimet\u2019\u2019 eseri t\u00fcm sorular\u0131m\u0131z\u0131n cevaplar\u0131n\u0131 sunuyor, bizlere ise sadece okumak d\u00fc\u015f\u00fcyor. <\/p>\n","protected":false},"excerpt":{"rendered":"<p>Hi\u00e7 merak ettiniz mi? Tonlarca y\u00fck ta\u015f\u0131yan gemiler suyun \u00fczerinde nas\u0131l duruyorlar? Okudu\u011fumuz bilgiler bizi bir yerden bir yere g\u00f6t\u00fcr\u00fcr m\u00fc? Peki ya merak etti\u011fimiz sorular\u0131n<span class=\"excerpt-hellip\"> [\u2026]<\/span><\/p>\n","protected":false},"featured_media":0,"template":"","meta":{"_monsterinsights_skip_tracking":false,"_monsterinsights_sitenote_active":false,"_monsterinsights_sitenote_note":"","_monsterinsights_sitenote_category":0},"product_brand":[],"product_cat":[13829,12274],"product_tag":[],"class_list":{"0":"post-753840","1":"product","2":"type-product","3":"status-publish","5":"product_cat-bilimsel-kitaplar","6":"product_cat-cocuk-ve-genclik-kitaplari","7":"pa_cilt-ciltsiz","8":"pa_tur-kitap","9":"pa_yayinevi-kirmizi-ada-yayinlari","10":"pa_yazar-nagihan-yilmaz","12":"first","13":"instock","14":"sale","15":"shipping-taxable","16":"purchasable","17":"product-type-simple"},"_links":{"self":[{"href":"https:\/\/roveyayinevi.com.tr\/index.php\/wp-json\/wp\/v2\/product\/753840","targetHints":{"allow":["GET"]}}],"collection":[{"href":"https:\/\/roveyayinevi.com.tr\/index.php\/wp-json\/wp\/v2\/product"}],"about":[{"href":"https:\/\/roveyayinevi.com.tr\/index.php\/wp-json\/wp\/v2\/types\/product"}],"wp:attachment":[{"href":"https:\/\/roveyayinevi.com.tr\/index.php\/wp-json\/wp\/v2\/media?parent=753840"}],"wp:term":[{"taxonomy":"product_brand","embeddable":true,"href":"https:\/\/roveyayinevi.com.tr\/index.php\/wp-json\/wp\/v2\/product_brand?post=753840"},{"taxonomy":"product_cat","embeddable":true,"href":"https:\/\/roveyayinevi.com.tr\/index.php\/wp-json\/wp\/v2\/product_cat?post=753840"},{"taxonomy":"product_tag","embeddable":true,"href":"https:\/\/roveyayinevi.com.tr\/index.php\/wp-json\/wp\/v2\/product_tag?post=753840"}],"curies":[{"name":"wp","href":"https:\/\/api.w.org\/{rel}","templated":true}]}}