{"id":753839,"date":"2025-08-28T05:54:13","date_gmt":"2025-08-28T02:54:13","guid":{"rendered":"https:\/\/roveyayinevi.com.tr\/index.php\/urun\/steteskobu-icat-eden-dr-rene-laennec-cocuklar-icin-kasifler-ve-mucitler-serisi-2\/"},"modified":"2026-04-16T03:07:20","modified_gmt":"2026-04-16T00:07:20","slug":"steteskobu-icat-eden-dr-rene-laennec-cocuklar-icin-kasifler-ve-mucitler-serisi-2","status":"publish","type":"product","link":"https:\/\/roveyayinevi.com.tr\/index.php\/urun\/steteskobu-icat-eden-dr-rene-laennec-cocuklar-icin-kasifler-ve-mucitler-serisi-2\/","title":{"rendered":"Steteskobu \u0130cat Eden Dr. Rene Laennec &#8211; \u00c7ocuklar i\u00e7in Ka\u015fifler ve Mucitler Serisi 2"},"content":{"rendered":"<p>\u0130nsanlara yard\u0131m etmekten ho\u015flan\u0131yor, iyilik yapmay\u0131 seviyor musunuz? Peki ya g\u00f6zlem yap\u0131yor musunuz? Bulu\u015flar\u0131n tarihine bakt\u0131\u011f\u0131m\u0131zda mutlaka ama mutlaka g\u00f6zlem yetene\u011finin \u00e7ok \u00f6nemli oldu\u011funu g\u00f6r\u00fcr\u00fcz. G\u00f6zlem yetene\u011fi sayesinde stetoskobu icat eden gen\u00e7 doktorla tan\u0131\u015ft\u0131n\u0131z m\u0131? \u00d6\u011fretmen Yazar Sevgili Nagihan Y\u0131lmaz\u2019\u0131n kaleminden \u00e7\u0131kan \u2018Stetoskobu \u0130cat Eden Dr. Rene Laennec\u2019\u2019 eseri t\u00fcm sorular\u0131m\u0131z\u0131n cevaplar\u0131n\u0131 sunuyor, bizlere ise sadece okumak d\u00fc\u015f\u00fcyor.<\/p>\n","protected":false},"excerpt":{"rendered":"<p>\u0130nsanlara yard\u0131m etmekten ho\u015flan\u0131yor, iyilik yapmay\u0131 seviyor musunuz? Peki ya g\u00f6zlem yap\u0131yor musunuz? Bulu\u015flar\u0131n tarihine bakt\u0131\u011f\u0131m\u0131zda mutlaka ama mutlaka g\u00f6zlem yetene\u011finin \u00e7ok \u00f6nemli oldu\u011funu g\u00f6r\u00fcr\u00fcz. G\u00f6zlem<span class=\"excerpt-hellip\"> [\u2026]<\/span><\/p>\n","protected":false},"featured_media":0,"template":"","meta":{"_monsterinsights_skip_tracking":false,"_monsterinsights_sitenote_active":false,"_monsterinsights_sitenote_note":"","_monsterinsights_sitenote_category":0},"product_brand":[],"product_cat":[13829,12274],"product_tag":[],"class_list":{"0":"post-753839","1":"product","2":"type-product","3":"status-publish","5":"product_cat-bilimsel-kitaplar","6":"product_cat-cocuk-ve-genclik-kitaplari","7":"pa_cilt-ciltsiz","8":"pa_tur-kitap","9":"pa_yayinevi-kirmizi-ada-yayinlari","10":"pa_yazar-nagihan-yilmaz","12":"first","13":"instock","14":"sale","15":"shipping-taxable","16":"purchasable","17":"product-type-simple"},"_links":{"self":[{"href":"https:\/\/roveyayinevi.com.tr\/index.php\/wp-json\/wp\/v2\/product\/753839","targetHints":{"allow":["GET"]}}],"collection":[{"href":"https:\/\/roveyayinevi.com.tr\/index.php\/wp-json\/wp\/v2\/product"}],"about":[{"href":"https:\/\/roveyayinevi.com.tr\/index.php\/wp-json\/wp\/v2\/types\/product"}],"wp:attachment":[{"href":"https:\/\/roveyayinevi.com.tr\/index.php\/wp-json\/wp\/v2\/media?parent=753839"}],"wp:term":[{"taxonomy":"product_brand","embeddable":true,"href":"https:\/\/roveyayinevi.com.tr\/index.php\/wp-json\/wp\/v2\/product_brand?post=753839"},{"taxonomy":"product_cat","embeddable":true,"href":"https:\/\/roveyayinevi.com.tr\/index.php\/wp-json\/wp\/v2\/product_cat?post=753839"},{"taxonomy":"product_tag","embeddable":true,"href":"https:\/\/roveyayinevi.com.tr\/index.php\/wp-json\/wp\/v2\/product_tag?post=753839"}],"curies":[{"name":"wp","href":"https:\/\/api.w.org\/{rel}","templated":true}]}}