{"id":753835,"date":"2025-08-28T05:54:06","date_gmt":"2025-08-28T02:54:06","guid":{"rendered":"https:\/\/roveyayinevi.com.tr\/index.php\/urun\/nazik-olmanin-100-yolu\/"},"modified":"2026-04-13T03:13:05","modified_gmt":"2026-04-13T00:13:05","slug":"nazik-olmanin-100-yolu","status":"publish","type":"product","link":"https:\/\/roveyayinevi.com.tr\/index.php\/urun\/nazik-olmanin-100-yolu\/","title":{"rendered":"Nazik Olman\u0131n 100 Yolu"},"content":{"rendered":"<p>G\u00fcnl\u00fck nezaket eylemleri ruh h\u00e2linizi y\u00fckseltir, ba\u011f\u0131\u015f\u0131kl\u0131\u011f\u0131n\u0131z\u0131 artt\u0131r\u0131r, kan bas\u0131nc\u0131n\u0131z\u0131 d\u00fc\u015f\u00fcr\u00fcr, kayg\u0131y\u0131 azalt\u0131r, ya\u015flanma s\u00fcrecini yava\u015flatabilir -kendinizle olan ili\u015fkiniz dahil-, ili\u015fkilerinizin kalitesini iyile\u015ftirebilir ve size derin bir anlam ve ama\u00e7 duygusu verebilir. Nazik Olman\u0131n 100 Yolu hem kendinize hem ba\u015fkalar\u0131na hem de do\u011faya kar\u015f\u0131 nas\u0131l daha nazik olabilece\u011finize dair pratik, basit ve an\u0131nda eyleme ge\u00e7irilebilir yollar\u0131n bir haritas\u0131n\u0131 sunuyor. Theresa, nazik olman\u0131n bir zay\u0131fl\u0131k oldu\u011fu y\u00f6n\u00fcndeki zarar verici efsaneyi \u00e7\u00fcr\u00fct\u00fcyor ve ger\u00e7ek i\u00e7 cesaretimizi ortaya \u00e7\u0131karan\u0131n \u00f6fke veya sald\u0131rganl\u0131k de\u011fil, nezaket oldu\u011funu g\u00f6steriyor. Nezaket, herkesin \u015fu anda uygulamas\u0131 gereken basit ve bilimsel olarak kan\u0131tlanm\u0131\u015f bir devad\u0131r. Hem hayat\u0131n\u0131z\u0131 d\u00f6n\u00fc\u015ft\u00fcrmek hem de d\u00fcnyay\u0131 kurtarmak i\u00e7in nezaketin g\u00fcc\u00fcnden yararlanmak istiyor ancak nas\u0131l yapaca\u011f\u0131n\u0131z\u0131 tam olarak bilemiyorsan\u0131z; bu kitap tam size g\u00f6re. <\/p>\n","protected":false},"excerpt":{"rendered":"<p>G\u00fcnl\u00fck nezaket eylemleri ruh h\u00e2linizi y\u00fckseltir, ba\u011f\u0131\u015f\u0131kl\u0131\u011f\u0131n\u0131z\u0131 artt\u0131r\u0131r, kan bas\u0131nc\u0131n\u0131z\u0131 d\u00fc\u015f\u00fcr\u00fcr, kayg\u0131y\u0131 azalt\u0131r, ya\u015flanma s\u00fcrecini yava\u015flatabilir -kendinizle olan ili\u015fkiniz dahil-, ili\u015fkilerinizin kalitesini iyile\u015ftirebilir ve size derin<span class=\"excerpt-hellip\"> [\u2026]<\/span><\/p>\n","protected":false},"featured_media":0,"template":"","meta":{"_monsterinsights_skip_tracking":false,"_monsterinsights_sitenote_active":false,"_monsterinsights_sitenote_note":"","_monsterinsights_sitenote_category":0},"product_brand":[],"product_cat":[12364,12376],"product_tag":[],"class_list":{"0":"post-753835","1":"product","2":"type-product","3":"status-publish","5":"product_cat-genel-konular","6":"product_cat-kisisel-gelisim","7":"pa_cilt-ciltsiz","8":"pa_tur-kitap","9":"pa_yayinevi-orenda","10":"pa_yazar-theresa-cheung","12":"first","13":"instock","14":"sale","15":"shipping-taxable","16":"purchasable","17":"product-type-simple"},"_links":{"self":[{"href":"https:\/\/roveyayinevi.com.tr\/index.php\/wp-json\/wp\/v2\/product\/753835","targetHints":{"allow":["GET"]}}],"collection":[{"href":"https:\/\/roveyayinevi.com.tr\/index.php\/wp-json\/wp\/v2\/product"}],"about":[{"href":"https:\/\/roveyayinevi.com.tr\/index.php\/wp-json\/wp\/v2\/types\/product"}],"wp:attachment":[{"href":"https:\/\/roveyayinevi.com.tr\/index.php\/wp-json\/wp\/v2\/media?parent=753835"}],"wp:term":[{"taxonomy":"product_brand","embeddable":true,"href":"https:\/\/roveyayinevi.com.tr\/index.php\/wp-json\/wp\/v2\/product_brand?post=753835"},{"taxonomy":"product_cat","embeddable":true,"href":"https:\/\/roveyayinevi.com.tr\/index.php\/wp-json\/wp\/v2\/product_cat?post=753835"},{"taxonomy":"product_tag","embeddable":true,"href":"https:\/\/roveyayinevi.com.tr\/index.php\/wp-json\/wp\/v2\/product_tag?post=753835"}],"curies":[{"name":"wp","href":"https:\/\/api.w.org\/{rel}","templated":true}]}}