{"id":753833,"date":"2025-08-28T05:54:02","date_gmt":"2025-08-28T02:54:02","guid":{"rendered":"https:\/\/roveyayinevi.com.tr\/index.php\/urun\/duygularin-arsivi\/"},"modified":"2026-04-13T03:13:05","modified_gmt":"2026-04-13T00:13:05","slug":"duygularin-arsivi","status":"publish","type":"product","link":"https:\/\/roveyayinevi.com.tr\/index.php\/urun\/duygularin-arsivi\/","title":{"rendered":"Duygular\u0131n Ar\u015fivi"},"content":{"rendered":"<p>Kavu\u015fulmaz bir a\u015fk, hasretten \u00e7ok daha fazlas\u0131d\u0131r! \u0130svi\u00e7re edebiyat\u0131n\u0131n \u00f6nde gelen kalemlerinden Peter Stamm&#8217;\u0131n yazd\u0131\u011f\u0131 Duygular\u0131n Ar\u015fivi, hi\u00e7li\u011fin tam ortas\u0131nda k\u00e2\u011f\u0131t y\u0131\u011f\u0131nlar\u0131ndan kendine yeni bir hayat kuran yaln\u0131z bir adam\u0131n i\u00e7sel monologlar\u0131yla \u015fekillenen \u00e7arp\u0131c\u0131 bir roman.   Ge\u00e7mi\u015fle gelece\u011fi sa\u011flam k\u00f6pr\u00fclerle birbirine ba\u011flarken yaln\u0131zl\u0131\u011f\u0131 duygulardan ar\u0131nmakla e\u015fde\u011fer tutan yazar; kavu\u015fulmayan a\u015fklar\u0131n, zaman\u0131n i\u015fledi\u011fi su\u00e7lar\u0131n, varolu\u015fsal hezeyanlar\u0131n g\u00f6lgesinde y\u00fckselen ba\u015f d\u00f6nd\u00fcr\u00fcc\u00fc bir anlat\u0131 sergiliyor.  Katmanl\u0131 hik\u00e2yesini psikoloji ve felsefe sular\u0131nda y\u00fczd\u00fcrerek derinlikli bir zemine oturtan bu sars\u0131c\u0131 kitap, pandemi d\u00f6neminde k\u00fcresel boyutta deneyimledi\u011fimiz sosyal psikopatolojinin edeb\u00ee bir izd\u00fc\u015f\u00fcm\u00fc \u00e2deta.  Bir \u015feylerin de\u011fi\u015fmesini istemiyorum. Kabahat mi? K\u00f6kl\u00fc bir gazetenin karanl\u0131k dehlizlerinde uzun y\u0131llar ar\u015fivcilik yapan ba\u015fkarakter, i\u015fini kaybettikten sonra ya\u015fama tutunman\u0131n yolunu yine ge\u00e7mi\u015fin tozlu sayfalar\u0131 aras\u0131nda bulur. G\u00f6rev yapt\u0131\u011f\u0131 gazetenin ar\u015fivini evine ta\u015f\u0131r, bodrumuna yerle\u015ftirir ve bu kez sadece kendisi i\u00e7in \u00e7al\u0131\u015fmaya ba\u015flar. Bildi\u011fi tek i\u015fi devam ettirebiliyor olmak ba\u015flarda onu iyi hissettirir. Ancak zamanla, hayat\u0131 tamamen ar\u015fivin i\u00e7ine hapsolur. Gazete kup\u00fcrlerinin aras\u0131ndan s\u0131zan nostalji r\u00fczg\u00e2rlar\u0131 \u015fimdilerde 60&#8217;lar\u0131nda olan adam\u0131 eski hat\u0131ralar\u0131na g\u00f6t\u00fcr\u00fcr. Mazi belle\u011finde canland\u0131k\u00e7a, \u00f6zellikle \u00e7ocukluk a\u015fk\u0131n\u0131, asla ger\u00e7ek anlamda \u201csevgili\u201d olamad\u0131klar\u0131 Franziska akl\u0131na d\u00fc\u015fer. \u0130\u00e7inde koca bir bo\u015flu\u011fa d\u00f6n\u00fc\u015fen bu kad\u0131n\u0131 an\u0131lar\u0131ndan hi\u00e7 koparamad\u0131\u011f\u0131n\u0131 fark eder. Belki de art\u0131k, \u00f6zg\u00fcrl\u00fc\u011f\u00fcn\u00fc s\u0131n\u0131rlayan duygular\u0131n\u0131 bir ar\u015five kapat\u0131p, ge\u00e7mi\u015fiyle y\u00fczle\u015fmenin ve hayat\u0131nda yeni bir sayfa a\u00e7man\u0131n vaktidir&#8230;  Peter Stamm, kendisini duygusuzla\u015ft\u0131rmaya ant i\u00e7mi\u015f bir adam\u0131n hayattaki ikinci \u015fans\u0131n\u0131n pe\u015finden gidi\u015fine tan\u0131kl\u0131k ettirdi\u011fi bu roman\u0131nda, de\u011fi\u015fimin ak\u0131nt\u0131s\u0131na kap\u0131lman\u0131n ve an\u0131larda ya\u015f\u0131yormu\u015f\u00e7as\u0131na sonsuz bir anda var olman\u0131n dayan\u0131lmaz \u00e7ekicili\u011fine vurgu yap\u0131yor.    Ar\u015fiv yaln\u0131zca d\u00fcnyay\u0131 yans\u0131tmaz, ayn\u0131 zamanda d\u00fcnyan\u0131n bir kopyas\u0131d\u0131r. <\/p>\n","protected":false},"excerpt":{"rendered":"<p>Kavu\u015fulmaz bir a\u015fk, hasretten \u00e7ok daha fazlas\u0131d\u0131r! \u0130svi\u00e7re edebiyat\u0131n\u0131n \u00f6nde gelen kalemlerinden Peter Stamm&#8217;\u0131n yazd\u0131\u011f\u0131 Duygular\u0131n Ar\u015fivi, hi\u00e7li\u011fin tam ortas\u0131nda k\u00e2\u011f\u0131t y\u0131\u011f\u0131nlar\u0131ndan kendine yeni bir hayat<span class=\"excerpt-hellip\"> [\u2026]<\/span><\/p>\n","protected":false},"featured_media":0,"template":"","meta":{"_monsterinsights_skip_tracking":false,"_monsterinsights_sitenote_active":false,"_monsterinsights_sitenote_note":"","_monsterinsights_sitenote_category":0},"product_brand":[],"product_cat":[12291,12711],"product_tag":[],"class_list":{"0":"post-753833","1":"product","2":"type-product","3":"status-publish","5":"product_cat-edebiyat","6":"product_cat-roman-oyku","7":"pa_cilt-ciltsiz","8":"pa_tur-kitap","9":"pa_yayinevi-delidolu","10":"pa_yazar-peter-stamm","12":"first","13":"instock","14":"sale","15":"shipping-taxable","16":"purchasable","17":"product-type-simple"},"_links":{"self":[{"href":"https:\/\/roveyayinevi.com.tr\/index.php\/wp-json\/wp\/v2\/product\/753833","targetHints":{"allow":["GET"]}}],"collection":[{"href":"https:\/\/roveyayinevi.com.tr\/index.php\/wp-json\/wp\/v2\/product"}],"about":[{"href":"https:\/\/roveyayinevi.com.tr\/index.php\/wp-json\/wp\/v2\/types\/product"}],"wp:attachment":[{"href":"https:\/\/roveyayinevi.com.tr\/index.php\/wp-json\/wp\/v2\/media?parent=753833"}],"wp:term":[{"taxonomy":"product_brand","embeddable":true,"href":"https:\/\/roveyayinevi.com.tr\/index.php\/wp-json\/wp\/v2\/product_brand?post=753833"},{"taxonomy":"product_cat","embeddable":true,"href":"https:\/\/roveyayinevi.com.tr\/index.php\/wp-json\/wp\/v2\/product_cat?post=753833"},{"taxonomy":"product_tag","embeddable":true,"href":"https:\/\/roveyayinevi.com.tr\/index.php\/wp-json\/wp\/v2\/product_tag?post=753833"}],"curies":[{"name":"wp","href":"https:\/\/api.w.org\/{rel}","templated":true}]}}