{"id":753830,"date":"2025-08-28T05:53:56","date_gmt":"2025-08-28T02:53:56","guid":{"rendered":"https:\/\/roveyayinevi.com.tr\/index.php\/urun\/genis-ovalarin-mamutlari\/"},"modified":"2026-04-16T03:07:20","modified_gmt":"2026-04-16T00:07:20","slug":"genis-ovalarin-mamutlari","status":"publish","type":"product","link":"https:\/\/roveyayinevi.com.tr\/index.php\/urun\/genis-ovalarin-mamutlari\/","title":{"rendered":"Geni\u015f Ovalar\u0131n Mamutlar\u0131"},"content":{"rendered":"<p>&#8220;Arnason&#8217;\u0131n bilgece ve ilgi uyand\u0131ran hik\u00e2yeleri, kan\u0131ksad\u0131\u011f\u0131m\u0131z \u015feyleri sorgulamam\u0131z\u0131 sa\u011fl\u0131yor. Sevme bi\u00e7imimizi, nas\u0131l sava\u015ft\u0131\u011f\u0131m\u0131z\u0131, nas\u0131l ya\u015fad\u0131\u011f\u0131m\u0131z\u0131.\u201d Maureen McHugh, Tiptree ve Hugo \u00d6d\u00fclleri sahibi \u201cB\u00fcy\u00fck bir yazar, bireysel bir ya\u015fam hik\u00e2yesi yazabilir ve bununla daha b\u00fcy\u00fck bir d\u00fcnyaya dair bir \u00e7a\u011fr\u0131\u015f\u0131m da \u00fcretebilir. Ancak, d\u00fcnyan\u0131n tarih\u00f6ncesini ve gelece\u011fini kapsayacak kadar b\u00fcy\u00fck bir \u00e7a\u011fr\u0131\u015f\u0131ma nadiren rastlad\u0131m. Ya da bunun yirmi binden biraz daha fazla kelimeyle ba\u015far\u0131ld\u0131\u011f\u0131na. Arnason b\u00fcy\u00fck bir yazar ve Geni\u015f Ovalar\u0131n Mamutlar\u0131 harika bir hik\u00e2ye.\u201d Karen Joy Fowler, Jane Austen Book Club adl\u0131 \u00e7ok satan kitab\u0131n yazar\u0131 \u201cEleanor Arnason inan\u0131lmaz bir yazar; do\u011frudan, kendini adam\u0131\u015f bir kaleme ve keskin bir bak\u0131\u015f a\u00e7\u0131s\u0131na sahip. Metinlerindeki ger\u00e7eklik ne kadar fantastik olursa olsun, yine de \u00e7al\u0131\u015fmalar\u0131 ger\u00e7ekli\u011fe s\u0131k\u0131 s\u0131k\u0131ya ba\u011fl\u0131 ve karakterlerine g\u00f6sterdi\u011fi \u015fefkat ve sayg\u0131; g\u00fc\u00e7, politika ve makul ya\u015famlar s\u00fcrd\u00fcrme arzusu duyan insanlar aras\u0131ndaki kat\u0131 etkile\u015fime odaklan\u0131rken bile hik\u00e2yelerini i\u00e7tenlik ve mizahla besliyor. Geni\u015f Ovalar\u0131n Mamutlar\u0131, takdire \u015fayan \u00e7al\u0131\u015fmalar\u0131na eklenen ho\u015f bir metin.\u201d Suzy McKee Charnas, Hugo, Nebula ve Tiptree \u00d6d\u00fclleri sahibi <\/p>\n","protected":false},"excerpt":{"rendered":"<p>&#8220;Arnason&#8217;\u0131n bilgece ve ilgi uyand\u0131ran hik\u00e2yeleri, kan\u0131ksad\u0131\u011f\u0131m\u0131z \u015feyleri sorgulamam\u0131z\u0131 sa\u011fl\u0131yor. Sevme bi\u00e7imimizi, nas\u0131l sava\u015ft\u0131\u011f\u0131m\u0131z\u0131, nas\u0131l ya\u015fad\u0131\u011f\u0131m\u0131z\u0131.\u201d Maureen McHugh, Tiptree ve Hugo \u00d6d\u00fclleri sahibi \u201cB\u00fcy\u00fck bir yazar,<span class=\"excerpt-hellip\"> [\u2026]<\/span><\/p>\n","protected":false},"featured_media":0,"template":"","meta":{"_monsterinsights_skip_tracking":false,"_monsterinsights_sitenote_active":false,"_monsterinsights_sitenote_note":"","_monsterinsights_sitenote_category":0},"product_brand":[],"product_cat":[12540,12291],"product_tag":[],"class_list":{"0":"post-753830","1":"product","2":"type-product","3":"status-publish","5":"product_cat-bilim-kurgu","6":"product_cat-edebiyat","7":"pa_cilt-ciltsiz","8":"pa_tur-kitap","9":"pa_yayinevi-ayrinti-yayinlari","10":"pa_yazar-eleanor-arnason","12":"first","13":"instock","14":"sale","15":"shipping-taxable","16":"purchasable","17":"product-type-simple"},"_links":{"self":[{"href":"https:\/\/roveyayinevi.com.tr\/index.php\/wp-json\/wp\/v2\/product\/753830","targetHints":{"allow":["GET"]}}],"collection":[{"href":"https:\/\/roveyayinevi.com.tr\/index.php\/wp-json\/wp\/v2\/product"}],"about":[{"href":"https:\/\/roveyayinevi.com.tr\/index.php\/wp-json\/wp\/v2\/types\/product"}],"wp:attachment":[{"href":"https:\/\/roveyayinevi.com.tr\/index.php\/wp-json\/wp\/v2\/media?parent=753830"}],"wp:term":[{"taxonomy":"product_brand","embeddable":true,"href":"https:\/\/roveyayinevi.com.tr\/index.php\/wp-json\/wp\/v2\/product_brand?post=753830"},{"taxonomy":"product_cat","embeddable":true,"href":"https:\/\/roveyayinevi.com.tr\/index.php\/wp-json\/wp\/v2\/product_cat?post=753830"},{"taxonomy":"product_tag","embeddable":true,"href":"https:\/\/roveyayinevi.com.tr\/index.php\/wp-json\/wp\/v2\/product_tag?post=753830"}],"curies":[{"name":"wp","href":"https:\/\/api.w.org\/{rel}","templated":true}]}}