{"id":753829,"date":"2025-08-28T05:53:50","date_gmt":"2025-08-28T02:53:50","guid":{"rendered":"https:\/\/roveyayinevi.com.tr\/index.php\/urun\/tehlike-suc-ve-haklar\/"},"modified":"2026-04-16T03:07:20","modified_gmt":"2026-04-16T00:07:20","slug":"tehlike-suc-ve-haklar","status":"publish","type":"product","link":"https:\/\/roveyayinevi.com.tr\/index.php\/urun\/tehlike-suc-ve-haklar\/","title":{"rendered":"Tehlike, Su\u00e7 ve Haklar"},"content":{"rendered":"<p>\u0130ngilizcede 2016\u2019da yay\u0131mlanan bu metin Michel Foucault ile Jonathan Simon aras\u0131nda Ekim 1983\u2019te San Francisco\u2019da yap\u0131lan bir konu\u015fma kayd\u0131n\u0131n yaz\u0131ya d\u00f6k\u00fclmesiyle ortaya \u00e7\u0131kt\u0131. Foucault Kitapl\u0131\u011f\u0131\u2019n\u0131n \u00fc\u00e7\u00fcnc\u00fc kitab\u0131 olarak Utku \u00d6zmakas\u2019\u0131n \u00e7evirisiyle ilk defa T\u00fcrk\u00e7ede. Foucault ve Simon, filozofun 1977\u2019de verdi\u011fi \u201c19. Y\u00fczy\u0131l Adli Psikiyatrisinde \u2018Tehlikeli Ki\u015fi\u2019 Kavram\u0131na Dair\u201d ba\u015fl\u0131kl\u0131 konferans\u0131n\u0131 ele alarak ba\u015fl\u0131yorlar sohbete ve hukuk sisteminde tehlike, su\u00e7, sorumluluk ve haklar \u00fczerine bir tart\u0131\u015fmaya ge\u00e7iyorlar. Bu s\u00f6yle\u015fi metnine Stuart Elden\u2019in T\u00fcrk\u00e7e bask\u0131ya yazd\u0131\u011f\u0131 k\u0131sa \u00f6ns\u00f6z, \u0130ngilizce bask\u0131ya yazd\u0131\u011f\u0131 giri\u015f ve Simon\u2019un s\u00f6yle\u015fiye dair geriye d\u00f6n\u00fck yorumu e\u015flik ediyor. Bir hukuk sistemi, belli bir anda, belli bir toplumdaki bir g\u00fc\u00e7 ili\u015fkisinin, bir kuvvet ili\u015fkisinin ifadesidir, dolay\u0131s\u0131yla hukukun herhangi bir \u015fekilde kutsalla\u015ft\u0131r\u0131lmamas\u0131 gerekir. Gelgelelim haklar ve hukuk tam olarak ayn\u0131 \u015fey de\u011fildir. Her hal\u00fck\u00e2rda bir kuruma, bir yasaya, bir hukuk sistemine kar\u015f\u0131 bu kurumlar\u0131n, yasalar\u0131n, hukuk sisteminin temelinde olan ya da oldu\u011fu varsay\u0131lan haklar ad\u0131na kar\u015f\u0131 durman\u0131n ya da bunlarla m\u00fccadele etmenin \u00f6nemli oldu\u011funu d\u00fc\u015f\u00fcn\u00fcyorum. <\/p>\n","protected":false},"excerpt":{"rendered":"<p>\u0130ngilizcede 2016\u2019da yay\u0131mlanan bu metin Michel Foucault ile Jonathan Simon aras\u0131nda Ekim 1983\u2019te San Francisco\u2019da yap\u0131lan bir konu\u015fma kayd\u0131n\u0131n yaz\u0131ya d\u00f6k\u00fclmesiyle ortaya \u00e7\u0131kt\u0131. Foucault Kitapl\u0131\u011f\u0131\u2019n\u0131n \u00fc\u00e7\u00fcnc\u00fc<span class=\"excerpt-hellip\"> [\u2026]<\/span><\/p>\n","protected":false},"featured_media":0,"template":"","meta":{"_monsterinsights_skip_tracking":false,"_monsterinsights_sitenote_active":false,"_monsterinsights_sitenote_note":"","_monsterinsights_sitenote_category":0},"product_brand":[],"product_cat":[15350],"product_tag":[],"class_list":{"0":"post-753829","1":"product","2":"type-product","3":"status-publish","5":"product_cat-hukuk","6":"pa_cilt-ciltsiz","7":"pa_tur-kitap","8":"pa_yayinevi-ayrinti-yayinlari","9":"pa_yazar-michel-foucault","11":"first","12":"instock","13":"sale","14":"shipping-taxable","15":"purchasable","16":"product-type-simple"},"_links":{"self":[{"href":"https:\/\/roveyayinevi.com.tr\/index.php\/wp-json\/wp\/v2\/product\/753829","targetHints":{"allow":["GET"]}}],"collection":[{"href":"https:\/\/roveyayinevi.com.tr\/index.php\/wp-json\/wp\/v2\/product"}],"about":[{"href":"https:\/\/roveyayinevi.com.tr\/index.php\/wp-json\/wp\/v2\/types\/product"}],"wp:attachment":[{"href":"https:\/\/roveyayinevi.com.tr\/index.php\/wp-json\/wp\/v2\/media?parent=753829"}],"wp:term":[{"taxonomy":"product_brand","embeddable":true,"href":"https:\/\/roveyayinevi.com.tr\/index.php\/wp-json\/wp\/v2\/product_brand?post=753829"},{"taxonomy":"product_cat","embeddable":true,"href":"https:\/\/roveyayinevi.com.tr\/index.php\/wp-json\/wp\/v2\/product_cat?post=753829"},{"taxonomy":"product_tag","embeddable":true,"href":"https:\/\/roveyayinevi.com.tr\/index.php\/wp-json\/wp\/v2\/product_tag?post=753829"}],"curies":[{"name":"wp","href":"https:\/\/api.w.org\/{rel}","templated":true}]}}