{"id":753827,"date":"2025-08-28T05:53:46","date_gmt":"2025-08-28T02:53:46","guid":{"rendered":"https:\/\/roveyayinevi.com.tr\/index.php\/urun\/iklim-hakkinda-bilmeniz-gereken-123-super-akillica-sey\/"},"modified":"2026-04-16T03:07:19","modified_gmt":"2026-04-16T00:07:19","slug":"iklim-hakkinda-bilmeniz-gereken-123-super-akillica-sey","status":"publish","type":"product","link":"https:\/\/roveyayinevi.com.tr\/index.php\/urun\/iklim-hakkinda-bilmeniz-gereken-123-super-akillica-sey\/","title":{"rendered":"\u0130klim Hakk\u0131nda Bilmeniz Gereken 123 S\u00fcper Ak\u0131ll\u0131ca \u015eey"},"content":{"rendered":"<p>Gezegenimizin iklimine dair s\u0131ra d\u0131\u015f\u0131 ger\u00e7ekler ve iklim kriziyle m\u00fccadelede, eyleme ge\u00e7mek i\u00e7in edinmemiz gereken t\u00fcm bilgiler bu kitapta:   \u00c7\u00f6llerin bal\u0131klar i\u00e7in besin sa\u011flad\u0131\u011f\u0131n\u0131 biliyor muydunuz? Peki ya gezegenimizdeki t\u00fcm ku\u015flar\u0131n %70\u2019inin tavuklar oldu\u011funu? Ya da insanlar\u0131n konu\u015fmaya ba\u015flama sebebinin iklim de\u011fi\u015fikli\u011fi oldu\u011funu?   \u00c7evre ve iklime dair 123 k\u0131sa konu ba\u015fl\u0131\u011f\u0131nda 123 \u015fa\u015f\u0131rt\u0131c\u0131 bilgiyle dolu bu kitap, k\u00fcresel iklim krizinin tarihini inceliyor ve gezegenimizdeki ya\u015fam dengesini korumak i\u00e7in \u00f6neriler sunuyor. <\/p>\n","protected":false},"excerpt":{"rendered":"<p>Gezegenimizin iklimine dair s\u0131ra d\u0131\u015f\u0131 ger\u00e7ekler ve iklim kriziyle m\u00fccadelede, eyleme ge\u00e7mek i\u00e7in edinmemiz gereken t\u00fcm bilgiler bu kitapta: \u00c7\u00f6llerin bal\u0131klar i\u00e7in besin sa\u011flad\u0131\u011f\u0131n\u0131 biliyor muydunuz?<span class=\"excerpt-hellip\"> [\u2026]<\/span><\/p>\n","protected":false},"featured_media":0,"template":"","meta":{"_monsterinsights_skip_tracking":false,"_monsterinsights_sitenote_active":false,"_monsterinsights_sitenote_note":"","_monsterinsights_sitenote_category":0},"product_brand":[],"product_cat":[13005,13006],"product_tag":[],"class_list":{"0":"post-753827","1":"product","2":"type-product","3":"status-publish","5":"product_cat-bilim-muhendislik","6":"product_cat-populer-bilim","7":"pa_cilt-ciltsiz","8":"pa_tur-kitap","9":"pa_yayinevi-orenda","10":"pa_yazar-mathilda-masters","12":"first","13":"instock","14":"sale","15":"shipping-taxable","16":"purchasable","17":"product-type-simple"},"_links":{"self":[{"href":"https:\/\/roveyayinevi.com.tr\/index.php\/wp-json\/wp\/v2\/product\/753827","targetHints":{"allow":["GET"]}}],"collection":[{"href":"https:\/\/roveyayinevi.com.tr\/index.php\/wp-json\/wp\/v2\/product"}],"about":[{"href":"https:\/\/roveyayinevi.com.tr\/index.php\/wp-json\/wp\/v2\/types\/product"}],"wp:attachment":[{"href":"https:\/\/roveyayinevi.com.tr\/index.php\/wp-json\/wp\/v2\/media?parent=753827"}],"wp:term":[{"taxonomy":"product_brand","embeddable":true,"href":"https:\/\/roveyayinevi.com.tr\/index.php\/wp-json\/wp\/v2\/product_brand?post=753827"},{"taxonomy":"product_cat","embeddable":true,"href":"https:\/\/roveyayinevi.com.tr\/index.php\/wp-json\/wp\/v2\/product_cat?post=753827"},{"taxonomy":"product_tag","embeddable":true,"href":"https:\/\/roveyayinevi.com.tr\/index.php\/wp-json\/wp\/v2\/product_tag?post=753827"}],"curies":[{"name":"wp","href":"https:\/\/api.w.org\/{rel}","templated":true}]}}