{"id":753826,"date":"2025-08-28T05:53:45","date_gmt":"2025-08-28T02:53:45","guid":{"rendered":"https:\/\/roveyayinevi.com.tr\/index.php\/urun\/dunyadaki-hayatin-cok-kisa-tarihi\/"},"modified":"2026-04-16T03:07:19","modified_gmt":"2026-04-16T00:07:19","slug":"dunyadaki-hayatin-cok-kisa-tarihi","status":"publish","type":"product","link":"https:\/\/roveyayinevi.com.tr\/index.php\/urun\/dunyadaki-hayatin-cok-kisa-tarihi\/","title":{"rendered":"D\u00fcnya&#8217;daki Hayat\u0131n \u00c7ok K\u0131sa Tarihi"},"content":{"rendered":"<p>D\u00fcnyam\u0131z, ba\u015flang\u0131\u00e7ta, bitmek bilmeyen volkanik patlamalarla azg\u0131n denizlerin oldu\u011fu hayatla ba\u011fda\u015fmayan \u00e7ok farkl\u0131 bir gezegendi. Yine de hayat, t\u00fcm bu karma\u015fa i\u00e7inde ba\u015flad\u0131. Ya\u015fayan h\u00fccrelerin prototipleri enerji \u00fcretimlerini m\u00fckemmelle\u015ftirdi ve inat\u00e7\u0131 k\u00f6p\u00fck tabakalar\u0131n\u0131n i\u00e7inde birikip ebeveynlerinin \u00e7o\u011funlukla sad\u0131k kopyalar\u0131n\u0131 \u00fcreterek etraflar\u0131ndaki tehdit ve tehlikelere ra\u011fmen \u00e7o\u011fald\u0131lar.   Bu ba\u015flang\u0131\u00e7lardan itibaren, Henry Gee, bizleri \u00e7ok h\u00fccreli hayat\u0131n do\u011fu\u015fundan kuru topraklar\u0131n \u00e7\u0131k\u0131\u015f\u0131na, amfibilerin, memelilerle dinozorlar\u0131n; yosunlar\u0131n, e\u011frelti otlar\u0131n\u0131n do\u011fu\u015funa, ayr\u0131ca vetilicolianlar, stromatoporoidler gibi bug\u00fcn bilmedi\u011fimiz hayat formlar\u0131n\u0131n geli\u015fimine ve yok olu\u015flar\u0131na g\u00f6t\u00fcr\u00fcyor. Hayat\u0131n kar\u015f\u0131la\u015ft\u0131\u011f\u0131 meteorlar, volkanik faaliyetler ve asit ya\u011fmurlar\u0131yla k\u0131talar\u0131n par\u00e7alanmas\u0131 ve akabinde birle\u015fmesi, buzul \u00e7a\u011flar\u0131 ve k\u00fcresel \u0131s\u0131nma gibi say\u0131s\u0131z tehdit kar\u015f\u0131s\u0131nda canl\u0131lar\u0131n \u00f6ld\u00fc\u011f\u00fc ve t\u00fcrlerin topluca yery\u00fcz\u00fcnden silindi\u011fi b\u00fcy\u00fck yok olu\u015flar hakk\u0131nda da bilgi sahibi oluyoruz. Buna ra\u011fmen hayat her kriz sonras\u0131nda geli\u015ferek yeni ortamlara uyum sa\u011flayabilmi\u015f, \u00e7e\u015fitli formlarda ortaya \u00e7\u0131kmaya devam etmi\u015ftir. Bu kitap, gezegenimizdeki hayat\u0131n ba\u015flang\u0131c\u0131ndan gelecekteki olas\u0131l\u0131\u011f\u0131na kadar heyecanland\u0131r\u0131c\u0131, ayd\u0131nlat\u0131c\u0131 ve \u00f6zl\u00fc bir anlat\u0131m\u0131d\u0131r. <\/p>\n","protected":false},"excerpt":{"rendered":"<p>D\u00fcnyam\u0131z, ba\u015flang\u0131\u00e7ta, bitmek bilmeyen volkanik patlamalarla azg\u0131n denizlerin oldu\u011fu hayatla ba\u011fda\u015fmayan \u00e7ok farkl\u0131 bir gezegendi. Yine de hayat, t\u00fcm bu karma\u015fa i\u00e7inde ba\u015flad\u0131. Ya\u015fayan h\u00fccrelerin prototipleri<span class=\"excerpt-hellip\"> [\u2026]<\/span><\/p>\n","protected":false},"featured_media":0,"template":"","meta":{"_monsterinsights_skip_tracking":false,"_monsterinsights_sitenote_active":false,"_monsterinsights_sitenote_note":"","_monsterinsights_sitenote_category":0},"product_brand":[],"product_cat":[52477],"product_tag":[],"class_list":{"0":"post-753826","1":"product","2":"type-product","3":"status-publish","5":"product_cat-arastirma","6":"pa_cilt-ciltsiz","7":"pa_tur-kitap","8":"pa_yayinevi-yeditepe-yayinevi","9":"pa_yazar-henry-gee","11":"first","12":"instock","13":"sale","14":"shipping-taxable","15":"purchasable","16":"product-type-simple"},"_links":{"self":[{"href":"https:\/\/roveyayinevi.com.tr\/index.php\/wp-json\/wp\/v2\/product\/753826","targetHints":{"allow":["GET"]}}],"collection":[{"href":"https:\/\/roveyayinevi.com.tr\/index.php\/wp-json\/wp\/v2\/product"}],"about":[{"href":"https:\/\/roveyayinevi.com.tr\/index.php\/wp-json\/wp\/v2\/types\/product"}],"wp:attachment":[{"href":"https:\/\/roveyayinevi.com.tr\/index.php\/wp-json\/wp\/v2\/media?parent=753826"}],"wp:term":[{"taxonomy":"product_brand","embeddable":true,"href":"https:\/\/roveyayinevi.com.tr\/index.php\/wp-json\/wp\/v2\/product_brand?post=753826"},{"taxonomy":"product_cat","embeddable":true,"href":"https:\/\/roveyayinevi.com.tr\/index.php\/wp-json\/wp\/v2\/product_cat?post=753826"},{"taxonomy":"product_tag","embeddable":true,"href":"https:\/\/roveyayinevi.com.tr\/index.php\/wp-json\/wp\/v2\/product_tag?post=753826"}],"curies":[{"name":"wp","href":"https:\/\/api.w.org\/{rel}","templated":true}]}}