{"id":753823,"date":"2025-08-28T05:53:42","date_gmt":"2025-08-28T02:53:42","guid":{"rendered":"https:\/\/roveyayinevi.com.tr\/index.php\/urun\/ayasofyanin-gizli-tarihi\/"},"modified":"2026-04-16T03:07:19","modified_gmt":"2026-04-16T00:07:19","slug":"ayasofyanin-gizli-tarihi","status":"publish","type":"product","link":"https:\/\/roveyayinevi.com.tr\/index.php\/urun\/ayasofyanin-gizli-tarihi\/","title":{"rendered":"Ayasofya&#8217;n\u0131n Gizli Tarihi"},"content":{"rendered":"<p>Ayasofya\u2019n\u0131n s\u0131rlarla dolu gizli tarihi ilk kez g\u00f6zler \u00f6n\u00fcne seriliyor&#8230; \u2022 Ayasofya\u2019n\u0131n i\u00e7indeki gizemli sembollerin anlam\u0131 ne? \u2022 Hangi gizli \u00f6rg\u00fctler Ayasofya\u2019ya izlerini b\u0131rakt\u0131? Bu i\u015faretler hangi ama\u00e7la mabede kaz\u0131nd\u0131? \u2022 Ayasofya\u2019n\u0131n dehlizleri nerelere uzan\u0131yor? \u2022 Tap\u0131nak \u015e\u00f6valyeleri Ayasofya\u2019y\u0131 nas\u0131l hedefine ald\u0131? Ayasofya\u2019da hangi Kutsal Emanetler\u2019i arad\u0131? \u2022 Mabedi kirletmek ad\u0131na i\u00e7inde t\u00fcrl\u00fc sapk\u0131nl\u0131klar yapanlar kimlerdi? \u2022 Ayasofya d\u00fc\u015fman\u0131 Venedikli Dandolo\u2019nun mezar\u0131 neden Ayasofya\u2019n\u0131n i\u00e7inde? \u2022 Fatih Sultan Mehmet, fetih sonras\u0131nda k\u0131l\u0131\u00e7 hakk\u0131 Ayasofya\u2019da hangi de\u011fi\u015fiklikleri yapt\u0131rd\u0131? \u2022 Fatih Sultan Mehmet\u2019in Bellini\u2019ye yapt\u0131rd\u0131\u011f\u0131 \u00fcnl\u00fc tablosu Ayasofya\u2019yla ilgili hangi s\u0131rr\u0131 sakl\u0131yor? \u2022 \u0130stanbul i\u015fgal alt\u0131ndayken \u201cAyasofya\u2019da ha\u00e7 g\u00f6rmektense onu y\u0131kar\u0131m!\u201d diyerek d\u00fc\u015fmandan koruyan gizli kahramanlar kimlerdi? \u2022 Osmanl\u0131\u2019n\u0131n Cami-i Kebir\u2019i nas\u0131l m\u00fczeye d\u00f6n\u00fc\u015ft\u00fcr\u00fcld\u00fc? \u2022 Neden h\u00e2l\u00e2 k\u00fcresel g\u00fc\u00e7lerin ve ezoterik \u00f6rg\u00fctlerin hedefinde? Ayasofya\u2019y\u0131, okuduk\u00e7a anlayacak anlad\u0131k\u00e7a sevecek sevdik\u00e7e sahipleneceksiniz <\/p>\n","protected":false},"excerpt":{"rendered":"<p>Ayasofya\u2019n\u0131n s\u0131rlarla dolu gizli tarihi ilk kez g\u00f6zler \u00f6n\u00fcne seriliyor&#8230; \u2022 Ayasofya\u2019n\u0131n i\u00e7indeki gizemli sembollerin anlam\u0131 ne? \u2022 Hangi gizli \u00f6rg\u00fctler Ayasofya\u2019ya izlerini b\u0131rakt\u0131? Bu i\u015faretler<span class=\"excerpt-hellip\"> [\u2026]<\/span><\/p>\n","protected":false},"featured_media":0,"template":"","meta":{"_monsterinsights_skip_tracking":false,"_monsterinsights_sitenote_active":false,"_monsterinsights_sitenote_note":"","_monsterinsights_sitenote_category":0},"product_brand":[],"product_cat":[12304],"product_tag":[],"class_list":{"0":"post-753823","1":"product","2":"type-product","3":"status-publish","5":"product_cat-tarih","6":"pa_cilt-ciltsiz","7":"pa_tur-kitap","8":"pa_yayinevi-yeditepe-yayinevi","9":"pa_yazar-pelin-cift-erhan-altunay","11":"first","12":"instock","13":"sale","14":"shipping-taxable","15":"purchasable","16":"product-type-simple"},"_links":{"self":[{"href":"https:\/\/roveyayinevi.com.tr\/index.php\/wp-json\/wp\/v2\/product\/753823","targetHints":{"allow":["GET"]}}],"collection":[{"href":"https:\/\/roveyayinevi.com.tr\/index.php\/wp-json\/wp\/v2\/product"}],"about":[{"href":"https:\/\/roveyayinevi.com.tr\/index.php\/wp-json\/wp\/v2\/types\/product"}],"wp:attachment":[{"href":"https:\/\/roveyayinevi.com.tr\/index.php\/wp-json\/wp\/v2\/media?parent=753823"}],"wp:term":[{"taxonomy":"product_brand","embeddable":true,"href":"https:\/\/roveyayinevi.com.tr\/index.php\/wp-json\/wp\/v2\/product_brand?post=753823"},{"taxonomy":"product_cat","embeddable":true,"href":"https:\/\/roveyayinevi.com.tr\/index.php\/wp-json\/wp\/v2\/product_cat?post=753823"},{"taxonomy":"product_tag","embeddable":true,"href":"https:\/\/roveyayinevi.com.tr\/index.php\/wp-json\/wp\/v2\/product_tag?post=753823"}],"curies":[{"name":"wp","href":"https:\/\/api.w.org\/{rel}","templated":true}]}}