{"id":753818,"date":"2025-08-28T05:53:33","date_gmt":"2025-08-28T02:53:33","guid":{"rendered":"https:\/\/roveyayinevi.com.tr\/index.php\/urun\/labirent-5\/"},"modified":"2026-04-16T03:07:19","modified_gmt":"2026-04-16T00:07:19","slug":"labirent-5","status":"publish","type":"product","link":"https:\/\/roveyayinevi.com.tr\/index.php\/urun\/labirent-5\/","title":{"rendered":"Labirent"},"content":{"rendered":"<p>Gronjor, bir yar\u0131s\u0131 karanl\u0131kta di\u011fer yar\u0131s\u0131 ayd\u0131nl\u0131kta kalan, muhte\u015femli\u011fi ve korkun\u00e7lu\u011fu ayn\u0131 b\u00fcnyede bar\u0131nd\u0131ran bir d\u00fcnya. Gronjor\u2019un karanl\u0131k ve korkutucu taraf\u0131nda oradan ge\u00e7en herkesi yollar\u0131ndan al\u0131koymay\u0131 ama\u00e7layan ac\u0131mas\u0131z ve habis yarat\u0131klar\u0131n oda\u011f\u0131nda bir avc\u0131 grubu \u201clabirent\u201din i\u00e7inden ge\u00e7erek merkeze varmay\u0131 hedeflemektedir. Bu hedefe ancak birka\u00e7 ki\u015fi ula\u015fabilir ve sa\u011f salim yolculu\u011funu bitirebilir. Gronjor\u2019un bu iki y\u00fczl\u00fc d\u00fcnyas\u0131n\u0131n hassas dengesi ise B\u00fcy\u00fcc\u00fc Milosh\u2019un kontrol\u00fcndedir. Umut neredeyse hi\u00e7 yoktur, ama de\u011fi\u015fimin kap\u0131da oldu\u011funu s\u00f6yleyen g\u00fc\u00e7l\u00fc bir kehanet der ki\u2026 A\u015fk ve m\u00fccadele, g\u00fcven ve direni\u015fin, isyan ve \u00f6zg\u00fcrl\u00fc\u011f\u00fcn roman\u0131, fantastik bir hik\u00e2ye\u2026 <\/p>\n","protected":false},"excerpt":{"rendered":"<p>Gronjor, bir yar\u0131s\u0131 karanl\u0131kta di\u011fer yar\u0131s\u0131 ayd\u0131nl\u0131kta kalan, muhte\u015femli\u011fi ve korkun\u00e7lu\u011fu ayn\u0131 b\u00fcnyede bar\u0131nd\u0131ran bir d\u00fcnya. Gronjor\u2019un karanl\u0131k ve korkutucu taraf\u0131nda oradan ge\u00e7en herkesi yollar\u0131ndan al\u0131koymay\u0131<span class=\"excerpt-hellip\"> [\u2026]<\/span><\/p>\n","protected":false},"featured_media":0,"template":"","meta":{"_monsterinsights_skip_tracking":false,"_monsterinsights_sitenote_active":false,"_monsterinsights_sitenote_note":"","_monsterinsights_sitenote_category":0},"product_brand":[],"product_cat":[12291,12711],"product_tag":[],"class_list":{"0":"post-753818","1":"product","2":"type-product","3":"status-publish","5":"product_cat-edebiyat","6":"product_cat-roman-oyku","7":"pa_cilt-ciltsiz","8":"pa_tur-kitap","9":"pa_yayinevi-dinozor-cocuk","10":"pa_yazar-victor-panicello","12":"first","13":"instock","14":"sale","15":"shipping-taxable","16":"purchasable","17":"product-type-simple"},"_links":{"self":[{"href":"https:\/\/roveyayinevi.com.tr\/index.php\/wp-json\/wp\/v2\/product\/753818","targetHints":{"allow":["GET"]}}],"collection":[{"href":"https:\/\/roveyayinevi.com.tr\/index.php\/wp-json\/wp\/v2\/product"}],"about":[{"href":"https:\/\/roveyayinevi.com.tr\/index.php\/wp-json\/wp\/v2\/types\/product"}],"wp:attachment":[{"href":"https:\/\/roveyayinevi.com.tr\/index.php\/wp-json\/wp\/v2\/media?parent=753818"}],"wp:term":[{"taxonomy":"product_brand","embeddable":true,"href":"https:\/\/roveyayinevi.com.tr\/index.php\/wp-json\/wp\/v2\/product_brand?post=753818"},{"taxonomy":"product_cat","embeddable":true,"href":"https:\/\/roveyayinevi.com.tr\/index.php\/wp-json\/wp\/v2\/product_cat?post=753818"},{"taxonomy":"product_tag","embeddable":true,"href":"https:\/\/roveyayinevi.com.tr\/index.php\/wp-json\/wp\/v2\/product_tag?post=753818"}],"curies":[{"name":"wp","href":"https:\/\/api.w.org\/{rel}","templated":true}]}}