{"id":753817,"date":"2025-08-28T05:53:31","date_gmt":"2025-08-28T02:53:31","guid":{"rendered":"https:\/\/roveyayinevi.com.tr\/index.php\/urun\/gazap-ve-alevin-kaderi\/"},"modified":"2026-04-16T03:07:19","modified_gmt":"2026-04-16T00:07:19","slug":"gazap-ve-alevin-kaderi","status":"publish","type":"product","link":"https:\/\/roveyayinevi.com.tr\/index.php\/urun\/gazap-ve-alevin-kaderi\/","title":{"rendered":"Gazap ve Alev&#8217;in Kaderi"},"content":{"rendered":"<p>ULUSLARARASI \u00c7OKSATAN YAZAR K.A. TUCKER\u2019DAN B\u00dcY\u00dcLEY\u0130C\u0130, YEN\u0130 B\u0130R EVRENE A\u00c7ILAN \u201cKADER VE ALEV\u201d SER\u0130SIN\u0130N BA\u015e D\u00d6ND\u00dcR\u00dcC\u00dc \u0130LK ROMANI.  \u0130ntikam pe\u015findeki tanr\u0131lar ve canavarlarla dolu bir d\u00fcnyaya ad\u0131m atacak, a\u015fk i\u00e7in ne kadar ileri gidilebilece\u011fini \u00f6\u011frenecekti. Bildi\u011fi tek bir \u015fey vard\u0131: Bir daha hi\u00e7bir \u015fey eskisi gibi olmayacakt\u0131. Gen\u00e7 ve yetenekli Romeria, New York City\u2019de mafya i\u00e7in m\u00fccevher h\u0131rs\u0131zl\u0131\u011f\u0131 yap\u0131yordu. Ancak esrarengiz bir kad\u0131n k\u0131l\u0131\u00e7 zoruyla onu hizmetine al\u0131nca, Romeria bildi\u011fi d\u00fcnyaya veda etti ve kendini taht kavgalar\u0131n\u0131n, sava\u015fan elflerin, ak\u0131l almaz b\u00fcy\u00fclerin oldu\u011fu bir diyarda buldu. En yak\u0131nlar\u0131na ihanet eden bir elf prensesinin bedeninde uyanan Romeria, neler oldu\u011funu anlayana kadar kimli\u011fini gizlemeye karar verdi. \u00d6zellikle de ondan nefret eden ni\u015fanl\u0131s\u0131 Kral Zander\u2019dan. \u0130\u00e7inden \u00e7\u0131k\u0131lmaz \u00f6l\u00fcmc\u00fcl bir komplonun ortas\u0131nda kalan gen\u00e7 kad\u0131n, hem katil oldu\u011funa inanan insanlara kar\u015f\u0131 kendini savunmak hem de hi\u00e7bir gelene\u011fini bilmedi\u011fi bir toplumda \u00e2\u015f\u0131k bir prenses rol\u00fcn\u00fc oynamak zorundayd\u0131. Etraflar\u0131n\u0131 ku\u015fatan tehlikenin d\u00fc\u011f\u00fcm\u00fcn\u00fc \u00e7\u00f6zmek i\u00e7in ona g\u00fcvenmeyen kralla el ele vermekten ba\u015fka \u00e7aresi yoktu. D\u00fc\u015fmanlar yakla\u015f\u0131rken -ve krala kar\u015f\u0131 alevlenen duygular\u0131yla sava\u015f\u0131rken- Romeria\u2019n\u0131n ger\u00e7ekte kim oldu\u011funu \u00f6\u011frenmesinin zaman\u0131 gelmi\u015fti.<\/p>\n","protected":false},"excerpt":{"rendered":"<p>ULUSLARARASI \u00c7OKSATAN YAZAR K.A. TUCKER\u2019DAN B\u00dcY\u00dcLEY\u0130C\u0130, YEN\u0130 B\u0130R EVRENE A\u00c7ILAN \u201cKADER VE ALEV\u201d SER\u0130SIN\u0130N BA\u015e D\u00d6ND\u00dcR\u00dcC\u00dc \u0130LK ROMANI. \u0130ntikam pe\u015findeki tanr\u0131lar ve canavarlarla dolu bir d\u00fcnyaya<span class=\"excerpt-hellip\"> [\u2026]<\/span><\/p>\n","protected":false},"featured_media":0,"template":"","meta":{"_monsterinsights_skip_tracking":false,"_monsterinsights_sitenote_active":false,"_monsterinsights_sitenote_note":"","_monsterinsights_sitenote_category":0},"product_brand":[],"product_cat":[12291,12711],"product_tag":[],"class_list":{"0":"post-753817","1":"product","2":"type-product","3":"status-publish","5":"product_cat-edebiyat","6":"product_cat-roman-oyku","7":"pa_cilt-ciltsiz","8":"pa_tur-kitap","9":"pa_yayinevi-artemis-yayinlari","10":"pa_yazar-k-a-tucker","12":"first","13":"instock","14":"sale","15":"shipping-taxable","16":"purchasable","17":"product-type-simple"},"_links":{"self":[{"href":"https:\/\/roveyayinevi.com.tr\/index.php\/wp-json\/wp\/v2\/product\/753817","targetHints":{"allow":["GET"]}}],"collection":[{"href":"https:\/\/roveyayinevi.com.tr\/index.php\/wp-json\/wp\/v2\/product"}],"about":[{"href":"https:\/\/roveyayinevi.com.tr\/index.php\/wp-json\/wp\/v2\/types\/product"}],"wp:attachment":[{"href":"https:\/\/roveyayinevi.com.tr\/index.php\/wp-json\/wp\/v2\/media?parent=753817"}],"wp:term":[{"taxonomy":"product_brand","embeddable":true,"href":"https:\/\/roveyayinevi.com.tr\/index.php\/wp-json\/wp\/v2\/product_brand?post=753817"},{"taxonomy":"product_cat","embeddable":true,"href":"https:\/\/roveyayinevi.com.tr\/index.php\/wp-json\/wp\/v2\/product_cat?post=753817"},{"taxonomy":"product_tag","embeddable":true,"href":"https:\/\/roveyayinevi.com.tr\/index.php\/wp-json\/wp\/v2\/product_tag?post=753817"}],"curies":[{"name":"wp","href":"https:\/\/api.w.org\/{rel}","templated":true}]}}