{"id":753815,"date":"2025-08-28T05:53:27","date_gmt":"2025-08-28T02:53:27","guid":{"rendered":"https:\/\/roveyayinevi.com.tr\/index.php\/urun\/butun-oyunlari-3-2\/"},"modified":"2026-04-16T03:07:19","modified_gmt":"2026-04-16T00:07:19","slug":"butun-oyunlari-3-2","status":"publish","type":"product","link":"https:\/\/roveyayinevi.com.tr\/index.php\/urun\/butun-oyunlari-3-2\/","title":{"rendered":"B\u00fct\u00fcn Oyunlar\u0131 3"},"content":{"rendered":"<p>\u201cNecati Cumal\u0131 aram\u0131zdan ayr\u0131ld\u0131\u011f\u0131nda, arkas\u0131nda kimi hi\u00e7 oynanmam\u0131\u015f, kimi hi\u00e7 yay\u0131nlanmam\u0131\u015f yirmi dokuz oyun da b\u0131rakt\u0131. Bunlar\u0131n g\u00fcn \u0131\u015f\u0131\u011f\u0131na \u00e7\u0131karmak, \u00f6nce Necati Cumal\u0131\u2019ya, sonra da T\u00fcrk Tiyatro Edebiyat\u0131\u2019na kar\u015f\u0131 borcumdu. Bu yap\u0131tlar\u0131n nas\u0131l y\u0131prat\u0131c\u0131 bir \u00e7al\u0131\u015fma sonucu yarat\u0131ld\u0131\u011f\u0131n\u0131n yak\u0131n tan\u0131\u011f\u0131 olarak, baz\u0131 belgeleri de Necati Cumal\u0131\u2019n\u0131n sanat\u0131na ba\u011fl\u0131l\u0131\u011f\u0131na, k\u0131r\u0131lmaz direncine duydu\u011fum sayg\u0131 nedeniyle ve \u00f6zellikle kendisinin hayattayken ger\u00e7ekle\u015ftiremedi\u011fi bir iste\u011fini yerine getirmek amac\u0131yla okurlar\u0131 ile payla\u015f\u0131yorum\u201d Berin Cumal\u0131   Cumhuriyet d\u00f6nemi T\u00fcrk yaz\u0131n\u0131n\u0131n tan\u0131nm\u0131\u015f isimlerinden Necati Cumal\u0131\u2019n\u0131n tiyatromuz i\u00e7in \u00f6l\u00fcms\u00fcz yap\u0131tlar\u0131n\u0131 bar\u0131nd\u0131ran d\u00f6rt ciltlik \u00e7al\u0131\u015fman\u0131n bu \u00fc\u00e7\u00fcnc\u00fc cildini bug\u00fcn\u00fcn ve yar\u0131n\u0131n ku\u015faklar\u0131na ta\u015f\u0131mas\u0131n\u0131n onurunu ya\u015f\u0131yoruz. \u00d6yk\u00fcden romana, \u015fiirden tiyatroya, denemeden an\u0131 ve incelemeye var\u0131ncaya kadar yaz\u0131n\u0131m\u0131za \u00e7ok y\u00f6nl\u00fc katk\u0131lar sunan Cumal\u0131\u2019n\u0131n oyunlar\u0131yla okuyucular\u0131m\u0131z\u0131n g\u00f6rsel-i\u015fitsel bir sanat olan tiyatro oyunlar\u0131n\u0131n yaz\u0131nsal olarak keyfine varacaklar\u0131na inan\u0131yoruz. Cumal\u0131\u2019n\u0131n hi\u00e7 oynanmam\u0131\u015f oyunlar\u0131 yan\u0131nda Yaral\u0131 Geyik, G\u00f6m\u00fc ve Bakan\u0131 Bekliyoruz gibi \u00e7ok bilinen yap\u0131tlar\u0131n\u0131 da oyun olarak okuyacak; ba\u015fka bir d\u00fcnyan\u0131n kap\u0131s\u0131n\u0131 a\u00e7acaks\u0131n\u0131z. <\/p>\n","protected":false},"excerpt":{"rendered":"<p>\u201cNecati Cumal\u0131 aram\u0131zdan ayr\u0131ld\u0131\u011f\u0131nda, arkas\u0131nda kimi hi\u00e7 oynanmam\u0131\u015f, kimi hi\u00e7 yay\u0131nlanmam\u0131\u015f yirmi dokuz oyun da b\u0131rakt\u0131. Bunlar\u0131n g\u00fcn \u0131\u015f\u0131\u011f\u0131na \u00e7\u0131karmak, \u00f6nce Necati Cumal\u0131\u2019ya, sonra da T\u00fcrk<span class=\"excerpt-hellip\"> [\u2026]<\/span><\/p>\n","protected":false},"featured_media":0,"template":"","meta":{"_monsterinsights_skip_tracking":false,"_monsterinsights_sitenote_active":false,"_monsterinsights_sitenote_note":"","_monsterinsights_sitenote_category":0},"product_brand":[],"product_cat":[12291,14272],"product_tag":[],"class_list":{"0":"post-753815","1":"product","2":"type-product","3":"status-publish","5":"product_cat-edebiyat","6":"product_cat-tiyatro","7":"pa_cilt-ciltsiz","8":"pa_tur-kitap","9":"pa_yayinevi-cumhuriyet-kitaplari","10":"pa_yazar-necati-cumali","12":"first","13":"instock","14":"sale","15":"shipping-taxable","16":"purchasable","17":"product-type-simple"},"_links":{"self":[{"href":"https:\/\/roveyayinevi.com.tr\/index.php\/wp-json\/wp\/v2\/product\/753815","targetHints":{"allow":["GET"]}}],"collection":[{"href":"https:\/\/roveyayinevi.com.tr\/index.php\/wp-json\/wp\/v2\/product"}],"about":[{"href":"https:\/\/roveyayinevi.com.tr\/index.php\/wp-json\/wp\/v2\/types\/product"}],"wp:attachment":[{"href":"https:\/\/roveyayinevi.com.tr\/index.php\/wp-json\/wp\/v2\/media?parent=753815"}],"wp:term":[{"taxonomy":"product_brand","embeddable":true,"href":"https:\/\/roveyayinevi.com.tr\/index.php\/wp-json\/wp\/v2\/product_brand?post=753815"},{"taxonomy":"product_cat","embeddable":true,"href":"https:\/\/roveyayinevi.com.tr\/index.php\/wp-json\/wp\/v2\/product_cat?post=753815"},{"taxonomy":"product_tag","embeddable":true,"href":"https:\/\/roveyayinevi.com.tr\/index.php\/wp-json\/wp\/v2\/product_tag?post=753815"}],"curies":[{"name":"wp","href":"https:\/\/api.w.org\/{rel}","templated":true}]}}