{"id":753813,"date":"2025-08-28T05:53:24","date_gmt":"2025-08-28T02:53:24","guid":{"rendered":"https:\/\/roveyayinevi.com.tr\/index.php\/urun\/dayaniklilik-cagi\/"},"modified":"2026-04-16T03:07:19","modified_gmt":"2026-04-16T00:07:19","slug":"dayaniklilik-cagi","status":"publish","type":"product","link":"https:\/\/roveyayinevi.com.tr\/index.php\/urun\/dayaniklilik-cagi\/","title":{"rendered":"Dayan\u0131kl\u0131l\u0131k \u00c7a\u011f\u0131"},"content":{"rendered":"<p>Medeniyet tarihinin benzersiz bir yorumu ve t\u00fcr\u00fcm\u00fcz\u00fcn nas\u0131l hayatta kalaca\u011f\u0131na dair bir \u00f6ng\u00f6r\u00fc.   Dayan\u0131kl\u0131l\u0131k \u00c7a\u011f\u0131\u2019nda Jeremy Rifkin bizi ge\u00e7mi\u015fte, g\u00fcn\u00fcm\u00fczde ve gelecekte bir yolculu\u011fa \u00e7\u0131kar\u0131yor. Sanayi Devrimi sonras\u0131ndaki \u0130lerleme \u00c7a\u011f\u0131\u2019nda zaman\u0131 verimli kullanmaktan daha \u00f6nemli bir \u015fey yoktu. Elimizin alt\u0131ndaki t\u00fcm kaynaklar\u0131 i\u015flemek ve t\u00fcketmek i\u00e7in h\u0131zla \u00e7al\u0131\u015f\u0131yor, servetimizi art\u0131r\u0131rken do\u011fay\u0131 s\u00f6m\u00fcr\u00fcyorduk.   Jeremy Rifkin, i\u00e7inde bulundu\u011fumuz yeni \u00e7a\u011fda verimli ekonominin yerini uyumlu ekonomiye b\u0131rakaca\u011f\u0131n\u0131 iddia ediyor. Yeni nesil b\u00fcy\u00fcmedense geli\u015fmeye, finans merkezlerindense ekoloji merkezlerine, \u00fcretkenliktense yenilenebilirli\u011fe, k\u00fcreselle\u015fmedense globalle\u015fmeye, jeopolitiktense ekoloji politikalar\u0131na, temsili demokrasidense vatanda\u015f meclislerine \u00f6nem veriyor.   \u0130nsanl\u0131k olarak gelecekten gittik\u00e7e daha \u00e7ok tedirgin olmaya ba\u015flad\u0131\u011f\u0131m\u0131z bir d\u00f6nemde Rifkin bize do\u011fayla uyumlu bamba\u015fka bir d\u00fcnyan\u0131n m\u00fcmk\u00fcn oldu\u011funu ve ikinci bir \u015fans\u0131m\u0131z\u0131n olabilece\u011fini g\u00f6steriyor.   \u0130lerleme \u00c7a\u011f\u0131 bitiyor, Dayan\u0131kl\u0131l\u0131k \u00c7a\u011f\u0131\u2019na haz\u0131r olun. <\/p>\n","protected":false},"excerpt":{"rendered":"<p>Medeniyet tarihinin benzersiz bir yorumu ve t\u00fcr\u00fcm\u00fcz\u00fcn nas\u0131l hayatta kalaca\u011f\u0131na dair bir \u00f6ng\u00f6r\u00fc. Dayan\u0131kl\u0131l\u0131k \u00c7a\u011f\u0131\u2019nda Jeremy Rifkin bizi ge\u00e7mi\u015fte, g\u00fcn\u00fcm\u00fczde ve gelecekte bir yolculu\u011fa \u00e7\u0131kar\u0131yor. Sanayi<span class=\"excerpt-hellip\"> [\u2026]<\/span><\/p>\n","protected":false},"featured_media":0,"template":"","meta":{"_monsterinsights_skip_tracking":false,"_monsterinsights_sitenote_active":false,"_monsterinsights_sitenote_note":"","_monsterinsights_sitenote_category":0},"product_brand":[],"product_cat":[13772,12364],"product_tag":[],"class_list":{"0":"post-753813","1":"product","2":"type-product","3":"status-publish","5":"product_cat-basvuru-kitaplari","6":"product_cat-genel-konular","7":"pa_cilt-ciltsiz","8":"pa_tur-kitap","9":"pa_yayinevi-dogan-kitap","10":"pa_yazar-jeremy-rifkin","12":"first","13":"instock","14":"sale","15":"shipping-taxable","16":"purchasable","17":"product-type-simple"},"_links":{"self":[{"href":"https:\/\/roveyayinevi.com.tr\/index.php\/wp-json\/wp\/v2\/product\/753813","targetHints":{"allow":["GET"]}}],"collection":[{"href":"https:\/\/roveyayinevi.com.tr\/index.php\/wp-json\/wp\/v2\/product"}],"about":[{"href":"https:\/\/roveyayinevi.com.tr\/index.php\/wp-json\/wp\/v2\/types\/product"}],"wp:attachment":[{"href":"https:\/\/roveyayinevi.com.tr\/index.php\/wp-json\/wp\/v2\/media?parent=753813"}],"wp:term":[{"taxonomy":"product_brand","embeddable":true,"href":"https:\/\/roveyayinevi.com.tr\/index.php\/wp-json\/wp\/v2\/product_brand?post=753813"},{"taxonomy":"product_cat","embeddable":true,"href":"https:\/\/roveyayinevi.com.tr\/index.php\/wp-json\/wp\/v2\/product_cat?post=753813"},{"taxonomy":"product_tag","embeddable":true,"href":"https:\/\/roveyayinevi.com.tr\/index.php\/wp-json\/wp\/v2\/product_tag?post=753813"}],"curies":[{"name":"wp","href":"https:\/\/api.w.org\/{rel}","templated":true}]}}