{"id":753811,"date":"2025-08-28T05:53:22","date_gmt":"2025-08-28T02:53:22","guid":{"rendered":"https:\/\/roveyayinevi.com.tr\/index.php\/urun\/tocqueville-ve-ozgurluk\/"},"modified":"2026-04-16T03:07:19","modified_gmt":"2026-04-16T00:07:19","slug":"tocqueville-ve-ozgurluk","status":"publish","type":"product","link":"https:\/\/roveyayinevi.com.tr\/index.php\/urun\/tocqueville-ve-ozgurluk\/","title":{"rendered":"Tocqueville ve \u00d6zg\u00fcrl\u00fck"},"content":{"rendered":"<p>Cengiz C\u0327ag\u0306la, Tocqueville ve O\u0308zgu\u0308rlu\u0308k\u2019te, 19. yu\u0308zy\u0131l\u0131n o\u0308nde gelen du\u0308s\u0327u\u0308n insanlar\u0131ndan Alexis de Tocqueville\u2019in demokrasi ile o\u0308zgu\u0308rlu\u0308kler aras\u0131ndaki gergin ve c\u0327elis\u0327kili ilis\u0327kiyle ilgili ufuk ac\u0327\u0131c\u0131 analizini ele al\u0131yor. Demokrasinin o\u0308zgu\u0308rlu\u0308g\u0306u\u0308 hayata gec\u0327irecek olanaklar ortaya c\u0327\u0131kard\u0131g\u0306\u0131 gibi, onu k\u0131s\u0131tlayacak, hatta bog\u0306acak bir zemin de yaratt\u0131g\u0306\u0131na dikkat c\u0327eken Tocqueville\u2019in hayat\u0131n\u0131 o\u0308zetleyip, tespit ve c\u0327o\u0308zu\u0308mlerini aktard\u0131ktan sonra, bunlar\u0131n c\u0327ag\u0306\u0131m\u0131z siyaset du\u0308s\u0327u\u0308nu\u0308ndeki yank\u0131lar\u0131n\u0131, besledikleri tart\u0131s\u0327malar\u0131 irdeliyor. Tocqueville\u2019e go\u0308re demokrasi esas enerjisini \u201ckos\u0327ullar\u0131n es\u0327itlig\u0306i\u201d aray\u0131s\u0327\u0131ndan al\u0131r. O\u0308zgu\u0308rlu\u0308k ise bir ideal, siyasal alana ilaveten gelenek ve ahla\u0302k alan\u0131nda da bulunmas\u0131 gereken bir erdemdir. Onun bu yaklas\u0327\u0131m\u0131, o\u0308zgu\u0308rlu\u0308k perspektifinden hareket ederek c\u0327ag\u0306das\u0327 demokrasiye demokrasi ilkelerinin ic\u0327inden yap\u0131lm\u0131s\u0327 en o\u0308nemli eles\u0327tirilerden birini dile getirme imka\u0302n\u0131 verir. Bu nedenle, gu\u0308nu\u0308mu\u0308zde demokrasilerin o\u0308zgu\u0308rlu\u0308kler alan\u0131nda sergiledikleri yalpalamalara Tocqueville\u2019in keskin tespitleri \u0131s\u0327\u0131k tutmaya devam ediyor. \u201cKendi ku\u0308c\u0327u\u0308k du\u0308nyas\u0131na kapanan, kis\u0327isel c\u0327\u0131karlar\u0131ndan bas\u0327ka bir s\u0327eyi du\u0308s\u0327u\u0308nmeyen bireylerden olus\u0327an toplum, c\u0327og\u0306unluk tiranl\u0131g\u0306\u0131na ve yumus\u0327ak despotizme kap\u0131 aralamaktad\u0131r. Tocqueville, moderniteyi radikal olarak sorunsallas\u0327t\u0131ran eles\u0327tirel du\u0308s\u0327u\u0308nu\u0308rlerden biridir Modernite ile o\u0308zgu\u0308rlu\u0308k hem c\u0327elis\u0327mekte hem de uyus\u0327abilmektedir. Dolay\u0131s\u0131yla, o\u0308zgu\u0308r geleneklerin var olduklar\u0131 yerlerde korunmas\u0131, olmad\u0131klar\u0131 yerlerde de yarat\u0131lmas\u0131 ic\u0327in c\u0327aba go\u0308sterilmesi o\u0308nem kazanmaktad\u0131r kazanmaktad\u0131r.<\/p>\n","protected":false},"excerpt":{"rendered":"<p>Cengiz C\u0327ag\u0306la, Tocqueville ve O\u0308zgu\u0308rlu\u0308k\u2019te, 19. yu\u0308zy\u0131l\u0131n o\u0308nde gelen du\u0308s\u0327u\u0308n insanlar\u0131ndan Alexis de Tocqueville\u2019in demokrasi ile o\u0308zgu\u0308rlu\u0308kler aras\u0131ndaki gergin ve c\u0327elis\u0327kili ilis\u0327kiyle ilgili ufuk ac\u0327\u0131c\u0131 analizini<span class=\"excerpt-hellip\"> [\u2026]<\/span><\/p>\n","protected":false},"featured_media":0,"template":"","meta":{"_monsterinsights_skip_tracking":false,"_monsterinsights_sitenote_active":false,"_monsterinsights_sitenote_note":"","_monsterinsights_sitenote_category":0},"product_brand":[],"product_cat":[13059,12337],"product_tag":[],"class_list":{"0":"post-753811","1":"product","2":"type-product","3":"status-publish","5":"product_cat-diger-politika-siyaset","6":"product_cat-politika-siyaset","7":"pa_cilt-ciltsiz","8":"pa_tur-kitap","9":"pa_yayinevi-iletisim-yayinlari","10":"pa_yazar-cengiz-cagla","12":"first","13":"instock","14":"sale","15":"shipping-taxable","16":"purchasable","17":"product-type-simple"},"_links":{"self":[{"href":"https:\/\/roveyayinevi.com.tr\/index.php\/wp-json\/wp\/v2\/product\/753811","targetHints":{"allow":["GET"]}}],"collection":[{"href":"https:\/\/roveyayinevi.com.tr\/index.php\/wp-json\/wp\/v2\/product"}],"about":[{"href":"https:\/\/roveyayinevi.com.tr\/index.php\/wp-json\/wp\/v2\/types\/product"}],"wp:attachment":[{"href":"https:\/\/roveyayinevi.com.tr\/index.php\/wp-json\/wp\/v2\/media?parent=753811"}],"wp:term":[{"taxonomy":"product_brand","embeddable":true,"href":"https:\/\/roveyayinevi.com.tr\/index.php\/wp-json\/wp\/v2\/product_brand?post=753811"},{"taxonomy":"product_cat","embeddable":true,"href":"https:\/\/roveyayinevi.com.tr\/index.php\/wp-json\/wp\/v2\/product_cat?post=753811"},{"taxonomy":"product_tag","embeddable":true,"href":"https:\/\/roveyayinevi.com.tr\/index.php\/wp-json\/wp\/v2\/product_tag?post=753811"}],"curies":[{"name":"wp","href":"https:\/\/api.w.org\/{rel}","templated":true}]}}