{"id":753807,"date":"2025-08-28T05:53:16","date_gmt":"2025-08-28T02:53:16","guid":{"rendered":"https:\/\/roveyayinevi.com.tr\/index.php\/urun\/bir-koroglu-bir-ayvaz\/"},"modified":"2026-04-16T03:07:19","modified_gmt":"2026-04-16T00:07:19","slug":"bir-koroglu-bir-ayvaz","status":"publish","type":"product","link":"https:\/\/roveyayinevi.com.tr\/index.php\/urun\/bir-koroglu-bir-ayvaz\/","title":{"rendered":"Bir K\u00f6ro\u011flu Bir Ayvaz"},"content":{"rendered":"<p>\u201cDog\u0306u ozanlar\u0131n\u0131n dilinden du\u0308s\u0327meyen bu \u201832 k\u0131s\u0131m tekmili birden\u2019 kahramanl\u0131k destan\u0131n\u0131n iki kahraman\u0131 aras\u0131ndaki ilis\u0327ki; sadece iki yig\u0306it cenga\u0302ver aras\u0131ndaki silah arkadas\u0327l\u0131g\u0306\u0131 m\u0131yd\u0131, s\u0131rdas\u0327l\u0131k ve y\u0131k\u0131lmaz bir dostluk muydu; yoksa Ko\u0308rog\u0306lu\u2019nun delidolu yas\u0327am\u0131 gibi delicesine bir tutku, bir erkek as\u0327k\u0131 m\u0131?\u201d Recep Maras\u0327l\u0131, Bir Ko\u0308rog\u0306lu Bir Ayvaz\u2019da, destan\u0131n muhtelif anlat\u0131mlar\u0131nda, hem Ko\u0308rog\u0306lu hakk\u0131nda, hem Ko\u0308rog\u0306lu Ayvaz ilis\u0327kisi hakk\u0131nda c\u0327izilen resimlerin c\u0327ok katl\u0131 bir okumas\u0131n\u0131 yap\u0131yor. 16. yu\u0308zy\u0131lda yas\u0327am\u0131s\u0327 gerc\u0327ek bir kis\u0327ilik olan Ko\u0308rog\u0306lu nas\u0131l destan kahraman\u0131na do\u0308nu\u0308s\u0327tu\u0308? Destanlar\u0131n, rivayetlerin anlatt\u0131g\u0306\u0131 Ko\u0308rog\u0306lu \u201ckim\u201ddi? Bir Cela\u0302li\u0302 mi; zenginden al\u0131p yoksula veren bir \u201csosyal es\u0327k\u0131ya\u201d m\u0131? Yoksa yu\u0308ksek otoriteyle al\u0131p vereceg\u0306i olmayan \u201cnormal\u201d bir \u201chaydut\u201d mu? Ve Ayvaz \u201ckim\u201ddi? Og\u0306ul mu, sevgili mi? Bu as\u0327k nas\u0131l tasvir edildi, nas\u0131l gu\u0308zellemeler yap\u0131ld\u0131 ve bu anlat\u0131lar zamanla nas\u0131l \u201cheteronormatif\u201d onar\u0131mlardan gec\u0327ti? Bir Ko\u0308rog\u0306lu Bir Ayvaz\u2019da, halk edebiyat\u0131ndaki zengin Ko\u0308rog\u0306lu literatu\u0308ru\u0308nu\u0308n ve Ko\u0308rog\u0306lu imgesinin popu\u0308ler siyasi tahayyu\u0308ldeki kullan\u0131mlar\u0131n\u0131n zengin bir do\u0308ku\u0308mu\u0308nu\u0308 de buluyoruz. \u201cs\u0131ra d\u0131s\u0327\u0131 bir as\u0327k o\u0308yku\u0308su\u0308\u201dnu\u0308n izini su\u0308ru\u0308yor.<\/p>\n","protected":false},"excerpt":{"rendered":"<p>\u201cDog\u0306u ozanlar\u0131n\u0131n dilinden du\u0308s\u0327meyen bu \u201832 k\u0131s\u0131m tekmili birden\u2019 kahramanl\u0131k destan\u0131n\u0131n iki kahraman\u0131 aras\u0131ndaki ilis\u0327ki; sadece iki yig\u0306it cenga\u0302ver aras\u0131ndaki silah arkadas\u0327l\u0131g\u0306\u0131 m\u0131yd\u0131, s\u0131rdas\u0327l\u0131k ve y\u0131k\u0131lmaz<span class=\"excerpt-hellip\"> [\u2026]<\/span><\/p>\n","protected":false},"featured_media":0,"template":"","meta":{"_monsterinsights_skip_tracking":false,"_monsterinsights_sitenote_active":false,"_monsterinsights_sitenote_note":"","_monsterinsights_sitenote_category":0},"product_brand":[],"product_cat":[18545,12291],"product_tag":[],"class_list":{"0":"post-753807","1":"product","2":"type-product","3":"status-publish","5":"product_cat-anlati","6":"product_cat-edebiyat","7":"pa_cilt-ciltsiz","8":"pa_tur-kitap","9":"pa_yayinevi-iletisim-yayinlari","10":"pa_yazar-recep-marasli","12":"first","13":"instock","14":"sale","15":"shipping-taxable","16":"purchasable","17":"product-type-simple"},"_links":{"self":[{"href":"https:\/\/roveyayinevi.com.tr\/index.php\/wp-json\/wp\/v2\/product\/753807","targetHints":{"allow":["GET"]}}],"collection":[{"href":"https:\/\/roveyayinevi.com.tr\/index.php\/wp-json\/wp\/v2\/product"}],"about":[{"href":"https:\/\/roveyayinevi.com.tr\/index.php\/wp-json\/wp\/v2\/types\/product"}],"wp:attachment":[{"href":"https:\/\/roveyayinevi.com.tr\/index.php\/wp-json\/wp\/v2\/media?parent=753807"}],"wp:term":[{"taxonomy":"product_brand","embeddable":true,"href":"https:\/\/roveyayinevi.com.tr\/index.php\/wp-json\/wp\/v2\/product_brand?post=753807"},{"taxonomy":"product_cat","embeddable":true,"href":"https:\/\/roveyayinevi.com.tr\/index.php\/wp-json\/wp\/v2\/product_cat?post=753807"},{"taxonomy":"product_tag","embeddable":true,"href":"https:\/\/roveyayinevi.com.tr\/index.php\/wp-json\/wp\/v2\/product_tag?post=753807"}],"curies":[{"name":"wp","href":"https:\/\/api.w.org\/{rel}","templated":true}]}}