{"id":753805,"date":"2025-08-28T05:53:13","date_gmt":"2025-08-28T02:53:13","guid":{"rendered":"https:\/\/roveyayinevi.com.tr\/index.php\/urun\/995-km\/"},"modified":"2026-04-16T03:07:19","modified_gmt":"2026-04-16T00:07:19","slug":"995-km","status":"publish","type":"product","link":"https:\/\/roveyayinevi.com.tr\/index.php\/urun\/995-km\/","title":{"rendered":"995 km"},"content":{"rendered":"<p>Murathan Mungan\u2019dan bu kez s\u00fcr\u00fckleyici bir kara polisiye. Hi\u00e7bir \u015feyin g\u00f6r\u00fcnd\u00fc\u011f\u00fc gibi olmad\u0131\u011f\u0131 ama karma\u015f\u0131k g\u00f6r\u00fcnenin de sonu\u00e7ta su gibi a\u00e7\u0131k oldu\u011fu bir siyasi\/psikolojik ortam yarat\u0131yor Mungan. Edebiyat\u0131m\u0131zda ender rastlanan, beklenmedik bir ba\u015fkahraman\u0131n pe\u015finde, \u00fclkenin yak\u0131n ge\u00e7mi\u015finden tan\u0131d\u0131k gelebilecek karma\u015f\u0131k a\u011flar\u0131n izini s\u00fcr\u00fcyor. Kimi d\u00fc\u011f\u00fcmleri \u00e7\u00f6z\u00fcp yeni d\u00fc\u011f\u00fcmler atarken okuru da nefes nefese bir yolculu\u011fa davet ediyor. <\/p>\n","protected":false},"excerpt":{"rendered":"<p>Murathan Mungan\u2019dan bu kez s\u00fcr\u00fckleyici bir kara polisiye. Hi\u00e7bir \u015feyin g\u00f6r\u00fcnd\u00fc\u011f\u00fc gibi olmad\u0131\u011f\u0131 ama karma\u015f\u0131k g\u00f6r\u00fcnenin de sonu\u00e7ta su gibi a\u00e7\u0131k oldu\u011fu bir siyasi\/psikolojik ortam yarat\u0131yor<span class=\"excerpt-hellip\"> [\u2026]<\/span><\/p>\n","protected":false},"featured_media":0,"template":"","meta":{"_monsterinsights_skip_tracking":false,"_monsterinsights_sitenote_active":false,"_monsterinsights_sitenote_note":"","_monsterinsights_sitenote_category":0},"product_brand":[],"product_cat":[12291,12711],"product_tag":[],"class_list":{"0":"post-753805","1":"product","2":"type-product","3":"status-publish","5":"product_cat-edebiyat","6":"product_cat-roman-oyku","7":"pa_cilt-ciltsiz","8":"pa_tur-kitap","9":"pa_yayinevi-metis-yayinlari","10":"pa_yazar-murathan-mungan","12":"first","13":"instock","14":"sale","15":"shipping-taxable","16":"purchasable","17":"product-type-simple"},"_links":{"self":[{"href":"https:\/\/roveyayinevi.com.tr\/index.php\/wp-json\/wp\/v2\/product\/753805","targetHints":{"allow":["GET"]}}],"collection":[{"href":"https:\/\/roveyayinevi.com.tr\/index.php\/wp-json\/wp\/v2\/product"}],"about":[{"href":"https:\/\/roveyayinevi.com.tr\/index.php\/wp-json\/wp\/v2\/types\/product"}],"wp:attachment":[{"href":"https:\/\/roveyayinevi.com.tr\/index.php\/wp-json\/wp\/v2\/media?parent=753805"}],"wp:term":[{"taxonomy":"product_brand","embeddable":true,"href":"https:\/\/roveyayinevi.com.tr\/index.php\/wp-json\/wp\/v2\/product_brand?post=753805"},{"taxonomy":"product_cat","embeddable":true,"href":"https:\/\/roveyayinevi.com.tr\/index.php\/wp-json\/wp\/v2\/product_cat?post=753805"},{"taxonomy":"product_tag","embeddable":true,"href":"https:\/\/roveyayinevi.com.tr\/index.php\/wp-json\/wp\/v2\/product_tag?post=753805"}],"curies":[{"name":"wp","href":"https:\/\/api.w.org\/{rel}","templated":true}]}}