{"id":753803,"date":"2025-08-28T05:53:09","date_gmt":"2025-08-28T02:53:09","guid":{"rendered":"https:\/\/roveyayinevi.com.tr\/index.php\/urun\/ericanin-aynalari\/"},"modified":"2026-04-16T03:07:19","modified_gmt":"2026-04-16T00:07:19","slug":"ericanin-aynalari","status":"publish","type":"product","link":"https:\/\/roveyayinevi.com.tr\/index.php\/urun\/ericanin-aynalari\/","title":{"rendered":"Erica&#8217;n\u0131n Aynalar\u0131"},"content":{"rendered":"<p>Kad\u0131n, burnunu cama dayam\u0131\u015f d\u0131\u015far\u0131 bakarken, kendisini izleyen ve dinleyenlerin fark\u0131nda bile de\u011fildi. Onlar\u0131n kendi aralar\u0131nda neler f\u0131s\u0131lda\u015ft\u0131klar\u0131n\u0131 duyam\u0131yordu. Ne kadar farkl\u0131, tuhaf ve \u00fcrk\u00fct\u00fcc\u00fc olduk lar\u0131n\u0131 g\u00f6remiyordu. Oysa k\u00f6\u015felerine gizlenenler kad\u0131n\u0131n hayallerini g\u00f6rebiliyor, d\u00fc\u015f\u00fcncelerini okuyabiliyorlard\u0131. S\u00f6ylediklerinin yan\u0131 s\u0131ra hen\u00fcz s\u00f6ylemediklerini de i\u015fitebiliyorlard\u0131\u2026   Erica&#8217;n\u0131n Aynalar\u0131; bizi, insan zihninin derinliklerini ke\u015ffetmemizi sa\u011flayacak gizemli bir yolculu\u011fa \u00e7\u0131kar\u0131yor. Roman, ak\u0131c\u0131 diliyle \u00e7ocuk lu\u011fumuza da dokunurken masum zamanlar\u0131m\u0131zda ya\u015fad\u0131klar\u0131m\u0131z\u0131n hayat\u0131m\u0131za etkilerini g\u00f6zler \u00f6n\u00fcne seriyor. <\/p>\n","protected":false},"excerpt":{"rendered":"<p>Kad\u0131n, burnunu cama dayam\u0131\u015f d\u0131\u015far\u0131 bakarken, kendisini izleyen ve dinleyenlerin fark\u0131nda bile de\u011fildi. Onlar\u0131n kendi aralar\u0131nda neler f\u0131s\u0131lda\u015ft\u0131klar\u0131n\u0131 duyam\u0131yordu. Ne kadar farkl\u0131, tuhaf ve \u00fcrk\u00fct\u00fcc\u00fc olduk<span class=\"excerpt-hellip\"> [\u2026]<\/span><\/p>\n","protected":false},"featured_media":0,"template":"","meta":{"_monsterinsights_skip_tracking":false,"_monsterinsights_sitenote_active":false,"_monsterinsights_sitenote_note":"","_monsterinsights_sitenote_category":0},"product_brand":[],"product_cat":[12291,12711],"product_tag":[],"class_list":{"0":"post-753803","1":"product","2":"type-product","3":"status-publish","5":"product_cat-edebiyat","6":"product_cat-roman-oyku","7":"pa_cilt-ciltsiz","8":"pa_tur-kitap","9":"pa_yayinevi-altin-kitaplar","10":"pa_yazar-amelia-rita","12":"first","13":"instock","14":"sale","15":"shipping-taxable","16":"purchasable","17":"product-type-simple"},"_links":{"self":[{"href":"https:\/\/roveyayinevi.com.tr\/index.php\/wp-json\/wp\/v2\/product\/753803","targetHints":{"allow":["GET"]}}],"collection":[{"href":"https:\/\/roveyayinevi.com.tr\/index.php\/wp-json\/wp\/v2\/product"}],"about":[{"href":"https:\/\/roveyayinevi.com.tr\/index.php\/wp-json\/wp\/v2\/types\/product"}],"wp:attachment":[{"href":"https:\/\/roveyayinevi.com.tr\/index.php\/wp-json\/wp\/v2\/media?parent=753803"}],"wp:term":[{"taxonomy":"product_brand","embeddable":true,"href":"https:\/\/roveyayinevi.com.tr\/index.php\/wp-json\/wp\/v2\/product_brand?post=753803"},{"taxonomy":"product_cat","embeddable":true,"href":"https:\/\/roveyayinevi.com.tr\/index.php\/wp-json\/wp\/v2\/product_cat?post=753803"},{"taxonomy":"product_tag","embeddable":true,"href":"https:\/\/roveyayinevi.com.tr\/index.php\/wp-json\/wp\/v2\/product_tag?post=753803"}],"curies":[{"name":"wp","href":"https:\/\/api.w.org\/{rel}","templated":true}]}}