{"id":753798,"date":"2025-08-28T05:53:02","date_gmt":"2025-08-28T02:53:02","guid":{"rendered":"https:\/\/roveyayinevi.com.tr\/index.php\/urun\/peygamber-kissalari-ve-dualari\/"},"modified":"2026-04-16T03:07:19","modified_gmt":"2026-04-16T00:07:19","slug":"peygamber-kissalari-ve-dualari","status":"publish","type":"product","link":"https:\/\/roveyayinevi.com.tr\/index.php\/urun\/peygamber-kissalari-ve-dualari\/","title":{"rendered":"Peygamber K\u0131ssalar\u0131 ve Dualar\u0131"},"content":{"rendered":"<p>Peygamberlik nedir? Peygamber kime denir? Peygamberlere ne ihtiya\u00e7 var? Peygamberler ne dava ediyor? Tarz ve \u00fcsluplar\u0131 nas\u0131ld\u0131r? \u00d6zellikleri , insanlara vermek istedikleri mesajlar nelerdir? Peygamberler , bilimsel ve teknolojik ilerlemeler i\u00e7in i\u015fari mesajlar vermi\u015fler mi? Kur\u2019an-\u0131 Kerim\u2019de peygamberlerin k\u0131ssalar\u0131 nas\u0131l ge\u00e7iyor? Bu k\u0131ssalardan \u00e7\u0131kar\u0131lmas\u0131 gereken hikmet ve hisseler nelerdir? Peygamberler nas\u0131l dua etmi\u015fler? B\u00fct\u00fcn bu sorular\u0131n ve daha fazlas\u0131n\u0131n kolay, etkileyici, s\u00fcr\u00fckleyici , veciz ve ikna edici cevap ve izahlar\u0131 i\u00e7in sizi kitapla ba\u015f ba\u015fa b\u0131rak\u0131yorum.<\/p>\n","protected":false},"excerpt":{"rendered":"<p>Peygamberlik nedir? Peygamber kime denir? Peygamberlere ne ihtiya\u00e7 var? Peygamberler ne dava ediyor? Tarz ve \u00fcsluplar\u0131 nas\u0131ld\u0131r? \u00d6zellikleri , insanlara vermek istedikleri mesajlar nelerdir? Peygamberler ,<span class=\"excerpt-hellip\"> [\u2026]<\/span><\/p>\n","protected":false},"featured_media":0,"template":"","meta":{"_monsterinsights_skip_tracking":false,"_monsterinsights_sitenote_active":false,"_monsterinsights_sitenote_note":"","_monsterinsights_sitenote_category":0},"product_brand":[],"product_cat":[13036,12718,12719],"product_tag":[],"class_list":{"0":"post-753798","1":"product","2":"type-product","3":"status-publish","5":"product_cat-arastirma-inceleme-islam","6":"product_cat-din","7":"product_cat-islam","8":"pa_cilt-ciltsiz","9":"pa_tur-kitap","10":"pa_yayinevi-foliant-yayinlari","11":"pa_yazar-sadullah-tasan","13":"first","14":"instock","15":"sale","16":"shipping-taxable","17":"purchasable","18":"product-type-simple"},"_links":{"self":[{"href":"https:\/\/roveyayinevi.com.tr\/index.php\/wp-json\/wp\/v2\/product\/753798","targetHints":{"allow":["GET"]}}],"collection":[{"href":"https:\/\/roveyayinevi.com.tr\/index.php\/wp-json\/wp\/v2\/product"}],"about":[{"href":"https:\/\/roveyayinevi.com.tr\/index.php\/wp-json\/wp\/v2\/types\/product"}],"wp:attachment":[{"href":"https:\/\/roveyayinevi.com.tr\/index.php\/wp-json\/wp\/v2\/media?parent=753798"}],"wp:term":[{"taxonomy":"product_brand","embeddable":true,"href":"https:\/\/roveyayinevi.com.tr\/index.php\/wp-json\/wp\/v2\/product_brand?post=753798"},{"taxonomy":"product_cat","embeddable":true,"href":"https:\/\/roveyayinevi.com.tr\/index.php\/wp-json\/wp\/v2\/product_cat?post=753798"},{"taxonomy":"product_tag","embeddable":true,"href":"https:\/\/roveyayinevi.com.tr\/index.php\/wp-json\/wp\/v2\/product_tag?post=753798"}],"curies":[{"name":"wp","href":"https:\/\/api.w.org\/{rel}","templated":true}]}}