{"id":753797,"date":"2025-08-28T05:53:01","date_gmt":"2025-08-28T02:53:01","guid":{"rendered":"https:\/\/roveyayinevi.com.tr\/index.php\/urun\/el-ve-yuzdeki-cizgilerde-hastaliklarin-sessiz-isaretleri\/"},"modified":"2026-01-20T03:42:48","modified_gmt":"2026-01-20T00:42:48","slug":"el-ve-yuzdeki-cizgilerde-hastaliklarin-sessiz-isaretleri","status":"publish","type":"product","link":"https:\/\/roveyayinevi.com.tr\/index.php\/urun\/el-ve-yuzdeki-cizgilerde-hastaliklarin-sessiz-isaretleri\/","title":{"rendered":"El ve Y\u00fczdeki \u00c7izgilerde Hastal\u0131klar\u0131n Sessiz \u0130\u015faretleri"},"content":{"rendered":"<p>Aristo &#8220;t\u00fcm organlar\u0131n organ\u0131, t\u00fcm sistemin pasif g\u00fc\u00e7lerinin aktif faili&#8221; olan elin dikkatli bir incelemesiyle ki\u015fi hakk\u0131nda \u00f6nemli veriler elde edilebilir demi\u015fti. Daha sonra Georg Meissner; 1853\u2019te ki\u015finin d\u00fc\u015f\u00fcnce durumunun de\u011fi\u015fmesi, heyecanlanmas\u0131 gibi durumlarda avu\u00e7 i\u00e7ine gelen kan ve al yuvar miktar\u0131nda de\u011fi\u015fme oldu\u011funu ve bununda avu\u00e7 i\u00e7inde ki \u00e7izgileri de\u011fi\u015ftirdi\u011fini s\u00f6yledi. Falc\u0131l\u0131k de\u011fildi. Niyet okuma de\u011fildi. Avu\u00e7 i\u00e7imiz bir g\u00f6sterge paneli. Araban\u0131n g\u00f6sterge panelinden \u00e7ok daha komplike ve kapsaml\u0131 bir g\u00f6sterge paneli. Bu kitap, merak ve aray\u0131\u015f\u0131n neticesinde bedenimizin g\u00f6sterge paneli olan ellerimiz ve y\u00fcz\u00fcm\u00fcz\u00fcn, bizim sa\u011fl\u0131\u011f\u0131m\u0131z\u0131n durumu, zay\u0131f ve dikkat etmemiz gereken organlar\u0131m\u0131z hakk\u0131nda g\u00f6sterdikleri ve uyar\u0131lar\u0131 hakk\u0131ndad\u0131r. Esas s\u0131hhat hasta olmamakt\u0131r kaidesince sa\u011fl\u0131\u011f\u0131n h\u0131fs edilmesi a\u00e7\u0131s\u0131ndan de\u011ferli bilgilere yer verilmi\u015ftir. Fayda g\u00f6rmeniz en ziyade mutluluk vesilemdir. Sa\u011fl\u0131cakla <\/p>\n","protected":false},"excerpt":{"rendered":"<p>Aristo &#8220;t\u00fcm organlar\u0131n organ\u0131, t\u00fcm sistemin pasif g\u00fc\u00e7lerinin aktif faili&#8221; olan elin dikkatli bir incelemesiyle ki\u015fi hakk\u0131nda \u00f6nemli veriler elde edilebilir demi\u015fti. Daha sonra Georg Meissner;<span class=\"excerpt-hellip\"> [\u2026]<\/span><\/p>\n","protected":false},"featured_media":0,"template":"","meta":{"_monsterinsights_skip_tracking":false,"_monsterinsights_sitenote_active":false,"_monsterinsights_sitenote_note":"","_monsterinsights_sitenote_category":0},"product_brand":[],"product_cat":[12364,12376],"product_tag":[],"class_list":{"0":"post-753797","1":"product","2":"type-product","3":"status-publish","5":"product_cat-genel-konular","6":"product_cat-kisisel-gelisim","7":"pa_cilt-ciltsiz","8":"pa_tur-kitap","9":"pa_yayinevi-foliant-yayinlari","10":"pa_yazar-halid-emre-aslan","12":"first","13":"instock","14":"sale","15":"shipping-taxable","16":"purchasable","17":"product-type-simple"},"_links":{"self":[{"href":"https:\/\/roveyayinevi.com.tr\/index.php\/wp-json\/wp\/v2\/product\/753797","targetHints":{"allow":["GET"]}}],"collection":[{"href":"https:\/\/roveyayinevi.com.tr\/index.php\/wp-json\/wp\/v2\/product"}],"about":[{"href":"https:\/\/roveyayinevi.com.tr\/index.php\/wp-json\/wp\/v2\/types\/product"}],"wp:attachment":[{"href":"https:\/\/roveyayinevi.com.tr\/index.php\/wp-json\/wp\/v2\/media?parent=753797"}],"wp:term":[{"taxonomy":"product_brand","embeddable":true,"href":"https:\/\/roveyayinevi.com.tr\/index.php\/wp-json\/wp\/v2\/product_brand?post=753797"},{"taxonomy":"product_cat","embeddable":true,"href":"https:\/\/roveyayinevi.com.tr\/index.php\/wp-json\/wp\/v2\/product_cat?post=753797"},{"taxonomy":"product_tag","embeddable":true,"href":"https:\/\/roveyayinevi.com.tr\/index.php\/wp-json\/wp\/v2\/product_tag?post=753797"}],"curies":[{"name":"wp","href":"https:\/\/api.w.org\/{rel}","templated":true}]}}