{"id":753796,"date":"2025-08-28T05:53:00","date_gmt":"2025-08-28T02:53:00","guid":{"rendered":"https:\/\/roveyayinevi.com.tr\/index.php\/urun\/kan-ve-para\/"},"modified":"2026-04-16T03:07:19","modified_gmt":"2026-04-16T00:07:19","slug":"kan-ve-para","status":"publish","type":"product","link":"https:\/\/roveyayinevi.com.tr\/index.php\/urun\/kan-ve-para\/","title":{"rendered":"Kan ve Para"},"content":{"rendered":"<p>Marx, \u00fcnl\u00fc eseri Kapital\u2019de, paran\u0131n, \u201cbir yana\u011f\u0131nda do\u011fu\u015ftan bir kan lekesiyle\u201d d\u00fcnyaya geldi\u011fini s\u00f6ylemi\u015fti. David McNally, Kan ve Para\u2019da, Marx\u2019\u0131n izinden giderek paran\u0131n tarih boyunca katetti\u011fi kanl\u0131 yolculu\u011fu anlat\u0131yor. \u0130ktisat kitaplar\u0131 tarihte \u00fc\u00e7 para bi\u00e7imi g\u00f6r\u00fcld\u00fc\u011f\u00fcn\u00fc anlat\u0131r: k\u0131ymetli metalden \u00fcretilen sikkeler, k\u0131ymetli metal kar\u015f\u0131l\u0131\u011f\u0131 olan temsil\u00ee k\u00e2\u011f\u0131t para ve kar\u015f\u0131l\u0131\u011f\u0131 olmayan yasal k\u00e2\u011f\u0131t para. \u0130ktisat kitaplar\u0131ndaki anlat\u0131m bu parasal geli\u015fmelerin insanlar\u0131n hayr\u0131na oldu\u011fu izlenimini verir. Kan ve Para, sikke kullan\u0131m\u0131n\u0131n Yunanistan\u2019da k\u00f6lecilikle ili\u015fkisi; alt\u0131n-g\u00fcm\u00fc\u015f kar\u015f\u0131l\u0131kl\u0131 banknot icad\u0131n\u0131n \u0130ngiltere\u2019nin s\u00f6m\u00fcrgecilikte \u00f6ne ge\u00e7me m\u00fccadelesinde sava\u015f finansman\u0131yla ve k\u00f6le ticaretiyle ili\u015fkisi \u00fczerinde duruyor. Ayn\u0131 \u015fekilde, Amerika Birle\u015fik Devletleri\u2019nde 19. y\u00fczy\u0131lda \u00fcretilen \u00e7e\u015fitli banknotlar\u0131n yerli halklar\u0131n katledilerek topraklar\u0131n\u0131n gasb\u0131yla ili\u015fkisini; g\u00fcn\u00fcm\u00fczde kar\u015f\u0131l\u0131ks\u0131z banknot sisteminin de i\u015f\u00e7i s\u0131n\u0131f\u0131n\u0131 hizada tutmakta nas\u0131l kullan\u0131ld\u0131\u011f\u0131n\u0131 ortaya koyuyor. Eser, ayr\u0131ca, \u0130ngiltere\u2019de tar\u0131mda sermayedar s\u0131n\u0131f\u0131n ortaya \u00e7\u0131k\u0131\u015f\u0131n\u0131; \u0130ngiliz egemen s\u0131n\u0131f\u0131n \u0130rlanda\u2019da ilk s\u00f6m\u00fcrgecilik deneyini; Kuzey Amerika\u2019da kolonilerin kurulmas\u0131yla Atlas Okyanusu \u00fczerinde y\u00fcr\u00fct\u00fclen insan ticaretini \u00e7arp\u0131c\u0131 verilerle ve ilgin\u00e7 olaylarla betimliyor. Kan ve Para, para ekseninde toplumsal d\u00f6n\u00fc\u015f\u00fcmlerin ideolojik y\u00f6n\u00fcn\u00fc de ele al\u0131yor; toplumsal ili\u015fkilerde parasalla\u015fman\u0131n felsefeye ve edebiyata yans\u0131malar\u0131ndan \u00f6rnekler veriyor. <\/p>\n","protected":false},"excerpt":{"rendered":"<p>Marx, \u00fcnl\u00fc eseri Kapital\u2019de, paran\u0131n, \u201cbir yana\u011f\u0131nda do\u011fu\u015ftan bir kan lekesiyle\u201d d\u00fcnyaya geldi\u011fini s\u00f6ylemi\u015fti. David McNally, Kan ve Para\u2019da, Marx\u2019\u0131n izinden giderek paran\u0131n tarih boyunca katetti\u011fi<span class=\"excerpt-hellip\"> [\u2026]<\/span><\/p>\n","protected":false},"featured_media":0,"template":"","meta":{"_monsterinsights_skip_tracking":false,"_monsterinsights_sitenote_active":false,"_monsterinsights_sitenote_note":"","_monsterinsights_sitenote_category":0},"product_brand":[],"product_cat":[13590,12337],"product_tag":[],"class_list":{"0":"post-753796","1":"product","2":"type-product","3":"status-publish","5":"product_cat-arastirma-inceleme-politika-siyaset","6":"product_cat-politika-siyaset","7":"pa_cilt-ciltsiz","8":"pa_tur-kitap","9":"pa_yayinevi-yordam-kitap","10":"pa_yazar-david-mcnally","12":"first","13":"instock","14":"sale","15":"shipping-taxable","16":"purchasable","17":"product-type-simple"},"_links":{"self":[{"href":"https:\/\/roveyayinevi.com.tr\/index.php\/wp-json\/wp\/v2\/product\/753796","targetHints":{"allow":["GET"]}}],"collection":[{"href":"https:\/\/roveyayinevi.com.tr\/index.php\/wp-json\/wp\/v2\/product"}],"about":[{"href":"https:\/\/roveyayinevi.com.tr\/index.php\/wp-json\/wp\/v2\/types\/product"}],"wp:attachment":[{"href":"https:\/\/roveyayinevi.com.tr\/index.php\/wp-json\/wp\/v2\/media?parent=753796"}],"wp:term":[{"taxonomy":"product_brand","embeddable":true,"href":"https:\/\/roveyayinevi.com.tr\/index.php\/wp-json\/wp\/v2\/product_brand?post=753796"},{"taxonomy":"product_cat","embeddable":true,"href":"https:\/\/roveyayinevi.com.tr\/index.php\/wp-json\/wp\/v2\/product_cat?post=753796"},{"taxonomy":"product_tag","embeddable":true,"href":"https:\/\/roveyayinevi.com.tr\/index.php\/wp-json\/wp\/v2\/product_tag?post=753796"}],"curies":[{"name":"wp","href":"https:\/\/api.w.org\/{rel}","templated":true}]}}