{"id":753795,"date":"2025-08-28T05:52:58","date_gmt":"2025-08-28T02:52:58","guid":{"rendered":"https:\/\/roveyayinevi.com.tr\/index.php\/urun\/hayvani-rekorlar-kitabi-ciltli\/"},"modified":"2026-04-16T03:07:19","modified_gmt":"2026-04-16T00:07:19","slug":"hayvani-rekorlar-kitabi-ciltli","status":"publish","type":"product","link":"https:\/\/roveyayinevi.com.tr\/index.php\/urun\/hayvani-rekorlar-kitabi-ciltli\/","title":{"rendered":"Hayvani Rekorlar Kitab\u0131 (Ciltli)"},"content":{"rendered":"<p>EN Y\u00dcKSE\u011eE ZIPLAYAN HAYVAN HANG\u0130S\u0130?  PEK\u0130, EN ZEH\u0130RL\u0130 YILAN? EN \u00c7OK TERLEYEN YA DA EN \u0130Y\u0130 GECE G\u00d6R\u00dc\u015e\u00dcNE SAH\u0130P HAYVANI MERAK ED\u0130YOR MUSUNUZ? VEYA EN \u00c7OK \u00c7\u0130\u015e YAPMA REKORUNU EL\u0130NDE TUTANI?   Do\u011fa, akl\u0131n\u0131za gelebilecek en tuhaf \u015feylerde ustala\u015fm\u0131\u015f ola\u011fan\u00fcst\u00fc hayvanlarla dolu. Hava durumunu tahmin edebilen bal\u0131k, f\u0131st\u0131k ezmesi gibi kokan kurba\u011fa, mavi balinadan daha uzun solucan ve en az bunlar kadar ilgin\u00e7 onlarca hayvan. \u00c7ok say\u0131da dile \u00e7evrilen Hayvani Rekorlar Kitab\u0131, ola\u011fan\u00fcst\u00fc \u00e7izimler e\u015fli\u011finde bizleri d\u00fcnyan\u0131n en marifetli hayvanlar\u0131yla tan\u0131\u015ft\u0131r\u0131yor. <\/p>\n","protected":false},"excerpt":{"rendered":"<p>EN Y\u00dcKSE\u011eE ZIPLAYAN HAYVAN HANG\u0130S\u0130? PEK\u0130, EN ZEH\u0130RL\u0130 YILAN? EN \u00c7OK TERLEYEN YA DA EN \u0130Y\u0130 GECE G\u00d6R\u00dc\u015e\u00dcNE SAH\u0130P HAYVANI MERAK ED\u0130YOR MUSUNUZ? VEYA EN \u00c7OK<span class=\"excerpt-hellip\"> [\u2026]<\/span><\/p>\n","protected":false},"featured_media":0,"template":"","meta":{"_monsterinsights_skip_tracking":false,"_monsterinsights_sitenote_active":false,"_monsterinsights_sitenote_note":"","_monsterinsights_sitenote_category":0},"product_brand":[],"product_cat":[12275,12274],"product_tag":[],"class_list":{"0":"post-753795","1":"product","2":"type-product","3":"status-publish","5":"product_cat-6-12-yas-kitaplari","6":"product_cat-cocuk-ve-genclik-kitaplari","7":"pa_cilt-ciltli","8":"pa_tur-kitap","9":"pa_yayinevi-domingo-yayinevi","10":"pa_yazar-katharine-vestre-linnea-vestre","12":"first","13":"instock","14":"sale","15":"shipping-taxable","16":"purchasable","17":"product-type-simple"},"_links":{"self":[{"href":"https:\/\/roveyayinevi.com.tr\/index.php\/wp-json\/wp\/v2\/product\/753795","targetHints":{"allow":["GET"]}}],"collection":[{"href":"https:\/\/roveyayinevi.com.tr\/index.php\/wp-json\/wp\/v2\/product"}],"about":[{"href":"https:\/\/roveyayinevi.com.tr\/index.php\/wp-json\/wp\/v2\/types\/product"}],"wp:attachment":[{"href":"https:\/\/roveyayinevi.com.tr\/index.php\/wp-json\/wp\/v2\/media?parent=753795"}],"wp:term":[{"taxonomy":"product_brand","embeddable":true,"href":"https:\/\/roveyayinevi.com.tr\/index.php\/wp-json\/wp\/v2\/product_brand?post=753795"},{"taxonomy":"product_cat","embeddable":true,"href":"https:\/\/roveyayinevi.com.tr\/index.php\/wp-json\/wp\/v2\/product_cat?post=753795"},{"taxonomy":"product_tag","embeddable":true,"href":"https:\/\/roveyayinevi.com.tr\/index.php\/wp-json\/wp\/v2\/product_tag?post=753795"}],"curies":[{"name":"wp","href":"https:\/\/api.w.org\/{rel}","templated":true}]}}