{"id":753793,"date":"2025-08-28T05:52:55","date_gmt":"2025-08-28T02:52:55","guid":{"rendered":"https:\/\/roveyayinevi.com.tr\/index.php\/urun\/ion-veya-ilias-uzerine\/"},"modified":"2026-04-16T03:07:19","modified_gmt":"2026-04-16T00:07:19","slug":"ion-veya-ilias-uzerine","status":"publish","type":"product","link":"https:\/\/roveyayinevi.com.tr\/index.php\/urun\/ion-veya-ilias-uzerine\/","title":{"rendered":"Ion Veya Ilias \u00dczerine"},"content":{"rendered":"<p>Platon\u2019un erken d\u00f6nem veya gen\u00e7lik d\u00f6nemi diyaloglar\u0131 aras\u0131nda yer alan Ion diyalo\u011funda Sokrates, sanat\u0131n ve \u015fiirin mahiyetine y\u00f6nelik bir tart\u0131\u015fmayla \u00e7\u0131kar okurun kar\u015f\u0131s\u0131na. Diyalo\u011fa ad\u0131n\u0131 veren Ion m\u00fcsabakalarda birincilik elde etmi\u015f meslekten bir ozand\u0131r (rhapsodos).   Onun \u015fahs\u0131nda, Homeros ve Hesiodos gibi Yunan d\u00fcnyas\u0131n\u0131n edebi \u015faheserlerine imza atm\u0131\u015f \u015fairlerin sanatsal yarat\u0131m s\u00fcre\u00e7lerini sorguya a\u00e7ar. B\u00f6ylece \u015fairlerin tanr\u0131sal esinlerle ve edebi inceliklerle \u00f6r\u00fclm\u00fc\u015f \u015fiirsel d\u00fcnyalar\u0131n\u0131 felsefi bir bak\u0131\u015f a\u00e7\u0131s\u0131yla ele al\u0131p de\u011ferlendiren \u015fiir ele\u015ftirisinin ilk \u00f6rne\u011fini ortaya koymu\u015f olur. <\/p>\n","protected":false},"excerpt":{"rendered":"<p>Platon\u2019un erken d\u00f6nem veya gen\u00e7lik d\u00f6nemi diyaloglar\u0131 aras\u0131nda yer alan Ion diyalo\u011funda Sokrates, sanat\u0131n ve \u015fiirin mahiyetine y\u00f6nelik bir tart\u0131\u015fmayla \u00e7\u0131kar okurun kar\u015f\u0131s\u0131na. Diyalo\u011fa ad\u0131n\u0131 veren<span class=\"excerpt-hellip\"> [\u2026]<\/span><\/p>\n","protected":false},"featured_media":0,"template":"","meta":{"_monsterinsights_skip_tracking":false,"_monsterinsights_sitenote_active":false,"_monsterinsights_sitenote_note":"","_monsterinsights_sitenote_category":0},"product_brand":[],"product_cat":[20351,12388],"product_tag":[],"class_list":{"0":"post-753793","1":"product","2":"type-product","3":"status-publish","5":"product_cat-dusunce","6":"product_cat-felsefe","7":"pa_cilt-ciltsiz","8":"pa_tur-kitap","9":"pa_yayinevi-alfa-yayinlari","10":"pa_yazar-platon","12":"first","13":"instock","14":"sale","15":"shipping-taxable","16":"purchasable","17":"product-type-simple"},"_links":{"self":[{"href":"https:\/\/roveyayinevi.com.tr\/index.php\/wp-json\/wp\/v2\/product\/753793","targetHints":{"allow":["GET"]}}],"collection":[{"href":"https:\/\/roveyayinevi.com.tr\/index.php\/wp-json\/wp\/v2\/product"}],"about":[{"href":"https:\/\/roveyayinevi.com.tr\/index.php\/wp-json\/wp\/v2\/types\/product"}],"wp:attachment":[{"href":"https:\/\/roveyayinevi.com.tr\/index.php\/wp-json\/wp\/v2\/media?parent=753793"}],"wp:term":[{"taxonomy":"product_brand","embeddable":true,"href":"https:\/\/roveyayinevi.com.tr\/index.php\/wp-json\/wp\/v2\/product_brand?post=753793"},{"taxonomy":"product_cat","embeddable":true,"href":"https:\/\/roveyayinevi.com.tr\/index.php\/wp-json\/wp\/v2\/product_cat?post=753793"},{"taxonomy":"product_tag","embeddable":true,"href":"https:\/\/roveyayinevi.com.tr\/index.php\/wp-json\/wp\/v2\/product_tag?post=753793"}],"curies":[{"name":"wp","href":"https:\/\/api.w.org\/{rel}","templated":true}]}}