{"id":753791,"date":"2025-08-28T05:52:52","date_gmt":"2025-08-28T02:52:52","guid":{"rendered":"https:\/\/roveyayinevi.com.tr\/index.php\/urun\/kralicenin-kenti-cesm-i-cihan-amasra\/"},"modified":"2026-04-16T03:07:19","modified_gmt":"2026-04-16T00:07:19","slug":"kralicenin-kenti-cesm-i-cihan-amasra","status":"publish","type":"product","link":"https:\/\/roveyayinevi.com.tr\/index.php\/urun\/kralicenin-kenti-cesm-i-cihan-amasra\/","title":{"rendered":"Krali\u00e7enin Kenti \u00c7e\u015fm-i Cihan Amasra"},"content":{"rendered":"<p>Pers \u0130mparatoru III.Darius\u2019un ye\u011feni B\u00fcy\u00fck \u0130skender\u2019in bald\u0131z\u0131 Amastris , eski Sesamos\u2019un yerine kendi ad\u0131yla an\u0131lacak Amasra\u2019y\u0131 kurdu. Burada 14 y\u0131l (M.\u00d6.300-286) krali\u00e7elik etti. Kurucu Amastris, ad\u0131na kesilen bronz paralarda: taht\u0131nda otururken avcundaki kanatl\u0131 melek Eros, ba\u015f\u0131na alt\u0131n tac koymak i\u00e7in havalanm\u0131\u015f, taht\u0131n\u0131n \u00f6n\u00fcnde t\u0131ls\u0131ml\u0131 \u00e7i\u00e7ek lotus, yan\u0131n egemenlik as\u00e2s\u0131, bu betimlemeyi iki yanda \u00e7er\u00e7eveleyen Grek\u00e7e s\u00f6zc\u00fckler \u201cBasilisis\u201d, \u201cAmastris\u201dtir. Bu krali\u00e7enin, M\u00d6 3oo y\u0131l\u0131nda Bat\u0131 Karadeniz k\u0131y\u0131s\u0131ndaki Sesamos\u2019un yerine yazl\u0131k bir kent kurarak ba\u011f\u0131ms\u0131zl\u0131\u011f\u0131n\u0131 ilan etmesi, Amasra tarihinin en parlak sayfas\u0131d\u0131r. 1966 da yay\u0131mlanan \u00c7e\u015fm-i Cihan Amasra\u2019n\u0131n, kimi eklemelerle bu 4. bask\u0131s\u0131nda da T\u00fcrkiye\u2019de k\u0131y\u0131 turizminin Amasra\u2019da ba\u015flay\u0131\u015f\u0131,  Milat \u00f6ncesinden 20. Y\u00fczy\u0131la de\u011fin tarih i\u00e7erikli anlat\u0131l\u0131yor.<\/p>\n","protected":false},"excerpt":{"rendered":"<p>Pers \u0130mparatoru III.Darius\u2019un ye\u011feni B\u00fcy\u00fck \u0130skender\u2019in bald\u0131z\u0131 Amastris , eski Sesamos\u2019un yerine kendi ad\u0131yla an\u0131lacak Amasra\u2019y\u0131 kurdu. Burada 14 y\u0131l (M.\u00d6.300-286) krali\u00e7elik etti. Kurucu Amastris, ad\u0131na<span class=\"excerpt-hellip\"> [\u2026]<\/span><\/p>\n","protected":false},"featured_media":0,"template":"","meta":{"_monsterinsights_skip_tracking":false,"_monsterinsights_sitenote_active":false,"_monsterinsights_sitenote_note":"","_monsterinsights_sitenote_category":0},"product_brand":[],"product_cat":[12304],"product_tag":[],"class_list":{"0":"post-753791","1":"product","2":"type-product","3":"status-publish","5":"product_cat-tarih","6":"pa_cilt-ciltsiz","7":"pa_tur-kitap","8":"pa_yayinevi-alfa-yayinlari","9":"pa_yazar-necdet-sakaoglu","11":"first","12":"instock","13":"sale","14":"shipping-taxable","15":"purchasable","16":"product-type-simple"},"_links":{"self":[{"href":"https:\/\/roveyayinevi.com.tr\/index.php\/wp-json\/wp\/v2\/product\/753791","targetHints":{"allow":["GET"]}}],"collection":[{"href":"https:\/\/roveyayinevi.com.tr\/index.php\/wp-json\/wp\/v2\/product"}],"about":[{"href":"https:\/\/roveyayinevi.com.tr\/index.php\/wp-json\/wp\/v2\/types\/product"}],"wp:attachment":[{"href":"https:\/\/roveyayinevi.com.tr\/index.php\/wp-json\/wp\/v2\/media?parent=753791"}],"wp:term":[{"taxonomy":"product_brand","embeddable":true,"href":"https:\/\/roveyayinevi.com.tr\/index.php\/wp-json\/wp\/v2\/product_brand?post=753791"},{"taxonomy":"product_cat","embeddable":true,"href":"https:\/\/roveyayinevi.com.tr\/index.php\/wp-json\/wp\/v2\/product_cat?post=753791"},{"taxonomy":"product_tag","embeddable":true,"href":"https:\/\/roveyayinevi.com.tr\/index.php\/wp-json\/wp\/v2\/product_tag?post=753791"}],"curies":[{"name":"wp","href":"https:\/\/api.w.org\/{rel}","templated":true}]}}