{"id":753790,"date":"2025-08-28T05:52:51","date_gmt":"2025-08-28T02:52:51","guid":{"rendered":"https:\/\/roveyayinevi.com.tr\/index.php\/urun\/hayat-veren-kilic\/"},"modified":"2026-04-16T03:07:19","modified_gmt":"2026-04-16T00:07:19","slug":"hayat-veren-kilic","status":"publish","type":"product","link":"https:\/\/roveyayinevi.com.tr\/index.php\/urun\/hayat-veren-kilic\/","title":{"rendered":"Hayat Veren K\u0131l\u0131\u00e7"},"content":{"rendered":"<p>K\u0131l\u0131\u00e7 e\u011fitmeni ve iki \u015fogunun askeri ve siyasi dan\u0131\u015fman\u0131 olan, on yedinci y\u00fczy\u0131l\u0131n efsanevi k\u0131l\u0131\u00e7 ustas\u0131 Yagyu Munenori\u2019nin d\u00f6v\u00fc\u015f yetene\u011fine ve politik g\u00fcc\u00fcne ra\u011fmen hayat\u0131 Zen \u00f6\u011fretileriyle ge\u00e7ti. Bu \u00f6\u011fretiler, onun k\u0131l\u0131\u00e7 d\u00f6v\u00fc\u015f\u00fcne derin ruhani yakla\u015f\u0131m\u0131n\u0131n \u00e7er\u00e7evesini olu\u015fturdu. Munenori, k\u0131l\u0131\u00e7 tekniklerinde \u00f6\u011frenciyi tam bir insana d\u00f6n\u00fc\u015ft\u00fcrmenin yollar\u0131n\u0131 buldu.   Munenori\u2019nin fikirleri genel olarak iki temel \u00fczerine kurulmu\u015ftur. Ki\u015finin rakibini ger\u00e7ek d\u00f6v\u00fc\u015ften ziyade ruhani haz\u0131rl\u0131\u011f\u0131yla kontrol etme fikri ve zihnin her \u015feyden, hatta d\u00fc\u015fmandan bile \u00f6zg\u00fcr olmas\u0131 gerekti\u011fini s\u00f6yleyen &#8220;K\u0131l\u0131\u00e7 Yoktur&#8221; fikri.   K\u0131l\u0131\u00e7 kullanma teknik ve taktikleri \u00fczerine bir rehber niteli\u011finde gibi g\u00f6r\u00fcnen bu kitap, insan ili\u015fkileri, y\u00f6netim stratejileri, i\u015f hayat\u0131 ve g\u00fcnl\u00fck hayattaki \u00e7at\u0131\u015fmalarda rahatl\u0131kla uygulanabilecek \u00f6\u011f\u00fctler i\u00e7eren de\u011ferli bir eserdir. <\/p>\n","protected":false},"excerpt":{"rendered":"<p>K\u0131l\u0131\u00e7 e\u011fitmeni ve iki \u015fogunun askeri ve siyasi dan\u0131\u015fman\u0131 olan, on yedinci y\u00fczy\u0131l\u0131n efsanevi k\u0131l\u0131\u00e7 ustas\u0131 Yagyu Munenori\u2019nin d\u00f6v\u00fc\u015f yetene\u011fine ve politik g\u00fcc\u00fcne ra\u011fmen hayat\u0131 Zen<span class=\"excerpt-hellip\"> [\u2026]<\/span><\/p>\n","protected":false},"featured_media":0,"template":"","meta":{"_monsterinsights_skip_tracking":false,"_monsterinsights_sitenote_active":false,"_monsterinsights_sitenote_note":"","_monsterinsights_sitenote_category":0},"product_brand":[],"product_cat":[12388],"product_tag":[],"class_list":{"0":"post-753790","1":"product","2":"type-product","3":"status-publish","5":"product_cat-felsefe","6":"pa_cilt-ciltsiz","7":"pa_tur-kitap","8":"pa_yayinevi-maya-kitap","9":"pa_yazar-yagyu-munenori","11":"first","12":"instock","13":"sale","14":"shipping-taxable","15":"purchasable","16":"product-type-simple"},"_links":{"self":[{"href":"https:\/\/roveyayinevi.com.tr\/index.php\/wp-json\/wp\/v2\/product\/753790","targetHints":{"allow":["GET"]}}],"collection":[{"href":"https:\/\/roveyayinevi.com.tr\/index.php\/wp-json\/wp\/v2\/product"}],"about":[{"href":"https:\/\/roveyayinevi.com.tr\/index.php\/wp-json\/wp\/v2\/types\/product"}],"wp:attachment":[{"href":"https:\/\/roveyayinevi.com.tr\/index.php\/wp-json\/wp\/v2\/media?parent=753790"}],"wp:term":[{"taxonomy":"product_brand","embeddable":true,"href":"https:\/\/roveyayinevi.com.tr\/index.php\/wp-json\/wp\/v2\/product_brand?post=753790"},{"taxonomy":"product_cat","embeddable":true,"href":"https:\/\/roveyayinevi.com.tr\/index.php\/wp-json\/wp\/v2\/product_cat?post=753790"},{"taxonomy":"product_tag","embeddable":true,"href":"https:\/\/roveyayinevi.com.tr\/index.php\/wp-json\/wp\/v2\/product_tag?post=753790"}],"curies":[{"name":"wp","href":"https:\/\/api.w.org\/{rel}","templated":true}]}}