{"id":753788,"date":"2025-08-28T05:52:49","date_gmt":"2025-08-28T02:52:49","guid":{"rendered":"https:\/\/roveyayinevi.com.tr\/index.php\/urun\/irade-ve-ozgurluk-eylem-ve-deger\/"},"modified":"2026-04-16T03:07:19","modified_gmt":"2026-04-16T00:07:19","slug":"irade-ve-ozgurluk-eylem-ve-deger","status":"publish","type":"product","link":"https:\/\/roveyayinevi.com.tr\/index.php\/urun\/irade-ve-ozgurluk-eylem-ve-deger\/","title":{"rendered":"\u0130rade ve \u00d6zg\u00fcrl\u00fck Eylem ve De\u011fer"},"content":{"rendered":"<p>Din\u00ee d\u00fc\u015f\u00fcnce gelene\u011fi teklifi, insan\u0131n yarat\u0131c\u0131s\u0131n\u0131 bilip tan\u0131d\u0131\u011f\u0131 ve pratikte ona kulluk etti\u011fi bir dizgiye yerle\u015ftirmi\u015ftir. M\u00fckellefiyetin eylem boyutu, insan\u0131n neleri yap\u0131p yapmamas\u0131 gerekti\u011fi sorusuna verilecek cevaba g\u00f6re \u015fekillenir. Fakat bu normatif \u00e7er\u00e7evenin ba\u011fl\u0131 oldu\u011fu bir meta-etik alan s\u00f6z konusudur. Bu ba\u011flamda &#8221;ahlakla ilgili yarg\u0131lar\u0131n niteli\u011fi ve kayna\u011f\u0131 nedir?&#8221; sorusu,&#8221; insan\u0131n davran\u0131\u015flar\u0131n\u0131 ahlaka konu etmeyi m\u00fcmk\u00fcn k\u0131lan \u015fey nedir?&#8221; sorusu taraf\u0131ndan \u00f6ncelenmi\u015f olur. Birincisi eylemin de\u011feri ve bu de\u011ferin kayna\u011f\u0131, ikincisi ise irade ve \u00f6zg\u00fcrl\u00fck sorunuyla ilintilidir. Bu \u00e7al\u0131\u015fma her iki meseleyi de soru\u015fturma imkan\u0131 sa\u011flayan mukaddim\u00e2t-\u0131 erbaa tart\u0131\u015fmalar\u0131na ili\u015fkin bir kavram, problem, arg\u00fcman ve yakla\u015f\u0131m haritas\u0131 ortaya \u00e7\u0131karma amac\u0131 ta\u015f\u0131maktad\u0131r. <\/p>\n","protected":false},"excerpt":{"rendered":"<p>Din\u00ee d\u00fc\u015f\u00fcnce gelene\u011fi teklifi, insan\u0131n yarat\u0131c\u0131s\u0131n\u0131 bilip tan\u0131d\u0131\u011f\u0131 ve pratikte ona kulluk etti\u011fi bir dizgiye yerle\u015ftirmi\u015ftir. M\u00fckellefiyetin eylem boyutu, insan\u0131n neleri yap\u0131p yapmamas\u0131 gerekti\u011fi sorusuna verilecek<span class=\"excerpt-hellip\"> [\u2026]<\/span><\/p>\n","protected":false},"featured_media":0,"template":"","meta":{"_monsterinsights_skip_tracking":false,"_monsterinsights_sitenote_active":false,"_monsterinsights_sitenote_note":"","_monsterinsights_sitenote_category":0},"product_brand":[],"product_cat":[12718],"product_tag":[],"class_list":{"0":"post-753788","1":"product","2":"type-product","3":"status-publish","5":"product_cat-din","6":"pa_cilt-ciltsiz","7":"pa_tur-kitap","8":"pa_yayinevi-soncag-akademik-kitaplar","9":"pa_yazar-murat-kas","11":"first","12":"instock","13":"sale","14":"shipping-taxable","15":"purchasable","16":"product-type-simple"},"_links":{"self":[{"href":"https:\/\/roveyayinevi.com.tr\/index.php\/wp-json\/wp\/v2\/product\/753788","targetHints":{"allow":["GET"]}}],"collection":[{"href":"https:\/\/roveyayinevi.com.tr\/index.php\/wp-json\/wp\/v2\/product"}],"about":[{"href":"https:\/\/roveyayinevi.com.tr\/index.php\/wp-json\/wp\/v2\/types\/product"}],"wp:attachment":[{"href":"https:\/\/roveyayinevi.com.tr\/index.php\/wp-json\/wp\/v2\/media?parent=753788"}],"wp:term":[{"taxonomy":"product_brand","embeddable":true,"href":"https:\/\/roveyayinevi.com.tr\/index.php\/wp-json\/wp\/v2\/product_brand?post=753788"},{"taxonomy":"product_cat","embeddable":true,"href":"https:\/\/roveyayinevi.com.tr\/index.php\/wp-json\/wp\/v2\/product_cat?post=753788"},{"taxonomy":"product_tag","embeddable":true,"href":"https:\/\/roveyayinevi.com.tr\/index.php\/wp-json\/wp\/v2\/product_tag?post=753788"}],"curies":[{"name":"wp","href":"https:\/\/api.w.org\/{rel}","templated":true}]}}