{"id":753785,"date":"2025-08-28T05:52:44","date_gmt":"2025-08-28T02:52:44","guid":{"rendered":"https:\/\/roveyayinevi.com.tr\/index.php\/urun\/gizli-kutular\/"},"modified":"2026-04-16T03:07:19","modified_gmt":"2026-04-16T00:07:19","slug":"gizli-kutular","status":"publish","type":"product","link":"https:\/\/roveyayinevi.com.tr\/index.php\/urun\/gizli-kutular\/","title":{"rendered":"Gizli Kutular"},"content":{"rendered":"<p>Hepimizin hik\u00e2yesi asl\u0131nda anne rahmine bile d\u00fc\u015fmeden \u00e7ok zaman \u00f6nce, ebeveynlerimizin bir \u00e7ocuk d\u00fcnyaya getirme fikriyle ba\u015fl\u0131yor. Ebeveynin zihnindeki, hayalindeki bebek h\u00e2liyle d\u00fcnyaya geliyoruz. Bir nevi f\u0131rlat\u0131l\u0131yoruz hatta. F\u0131rlat\u0131ld\u0131\u011f\u0131m\u0131z bu d\u00fcnyada s\u0131cak, sevecen, kapsay\u0131c\u0131 kollar varsa \u00e7i\u00e7ek bah\u00e7esine d\u00f6n\u00fc\u015f\u00fcyor d\u00fcnya. Yok, e\u011fer bir \u015fekilde o kollar\u0131 hissedemiyorsak, biraz \u00e7orakla\u015f\u0131yor daha en ba\u015flang\u0131c\u0131nda ser\u00fcvenimiz.   Uzman Klinik Psikolog Nihan Arda\u2019n\u0131n mesleki deneyim ve ki\u015fisel tasvirleri ile harmanlad\u0131\u011f\u0131 bu kitap, sa\u011fl\u0131kl\u0131 bir yeti\u015fkin olma yolunda herkese rehber olacak niteliktedir. Ba\u011flanma t\u00fcrlerimiz, gizli kutular\u0131m\u0131z, duygular\u0131m\u0131z\u0131 fark edebilmemiz gibi bir\u00e7ok konu, bilimsel altyap\u0131s\u0131 ile ortaya konulurken, yazar\u0131n yal\u0131n dili sayesinde bir ba\u015f ucu kitab\u0131na d\u00f6n\u00fc\u015f\u00fcyor.   \u201cBu \u00f6yle bir kutuymu\u015f ki \u00e7ocukken i\u00e7ine ne yaz\u0131l\u0131p kapat\u0131l\u0131rsa, hayat\u0131n boyunca hep o yaz\u0131y\u0131 yaz\u0131p, kutuya koydu\u011fun g\u00fcn\u00fc hat\u0131rlatacak olaylar ve insanlar kar\u015f\u0131na \u00e7\u0131karm\u0131\u015f.\u201d<\/p>\n","protected":false},"excerpt":{"rendered":"<p>Hepimizin hik\u00e2yesi asl\u0131nda anne rahmine bile d\u00fc\u015fmeden \u00e7ok zaman \u00f6nce, ebeveynlerimizin bir \u00e7ocuk d\u00fcnyaya getirme fikriyle ba\u015fl\u0131yor. Ebeveynin zihnindeki, hayalindeki bebek h\u00e2liyle d\u00fcnyaya geliyoruz. Bir nevi<span class=\"excerpt-hellip\"> [\u2026]<\/span><\/p>\n","protected":false},"featured_media":0,"template":"","meta":{"_monsterinsights_skip_tracking":false,"_monsterinsights_sitenote_active":false,"_monsterinsights_sitenote_note":"","_monsterinsights_sitenote_category":0},"product_brand":[],"product_cat":[12357],"product_tag":[],"class_list":{"0":"post-753785","1":"product","2":"type-product","3":"status-publish","5":"product_cat-psikoloji","6":"pa_cilt-ciltsiz","7":"pa_tur-kitap","8":"pa_yayinevi-luna-yayinlari","9":"pa_yazar-nihan-arda","11":"first","12":"instock","13":"sale","14":"shipping-taxable","15":"purchasable","16":"product-type-simple"},"_links":{"self":[{"href":"https:\/\/roveyayinevi.com.tr\/index.php\/wp-json\/wp\/v2\/product\/753785","targetHints":{"allow":["GET"]}}],"collection":[{"href":"https:\/\/roveyayinevi.com.tr\/index.php\/wp-json\/wp\/v2\/product"}],"about":[{"href":"https:\/\/roveyayinevi.com.tr\/index.php\/wp-json\/wp\/v2\/types\/product"}],"wp:attachment":[{"href":"https:\/\/roveyayinevi.com.tr\/index.php\/wp-json\/wp\/v2\/media?parent=753785"}],"wp:term":[{"taxonomy":"product_brand","embeddable":true,"href":"https:\/\/roveyayinevi.com.tr\/index.php\/wp-json\/wp\/v2\/product_brand?post=753785"},{"taxonomy":"product_cat","embeddable":true,"href":"https:\/\/roveyayinevi.com.tr\/index.php\/wp-json\/wp\/v2\/product_cat?post=753785"},{"taxonomy":"product_tag","embeddable":true,"href":"https:\/\/roveyayinevi.com.tr\/index.php\/wp-json\/wp\/v2\/product_tag?post=753785"}],"curies":[{"name":"wp","href":"https:\/\/api.w.org\/{rel}","templated":true}]}}