{"id":753784,"date":"2025-08-28T05:52:43","date_gmt":"2025-08-28T02:52:43","guid":{"rendered":"https:\/\/roveyayinevi.com.tr\/index.php\/urun\/benim-adim-mimi-i-am-mimi\/"},"modified":"2026-04-16T03:07:19","modified_gmt":"2026-04-16T00:07:19","slug":"benim-adim-mimi-i-am-mimi","status":"publish","type":"product","link":"https:\/\/roveyayinevi.com.tr\/index.php\/urun\/benim-adim-mimi-i-am-mimi\/","title":{"rendered":"Benim Ad\u0131m Mimi (I am Mimi)"},"content":{"rendered":"<p>Mira, daha \u00f6nce g\u00f6rd\u00fc\u011f\u00fc kedi dostu Mimi\u2019yi bir t\u00fcrl\u00fc akl\u0131ndan \u00e7\u0131karamam\u0131\u015ft\u0131. Ailesi onu sat\u0131n alsa ne g\u00fczel olurdu! O da neydi! Pencereden bir sokak kedisi ona m\u0131 bak\u0131yordu! Yoksa o Mimi miydi? Yo&#8230; Yo&#8230; De\u011fildi. Ama bu sokak kedisi de en az Mimi kadar g\u00fczeldi.   \u0130layda Ta\u015fk\u0131n Akkoyun\u2019dan sokak hayvanlar\u0131n\u0131n sahiplendirilmesine dikkat \u00e7eken, s\u0131cac\u0131k bir hik\u00e2ye&#8230;   \u201cMira, hayvanlar\u0131 seven bir \u00e7ocuktur ve hik\u00e2yeyi okuyan \u00e7ocuklar\u0131n hayvan sevgisini peki\u015ftirmek a\u00e7\u0131s\u0131ndan olumlu bir modeldir. Hik\u00e2ye, Mira ve sokak kedisi Mimi aras\u0131ndaki sevgi ili\u015fkisi ile sokak hayvanlar\u0131na yuva olmay\u0131 vurgulamas\u0131 a\u00e7\u0131s\u0131ndan \u00f6nemlidir.\u201d G\u00f6k\u00e7em Elif Karanfil Psikolojik Dan\u0131\u015fman ve Oyun Terapisti<\/p>\n","protected":false},"excerpt":{"rendered":"<p>Mira, daha \u00f6nce g\u00f6rd\u00fc\u011f\u00fc kedi dostu Mimi\u2019yi bir t\u00fcrl\u00fc akl\u0131ndan \u00e7\u0131karamam\u0131\u015ft\u0131. Ailesi onu sat\u0131n alsa ne g\u00fczel olurdu! O da neydi! Pencereden bir sokak kedisi ona<span class=\"excerpt-hellip\"> [\u2026]<\/span><\/p>\n","protected":false},"featured_media":0,"template":"","meta":{"_monsterinsights_skip_tracking":false,"_monsterinsights_sitenote_active":false,"_monsterinsights_sitenote_note":"","_monsterinsights_sitenote_category":0},"product_brand":[],"product_cat":[12274,12284],"product_tag":[],"class_list":{"0":"post-753784","1":"product","2":"type-product","3":"status-publish","5":"product_cat-cocuk-ve-genclik-kitaplari","6":"product_cat-hikayeler","7":"pa_cilt-ciltsiz","8":"pa_tur-kitap","9":"pa_yayinevi-luna-cocuk-yayinlari","10":"pa_yazar-ilayda-taskin-akkoyun","12":"first","13":"instock","14":"sale","15":"shipping-taxable","16":"purchasable","17":"product-type-simple"},"_links":{"self":[{"href":"https:\/\/roveyayinevi.com.tr\/index.php\/wp-json\/wp\/v2\/product\/753784","targetHints":{"allow":["GET"]}}],"collection":[{"href":"https:\/\/roveyayinevi.com.tr\/index.php\/wp-json\/wp\/v2\/product"}],"about":[{"href":"https:\/\/roveyayinevi.com.tr\/index.php\/wp-json\/wp\/v2\/types\/product"}],"wp:attachment":[{"href":"https:\/\/roveyayinevi.com.tr\/index.php\/wp-json\/wp\/v2\/media?parent=753784"}],"wp:term":[{"taxonomy":"product_brand","embeddable":true,"href":"https:\/\/roveyayinevi.com.tr\/index.php\/wp-json\/wp\/v2\/product_brand?post=753784"},{"taxonomy":"product_cat","embeddable":true,"href":"https:\/\/roveyayinevi.com.tr\/index.php\/wp-json\/wp\/v2\/product_cat?post=753784"},{"taxonomy":"product_tag","embeddable":true,"href":"https:\/\/roveyayinevi.com.tr\/index.php\/wp-json\/wp\/v2\/product_tag?post=753784"}],"curies":[{"name":"wp","href":"https:\/\/api.w.org\/{rel}","templated":true}]}}