{"id":753783,"date":"2025-08-28T05:52:41","date_gmt":"2025-08-28T02:52:41","guid":{"rendered":"https:\/\/roveyayinevi.com.tr\/index.php\/urun\/her-kacik-yalan-soyler\/"},"modified":"2026-04-16T03:07:19","modified_gmt":"2026-04-16T00:07:19","slug":"her-kacik-yalan-soyler","status":"publish","type":"product","link":"https:\/\/roveyayinevi.com.tr\/index.php\/urun\/her-kacik-yalan-soyler\/","title":{"rendered":"Her Ka\u00e7\u0131k Yalan S\u00f6yler"},"content":{"rendered":"<p>\u0130htiya\u00e7 duymaktan utanmak istemiyordu ama ne de olsa do\u011farak ruhumuz bile bir v\u00fccuda s\u0131\u011f\u0131nma ihtiyac\u0131n\u0131 yerine getirmi\u015f oluyordu. Bir\u00e7o\u011fu \u00e7ok d\u00fc\u015f\u00fcnmek halinden cesareti k\u0131r\u0131lm\u0131\u015f olarak geri d\u00f6ner; bir\u00e7o\u011fu da \u00e7ok d\u00fc\u015f\u00fcnmemeyi esas kabul eder ve hatalar\u0131n\u0131 \u00e7ok ge\u00e7 anlarlar; en zay\u0131f karakterli olanlar\u0131, ama\u00e7lar\u0131n\u0131 ve kendilerini d\u00fc\u015f\u00fcnmeme yolunda kaybederler; ama en g\u00fc\u00e7l\u00fcleri, yani d\u00fc\u015f\u00fcnmekten ka\u00e7mayanlar\u0131 ise m\u00fccadeleye devam eder ve tehlike ve yenilgiden sonra, sonunda bu d\u00fcnyan\u0131n bize verebilece\u011fi en iyi ba\u015far\u0131y\u0131, kendini tan\u0131ma, kendini kontrol etme ve kendine yard\u0131m etme a\u00e7\u0131s\u0131ndan zengin, cesur ve ne\u015feli bir ruha sahip olmay\u0131 kazan\u0131rlar. Buna inan\u0131yordu.<\/p>\n","protected":false},"excerpt":{"rendered":"<p>\u0130htiya\u00e7 duymaktan utanmak istemiyordu ama ne de olsa do\u011farak ruhumuz bile bir v\u00fccuda s\u0131\u011f\u0131nma ihtiyac\u0131n\u0131 yerine getirmi\u015f oluyordu. Bir\u00e7o\u011fu \u00e7ok d\u00fc\u015f\u00fcnmek halinden cesareti k\u0131r\u0131lm\u0131\u015f olarak geri<span class=\"excerpt-hellip\"> [\u2026]<\/span><\/p>\n","protected":false},"featured_media":0,"template":"","meta":{"_monsterinsights_skip_tracking":false,"_monsterinsights_sitenote_active":false,"_monsterinsights_sitenote_note":"","_monsterinsights_sitenote_category":0},"product_brand":[],"product_cat":[12291,12711],"product_tag":[],"class_list":{"0":"post-753783","1":"product","2":"type-product","3":"status-publish","5":"product_cat-edebiyat","6":"product_cat-roman-oyku","7":"pa_cilt-ciltsiz","8":"pa_tur-kitap","9":"pa_yayinevi-luna-yayinlari","10":"pa_yazar-fidan-gozacan","12":"first","13":"instock","14":"sale","15":"shipping-taxable","16":"purchasable","17":"product-type-simple"},"_links":{"self":[{"href":"https:\/\/roveyayinevi.com.tr\/index.php\/wp-json\/wp\/v2\/product\/753783","targetHints":{"allow":["GET"]}}],"collection":[{"href":"https:\/\/roveyayinevi.com.tr\/index.php\/wp-json\/wp\/v2\/product"}],"about":[{"href":"https:\/\/roveyayinevi.com.tr\/index.php\/wp-json\/wp\/v2\/types\/product"}],"wp:attachment":[{"href":"https:\/\/roveyayinevi.com.tr\/index.php\/wp-json\/wp\/v2\/media?parent=753783"}],"wp:term":[{"taxonomy":"product_brand","embeddable":true,"href":"https:\/\/roveyayinevi.com.tr\/index.php\/wp-json\/wp\/v2\/product_brand?post=753783"},{"taxonomy":"product_cat","embeddable":true,"href":"https:\/\/roveyayinevi.com.tr\/index.php\/wp-json\/wp\/v2\/product_cat?post=753783"},{"taxonomy":"product_tag","embeddable":true,"href":"https:\/\/roveyayinevi.com.tr\/index.php\/wp-json\/wp\/v2\/product_tag?post=753783"}],"curies":[{"name":"wp","href":"https:\/\/api.w.org\/{rel}","templated":true}]}}