{"id":753782,"date":"2025-08-28T05:52:38","date_gmt":"2025-08-28T02:52:38","guid":{"rendered":"https:\/\/roveyayinevi.com.tr\/index.php\/urun\/elif-2\/"},"modified":"2026-04-15T03:17:13","modified_gmt":"2026-04-15T00:17:13","slug":"elif-2","status":"publish","type":"product","link":"https:\/\/roveyayinevi.com.tr\/index.php\/urun\/elif-2\/","title":{"rendered":"Elif"},"content":{"rendered":"<p>\u0130nsan imrenerek ya\u015far. Bir eve, bir arabaya ya da bir a\u015fka. Ev, araba olmasa da A\u015fkta eksik kalan insan Hep hasta\u2026 Bir rendedir zaman, \u0130nsan\u0131 ufalay\u0131p durur. Ge\u00e7en t\u00fcm y\u0131llar Bizlere bir mutluluk bor\u00e7ludur\u2026   Alaca\u011f\u0131m\u0131z olsun\u2026<\/p>\n","protected":false},"excerpt":{"rendered":"<p>\u0130nsan imrenerek ya\u015far. Bir eve, bir arabaya ya da bir a\u015fka. Ev, araba olmasa da A\u015fkta eksik kalan insan Hep hasta\u2026 Bir rendedir zaman, \u0130nsan\u0131 ufalay\u0131p<span class=\"excerpt-hellip\"> [\u2026]<\/span><\/p>\n","protected":false},"featured_media":0,"template":"","meta":{"_monsterinsights_skip_tracking":false,"_monsterinsights_sitenote_active":false,"_monsterinsights_sitenote_note":"","_monsterinsights_sitenote_category":0},"product_brand":[],"product_cat":[12291,12711],"product_tag":[],"class_list":{"0":"post-753782","1":"product","2":"type-product","3":"status-publish","5":"product_cat-edebiyat","6":"product_cat-roman-oyku","7":"pa_cilt-ciltsiz","8":"pa_tur-kitap","9":"pa_yayinevi-luna-yayinlari","10":"pa_yazar-mustafa-oguzhan-canal","12":"first","13":"instock","14":"sale","15":"shipping-taxable","16":"purchasable","17":"product-type-simple"},"_links":{"self":[{"href":"https:\/\/roveyayinevi.com.tr\/index.php\/wp-json\/wp\/v2\/product\/753782","targetHints":{"allow":["GET"]}}],"collection":[{"href":"https:\/\/roveyayinevi.com.tr\/index.php\/wp-json\/wp\/v2\/product"}],"about":[{"href":"https:\/\/roveyayinevi.com.tr\/index.php\/wp-json\/wp\/v2\/types\/product"}],"wp:attachment":[{"href":"https:\/\/roveyayinevi.com.tr\/index.php\/wp-json\/wp\/v2\/media?parent=753782"}],"wp:term":[{"taxonomy":"product_brand","embeddable":true,"href":"https:\/\/roveyayinevi.com.tr\/index.php\/wp-json\/wp\/v2\/product_brand?post=753782"},{"taxonomy":"product_cat","embeddable":true,"href":"https:\/\/roveyayinevi.com.tr\/index.php\/wp-json\/wp\/v2\/product_cat?post=753782"},{"taxonomy":"product_tag","embeddable":true,"href":"https:\/\/roveyayinevi.com.tr\/index.php\/wp-json\/wp\/v2\/product_tag?post=753782"}],"curies":[{"name":"wp","href":"https:\/\/api.w.org\/{rel}","templated":true}]}}