{"id":753778,"date":"2025-08-28T05:52:30","date_gmt":"2025-08-28T02:52:30","guid":{"rendered":"https:\/\/roveyayinevi.com.tr\/index.php\/urun\/futbol-boyama-ve-etkinlik-kitabi\/"},"modified":"2026-04-16T03:07:18","modified_gmt":"2026-04-16T00:07:18","slug":"futbol-boyama-ve-etkinlik-kitabi","status":"publish","type":"product","link":"https:\/\/roveyayinevi.com.tr\/index.php\/urun\/futbol-boyama-ve-etkinlik-kitabi\/","title":{"rendered":"Futbol Boyama ve Etkinlik Kitab\u0131"},"content":{"rendered":"<p>Futbol tutkunu \u00e7ocuklar i\u00e7in e\u011flence zaman\u0131! Ma\u00e7 \u00f6ncesi antrenmanlar\u0131 ve ma\u00e7 g\u00fcn\u00fc taraftar bulu\u015fmalar\u0131ndan penalt\u0131 at\u0131\u015flar\u0131 ve \u015fampiyonluk kupas\u0131 t\u00f6renlerine kadar hareketli futbol sahneleriyle dolu bu kitap boyama, resim yapma, kendi tak\u0131m\u0131n\u0131 olu\u015fturma ve daha pek \u00e7ok heyecan verici etkinlik i\u00e7eriyor.<\/p>\n","protected":false},"excerpt":{"rendered":"<p>Futbol tutkunu \u00e7ocuklar i\u00e7in e\u011flence zaman\u0131! Ma\u00e7 \u00f6ncesi antrenmanlar\u0131 ve ma\u00e7 g\u00fcn\u00fc taraftar bulu\u015fmalar\u0131ndan penalt\u0131 at\u0131\u015flar\u0131 ve \u015fampiyonluk kupas\u0131 t\u00f6renlerine kadar hareketli futbol sahneleriyle dolu bu<span class=\"excerpt-hellip\"> [\u2026]<\/span><\/p>\n","protected":false},"featured_media":0,"template":"","meta":{"_monsterinsights_skip_tracking":false,"_monsterinsights_sitenote_active":false,"_monsterinsights_sitenote_note":"","_monsterinsights_sitenote_category":0},"product_brand":[],"product_cat":[12644,12274],"product_tag":[],"class_list":{"0":"post-753778","1":"product","2":"type-product","3":"status-publish","5":"product_cat-boyama-kitaplari","6":"product_cat-cocuk-ve-genclik-kitaplari","7":"pa_cilt-ciltsiz","8":"pa_tur-kitap","9":"pa_yayinevi-1001-cicek-kitaplar","10":"pa_yazar-candice-whatmore","12":"first","13":"instock","14":"sale","15":"shipping-taxable","16":"purchasable","17":"product-type-simple"},"_links":{"self":[{"href":"https:\/\/roveyayinevi.com.tr\/index.php\/wp-json\/wp\/v2\/product\/753778","targetHints":{"allow":["GET"]}}],"collection":[{"href":"https:\/\/roveyayinevi.com.tr\/index.php\/wp-json\/wp\/v2\/product"}],"about":[{"href":"https:\/\/roveyayinevi.com.tr\/index.php\/wp-json\/wp\/v2\/types\/product"}],"wp:attachment":[{"href":"https:\/\/roveyayinevi.com.tr\/index.php\/wp-json\/wp\/v2\/media?parent=753778"}],"wp:term":[{"taxonomy":"product_brand","embeddable":true,"href":"https:\/\/roveyayinevi.com.tr\/index.php\/wp-json\/wp\/v2\/product_brand?post=753778"},{"taxonomy":"product_cat","embeddable":true,"href":"https:\/\/roveyayinevi.com.tr\/index.php\/wp-json\/wp\/v2\/product_cat?post=753778"},{"taxonomy":"product_tag","embeddable":true,"href":"https:\/\/roveyayinevi.com.tr\/index.php\/wp-json\/wp\/v2\/product_tag?post=753778"}],"curies":[{"name":"wp","href":"https:\/\/api.w.org\/{rel}","templated":true}]}}