{"id":753777,"date":"2025-08-28T05:52:29","date_gmt":"2025-08-28T02:52:29","guid":{"rendered":"https:\/\/roveyayinevi.com.tr\/index.php\/urun\/okula-basliyorum-etkinlik-kitabi\/"},"modified":"2026-04-16T03:07:18","modified_gmt":"2026-04-16T00:07:18","slug":"okula-basliyorum-etkinlik-kitabi","status":"publish","type":"product","link":"https:\/\/roveyayinevi.com.tr\/index.php\/urun\/okula-basliyorum-etkinlik-kitabi\/","title":{"rendered":"Okula Ba\u015fl\u0131yorum Etkinlik Kitab\u0131"},"content":{"rendered":"<p>Okula Ba\u015fl\u0131yorum Etkinlik Kitab\u0131, bir s\u00fcr\u00fc boyama, say\u0131 sayma, noktalar\u0131n \u00fcst\u00fcnden ge\u00e7me, \u00e7izgi \u00e7al\u0131\u015fmas\u0131 yapma, renkleri bulma, e\u015fle\u015ftirme, y\u00f6n bulma ve noktalar\u0131 birle\u015ftirme etkinli\u011fi i\u00e7eriyor. Bu kitap sayesinde \u00e7ocuklar, okulda kar\u015f\u0131la\u015facaklar\u0131 durum ve olaylarla ilgili bilgi ve alg\u0131lar\u0131n\u0131 art\u0131racak, say\u0131lar\u0131 tan\u0131ma, say\u0131 sayma ve kalem tutma becerilerini geli\u015ftirecek. Okula yeni ba\u015flayacak \u00e7ocuklar\u0131 okula haz\u0131rlayacak \u00e7ok say\u0131da e\u011flenceli etkinlikle dolu bu kitap, \u00e7ocu\u011funuzun dikkat, el-g\u00f6z koordinasyonu, g\u00f6rsel alg\u0131 ve motor becerilerinin geli\u015fimine katk\u0131 sa\u011flayacak, \u00e7ocuklar bu kitab\u0131 ellerinden d\u00fc\u015f\u00fcrmeyecek!<\/p>\n","protected":false},"excerpt":{"rendered":"<p>Okula Ba\u015fl\u0131yorum Etkinlik Kitab\u0131, bir s\u00fcr\u00fc boyama, say\u0131 sayma, noktalar\u0131n \u00fcst\u00fcnden ge\u00e7me, \u00e7izgi \u00e7al\u0131\u015fmas\u0131 yapma, renkleri bulma, e\u015fle\u015ftirme, y\u00f6n bulma ve noktalar\u0131 birle\u015ftirme etkinli\u011fi i\u00e7eriyor. Bu<span class=\"excerpt-hellip\"> [\u2026]<\/span><\/p>\n","protected":false},"featured_media":0,"template":"","meta":{"_monsterinsights_skip_tracking":false,"_monsterinsights_sitenote_active":false,"_monsterinsights_sitenote_note":"","_monsterinsights_sitenote_category":0},"product_brand":[],"product_cat":[12274,15842],"product_tag":[],"class_list":{"0":"post-753777","1":"product","2":"type-product","3":"status-publish","5":"product_cat-cocuk-ve-genclik-kitaplari","6":"product_cat-egitici-kitaplar","7":"pa_cilt-ciltsiz","8":"pa_tur-kitap","9":"pa_yayinevi-1001-cicek-kitaplar","10":"pa_yazar-jessica-greenwell","12":"first","13":"instock","14":"sale","15":"shipping-taxable","16":"purchasable","17":"product-type-simple"},"_links":{"self":[{"href":"https:\/\/roveyayinevi.com.tr\/index.php\/wp-json\/wp\/v2\/product\/753777","targetHints":{"allow":["GET"]}}],"collection":[{"href":"https:\/\/roveyayinevi.com.tr\/index.php\/wp-json\/wp\/v2\/product"}],"about":[{"href":"https:\/\/roveyayinevi.com.tr\/index.php\/wp-json\/wp\/v2\/types\/product"}],"wp:attachment":[{"href":"https:\/\/roveyayinevi.com.tr\/index.php\/wp-json\/wp\/v2\/media?parent=753777"}],"wp:term":[{"taxonomy":"product_brand","embeddable":true,"href":"https:\/\/roveyayinevi.com.tr\/index.php\/wp-json\/wp\/v2\/product_brand?post=753777"},{"taxonomy":"product_cat","embeddable":true,"href":"https:\/\/roveyayinevi.com.tr\/index.php\/wp-json\/wp\/v2\/product_cat?post=753777"},{"taxonomy":"product_tag","embeddable":true,"href":"https:\/\/roveyayinevi.com.tr\/index.php\/wp-json\/wp\/v2\/product_tag?post=753777"}],"curies":[{"name":"wp","href":"https:\/\/api.w.org\/{rel}","templated":true}]}}