{"id":753776,"date":"2025-08-28T05:52:27","date_gmt":"2025-08-28T02:52:27","guid":{"rendered":"https:\/\/roveyayinevi.com.tr\/index.php\/urun\/benim-duygularim-ve-annem\/"},"modified":"2026-04-16T03:07:18","modified_gmt":"2026-04-16T00:07:18","slug":"benim-duygularim-ve-annem","status":"publish","type":"product","link":"https:\/\/roveyayinevi.com.tr\/index.php\/urun\/benim-duygularim-ve-annem\/","title":{"rendered":"Benim Duygular\u0131m ve Annem"},"content":{"rendered":"<p>Bazen bir duygu f\u0131rt\u0131nas\u0131 y\u00fcz\u00fcnden kara bulutlar \u00fc\u015f\u00fc\u015f\u00fcr ba\u015f\u0131ma. Annemin s\u00f6yledi\u011fine g\u00f6re bu f\u0131rt\u0131nalar aniden \u00e7\u0131kar, bulut ve ya\u011fmur getirirmi\u015f. Bunu \u00f6nlemek m\u00fcmk\u00fcn de\u011filmi\u015f. . Fakat f\u0131rt\u0131na bulutlar\u0131n\u0131n y\u00fck\u00fc a\u011f\u0131r gibi g\u00f6r\u00fcnse de \u00fcstesinden gelebilece\u011fimi s\u00f6yler. Onun da bazen ba\u015f\u0131nda \u015fim\u015fekler \u00e7akar. Bu y\u00fczden b\u00f6yle anlarda nas\u0131l hissetti\u011fimi ve ne yapabilece\u011fimi \u00e7ok iyi bilir. Hep yan\u0131mda durur, bana yol g\u00f6sterir. Sevgi ve empati sayesinde \u00fcz\u00fcnt\u00fcn\u00fcn, hayal k\u0131r\u0131kl\u0131\u011f\u0131n\u0131n \u00fcstesinden nas\u0131l gelinebilece\u011fini g\u00f6steren s\u0131cac\u0131k bir \u00f6yk\u00fc.<\/p>\n","protected":false},"excerpt":{"rendered":"<p>Bazen bir duygu f\u0131rt\u0131nas\u0131 y\u00fcz\u00fcnden kara bulutlar \u00fc\u015f\u00fc\u015f\u00fcr ba\u015f\u0131ma. Annemin s\u00f6yledi\u011fine g\u00f6re bu f\u0131rt\u0131nalar aniden \u00e7\u0131kar, bulut ve ya\u011fmur getirirmi\u015f. Bunu \u00f6nlemek m\u00fcmk\u00fcn de\u011filmi\u015f. . Fakat<span class=\"excerpt-hellip\"> [\u2026]<\/span><\/p>\n","protected":false},"featured_media":0,"template":"","meta":{"_monsterinsights_skip_tracking":false,"_monsterinsights_sitenote_active":false,"_monsterinsights_sitenote_note":"","_monsterinsights_sitenote_category":0},"product_brand":[],"product_cat":[12274,12284],"product_tag":[],"class_list":{"0":"post-753776","1":"product","2":"type-product","3":"status-publish","5":"product_cat-cocuk-ve-genclik-kitaplari","6":"product_cat-hikayeler","7":"pa_cilt-ciltsiz","8":"pa_tur-kitap","9":"pa_yayinevi-1001-cicek-kitaplar","10":"pa_yazar-bea-taboada","12":"first","13":"instock","14":"sale","15":"shipping-taxable","16":"purchasable","17":"product-type-simple"},"_links":{"self":[{"href":"https:\/\/roveyayinevi.com.tr\/index.php\/wp-json\/wp\/v2\/product\/753776","targetHints":{"allow":["GET"]}}],"collection":[{"href":"https:\/\/roveyayinevi.com.tr\/index.php\/wp-json\/wp\/v2\/product"}],"about":[{"href":"https:\/\/roveyayinevi.com.tr\/index.php\/wp-json\/wp\/v2\/types\/product"}],"wp:attachment":[{"href":"https:\/\/roveyayinevi.com.tr\/index.php\/wp-json\/wp\/v2\/media?parent=753776"}],"wp:term":[{"taxonomy":"product_brand","embeddable":true,"href":"https:\/\/roveyayinevi.com.tr\/index.php\/wp-json\/wp\/v2\/product_brand?post=753776"},{"taxonomy":"product_cat","embeddable":true,"href":"https:\/\/roveyayinevi.com.tr\/index.php\/wp-json\/wp\/v2\/product_cat?post=753776"},{"taxonomy":"product_tag","embeddable":true,"href":"https:\/\/roveyayinevi.com.tr\/index.php\/wp-json\/wp\/v2\/product_tag?post=753776"}],"curies":[{"name":"wp","href":"https:\/\/api.w.org\/{rel}","templated":true}]}}